{"id":5119,"date":"2023-10-01T17:08:46","date_gmt":"2023-10-01T15:08:46","guid":{"rendered":"https:\/\/veganova.eu\/?post_type=product&#038;p=5119"},"modified":"2026-04-21T07:24:34","modified_gmt":"2026-04-21T05:24:34","slug":"doctors-best-lutein-with-optilut-10mg-120-kaps","status":"publish","type":"product","link":"https:\/\/veganova.eu\/fr\/shop\/doctors-best-lutein-with-optilut-10mg-120-kaps\/","title":{"rendered":"Doctor's Best Lut\u00e9ine avec OptiLut, 10mg (120 g\u00e9lules)"},"content":{"rendered":"<h3>Doctor's Best Lutein avec OptiLut<\/h3>\n<ul>\n<li>La lut\u00e9ine Doctor's Best maintient une fonction visuelle saine, favorise la densit\u00e9 du pigment maculaire et soutient l'acuit\u00e9 cognitive.<\/li>\n<li>OptiLut est un concentr\u00e9 de lut\u00e9ine 100% naturelle obtenu \u00e0 partir d'un extrait de souci (Tagetes erecta) par un proc\u00e9d\u00e9 de purification sans aucune transformation chimique.<\/li>\n<li>Fournit une source naturelle hautement biodisponible d'esters de lut\u00e9ine et de z\u00e9axanthine.<\/li>\n<li>La lut\u00e9ine et la z\u00e9axanthine sont deux des principaux carot\u00e9no\u00efdes pr\u00e9sents chez l'homme et sont fortement concentr\u00e9s dans la r\u00e9tine de l'\u0153il humain.<\/li>\n<li>La lut\u00e9ine est le principal carot\u00e9no\u00efde pr\u00e9sent dans le sang humain, avec une concentration \u00e9lev\u00e9e dans la r\u00e9tine de l'\u0153il humain.<\/li>\n<li>La lut\u00e9ine et la z\u00e9axanthine agissent en synergie pour favoriser la sant\u00e9 oculaire.<\/li>\n<li>La lut\u00e9ine et la z\u00e9axanthine sont \u00e9galement de puissants neutralisateurs de radicaux libres qui contribuent au spectre des d\u00e9fenses antioxydantes de l'organisme.<\/li>\n<li>On a constat\u00e9 que ces deux nutriments r\u00e9duisaient les dommages caus\u00e9s par les rayons UV aux cellules \u00e9pith\u00e9liales du cristallin.<\/li>\n<\/ul>","protected":false},"excerpt":{"rendered":"<p>Le suppl\u00e9ment nutritionnel v\u00e9g\u00e9talien Doctor's Best Lutein with OptiLut, 10mg soutient des fonctions visuelles saines. L'emballage contient : 120 g\u00e9lules. Sans gluten, sans OGM.<\/p>","protected":false},"featured_media":53376,"comment_status":"closed","ping_status":"closed","template":"","meta":{"advanced_seo_description":"","jetpack_seo_html_title":"","jetpack_seo_noindex":false},"pwb-brand":[147],"product_brand":[4565],"product_cat":[284,152],"product_tag":[599,601,602,603],"class_list":{"0":"post-5119","1":"product","2":"type-product","3":"status-publish","4":"has-post-thumbnail","6":"pwb-brand-doctors-best","7":"product_brand-doctors-best","8":"product_cat-trace-elements","9":"product_cat-vitamins-and-minerals","10":"product_tag-gluten-free","11":"product_tag-non-gmo","12":"product_tag-vegan","13":"product_tag-vege","14":"brand_woo-doctors-best","16":"first","17":"instock","18":"taxable","19":"shipping-taxable","20":"purchasable","21":"product-type-simple"},"jetpack_sharing_enabled":true,"brands":[{"id":147,"name":"Doctor's Best","slug":"doctors-best"}],"_links":{"self":[{"href":"https:\/\/veganova.eu\/fr\/wp-json\/wp\/v2\/product\/5119","targetHints":{"allow":["GET"]}}],"collection":[{"href":"https:\/\/veganova.eu\/fr\/wp-json\/wp\/v2\/product"}],"about":[{"href":"https:\/\/veganova.eu\/fr\/wp-json\/wp\/v2\/types\/product"}],"replies":[{"embeddable":true,"href":"https:\/\/veganova.eu\/fr\/wp-json\/wp\/v2\/comments?post=5119"}],"version-history":[{"count":1,"href":"https:\/\/veganova.eu\/fr\/wp-json\/wp\/v2\/product\/5119\/revisions"}],"predecessor-version":[{"id":58232,"href":"https:\/\/veganova.eu\/fr\/wp-json\/wp\/v2\/product\/5119\/revisions\/58232"}],"wp:featuredmedia":[{"embeddable":true,"href":"https:\/\/veganova.eu\/fr\/wp-json\/wp\/v2\/media\/53376"}],"wp:attachment":[{"href":"https:\/\/veganova.eu\/fr\/wp-json\/wp\/v2\/media?parent=5119"}],"wp:term":[{"taxonomy":"pwb-brand","embeddable":true,"href":"https:\/\/veganova.eu\/fr\/wp-json\/wp\/v2\/pwb-brand?post=5119"},{"taxonomy":"product_brand","embeddable":true,"href":"https:\/\/veganova.eu\/fr\/wp-json\/wp\/v2\/product_brand?post=5119"},{"taxonomy":"product_cat","embeddable":true,"href":"https:\/\/veganova.eu\/fr\/wp-json\/wp\/v2\/product_cat?post=5119"},{"taxonomy":"product_tag","embeddable":true,"href":"https:\/\/veganova.eu\/fr\/wp-json\/wp\/v2\/product_tag?post=5119"}],"curies":[{"name":"wp","href":"https:\/\/api.w.org\/{rel}","templated":true}]}}