{"id":5121,"date":"2023-10-01T17:08:47","date_gmt":"2023-10-01T15:08:47","guid":{"rendered":"https:\/\/veganova.eu\/?post_type=product&#038;p=5121"},"modified":"2026-04-21T07:24:34","modified_gmt":"2026-04-21T05:24:34","slug":"doctors-best-msm-with-optimsm-vegan-1500mg-120-tab","status":"publish","type":"product","link":"https:\/\/veganova.eu\/fr\/shop\/doctors-best-msm-with-optimsm-vegan-1500mg-120-tab\/","title":{"rendered":"Doctor's Best MSM avec OptiMSM Vegan, 1500mg (120 tab)"},"content":{"rendered":"<h3>Doctor's Best MSM avec OptiMSM Vegan, 1500mg (120 tab)<\/h3>\n<p>Nutrition fond\u00e9e sur la science<br \/>\nSoutient les articulations, les cheveux, la peau et les ongles vibrants<br \/>\nCompl\u00e9ment alimentaire<br \/>\nV\u00e9g\u00e9talien<br \/>\nSans OGM \/ Sans gluten \/ Sans soja<\/p>\n<p>Le MSM avec OptiMSM fournit du soufre connu pour \u00eatre le \"min\u00e9ral de beaut\u00e9\" de la nature. Le soufre est un composant cl\u00e9 du collag\u00e8ne qui soutient la structure de la peau et est un \u00e9l\u00e9ment constitutif de la k\u00e9ratine, un constituant important des cheveux et des ongles.<\/p>\n<p>Ce produit contient un MSM (m\u00e9thylsulfonylm\u00e9thane) de haute qualit\u00e9, \u00e9tay\u00e9 par de nombreuses \u00e9tudes cliniques. Le MSM contribue \u00e0 la formation de tissus conjonctifs sains, \u00e0 la sant\u00e9 globale des articulations et \u00e0 la mobilit\u00e9.<\/p>\n<p>Soutient :<br \/>\nUne sant\u00e9 globale pour des cheveux, une peau et des ongles \u00e9clatants<br \/>\nConfort et mobilit\u00e9 des articulations<br \/>\nD\u00e9fenses antioxydantes<\/p>","protected":false},"excerpt":{"rendered":"<p>Le suppl\u00e9ment nutritionnel v\u00e9g\u00e9talien Doctor's Best MSM avec OptiMSM Vegan, 1500 mg, convient \u00e0 une alimentation saine (aide \u00e0 augmenter l'autonomie), \u00e0 une peau saine et au soutien de l'immunit\u00e9. L'emballage contient : 120 comprim\u00e9s. Sans gluten, sans OGM.<\/p>","protected":false},"featured_media":53000,"comment_status":"closed","ping_status":"closed","template":"","meta":{"advanced_seo_description":"","jetpack_seo_html_title":"","jetpack_seo_noindex":false},"pwb-brand":[147],"product_brand":[4565],"product_cat":[284,152],"product_tag":[1423,1238,1117,1424],"class_list":{"0":"post-5121","1":"product","2":"type-product","3":"status-publish","4":"has-post-thumbnail","6":"pwb-brand-doctors-best","7":"product_brand-doctors-best","8":"product_cat-trace-elements","9":"product_cat-vitamins-and-minerals","10":"product_tag-diseases","11":"product_tag-flexibility","12":"product_tag-immunity","13":"product_tag-plea","14":"brand_woo-doctors-best","16":"first","17":"instock","18":"taxable","19":"shipping-taxable","20":"purchasable","21":"product-type-simple"},"jetpack_sharing_enabled":true,"brands":[{"id":147,"name":"Doctor's Best","slug":"doctors-best"}],"_links":{"self":[{"href":"https:\/\/veganova.eu\/fr\/wp-json\/wp\/v2\/product\/5121","targetHints":{"allow":["GET"]}}],"collection":[{"href":"https:\/\/veganova.eu\/fr\/wp-json\/wp\/v2\/product"}],"about":[{"href":"https:\/\/veganova.eu\/fr\/wp-json\/wp\/v2\/types\/product"}],"replies":[{"embeddable":true,"href":"https:\/\/veganova.eu\/fr\/wp-json\/wp\/v2\/comments?post=5121"}],"version-history":[{"count":1,"href":"https:\/\/veganova.eu\/fr\/wp-json\/wp\/v2\/product\/5121\/revisions"}],"predecessor-version":[{"id":58234,"href":"https:\/\/veganova.eu\/fr\/wp-json\/wp\/v2\/product\/5121\/revisions\/58234"}],"wp:featuredmedia":[{"embeddable":true,"href":"https:\/\/veganova.eu\/fr\/wp-json\/wp\/v2\/media\/53000"}],"wp:attachment":[{"href":"https:\/\/veganova.eu\/fr\/wp-json\/wp\/v2\/media?parent=5121"}],"wp:term":[{"taxonomy":"pwb-brand","embeddable":true,"href":"https:\/\/veganova.eu\/fr\/wp-json\/wp\/v2\/pwb-brand?post=5121"},{"taxonomy":"product_brand","embeddable":true,"href":"https:\/\/veganova.eu\/fr\/wp-json\/wp\/v2\/product_brand?post=5121"},{"taxonomy":"product_cat","embeddable":true,"href":"https:\/\/veganova.eu\/fr\/wp-json\/wp\/v2\/product_cat?post=5121"},{"taxonomy":"product_tag","embeddable":true,"href":"https:\/\/veganova.eu\/fr\/wp-json\/wp\/v2\/product_tag?post=5121"}],"curies":[{"name":"wp","href":"https:\/\/api.w.org\/{rel}","templated":true}]}}