{"id":5124,"date":"2023-10-01T17:08:48","date_gmt":"2023-10-01T15:08:48","guid":{"rendered":"https:\/\/veganova.eu\/?post_type=product&#038;p=5124"},"modified":"2026-04-27T02:22:33","modified_gmt":"2026-04-27T00:22:33","slug":"doctors-best-nattokinase-2000-fus-90-kaps","status":"publish","type":"product","link":"https:\/\/veganova.eu\/fr\/shop\/doctors-best-nattokinase-2000-fus-90-kaps\/","title":{"rendered":"Doctor's Best Nattokinase, 2000 FUs (90 g\u00e9lules)"},"content":{"rendered":"<h3>Doctor's Best Nattokinase<\/h3>\n<ul>\n<li>Doctor's Best Nattokinase est une enzyme fibrinolytique d\u00e9riv\u00e9e du \"natto\", un aliment traditionnel japonais.<\/li>\n<li>Au cours du processus de production du natto, la bact\u00e9rie amicale Bacillus subtilis fermente les f\u00e8ves de soja cuites non OGM en produisant de la nattokinase.<\/li>\n<li>La Nattokinase aide l'organisme \u00e0 maintenir une circulation saine.<\/li>\n<li>Une fonction circulatoire saine est essentielle \u00e0 la sant\u00e9 cardiovasculaire et cardiaque.<\/li>\n<li>La nattokinase favorise une bonne circulation dans les vaisseaux sanguins.<\/li>\n<li>Il aide l'organisme \u00e0 assurer une bonne circulation sanguine, ce qui peut favoriser la sant\u00e9 g\u00e9n\u00e9rale du c\u0153ur, du cerveau et des muscles gr\u00e2ce \u00e0 la circulation sanguine et donc \u00e0 l'apport vital d'oxyg\u00e8ne \u00e0 tous les organes.<\/li>\n<\/ul>","protected":false},"excerpt":{"rendered":"<p>Le suppl\u00e9ment nutritionnel v\u00e9g\u00e9talien Doctor's Best Nattokinase, 2000 FU, favorise une circulation sanguine saine et la sant\u00e9 g\u00e9n\u00e9rale du cerveau, du c\u0153ur et des muscles. L'emballage contient : 90 capsules. Sans gluten, sans OGM.<\/p>","protected":false},"featured_media":17050,"comment_status":"closed","ping_status":"closed","template":"","meta":{"advanced_seo_description":"","jetpack_seo_html_title":"","jetpack_seo_noindex":false},"pwb-brand":[147],"product_brand":[4565],"product_cat":[597,152],"product_tag":[1221,1157,1158,1208,1153],"class_list":{"0":"post-5124","1":"product","2":"type-product","3":"status-publish","4":"has-post-thumbnail","6":"pwb-brand-doctors-best","7":"product_brand-doctors-best","8":"product_cat-body-immunity","9":"product_cat-vitamins-and-minerals","10":"product_tag-brain","11":"product_tag-circulation","12":"product_tag-heart","13":"product_tag-muscles","14":"product_tag-vessels","15":"brand_woo-doctors-best","17":"first","18":"instock","19":"taxable","20":"shipping-taxable","21":"purchasable","22":"product-type-simple"},"jetpack_sharing_enabled":true,"brands":[{"id":147,"name":"Doctor's Best","slug":"doctors-best"}],"_links":{"self":[{"href":"https:\/\/veganova.eu\/fr\/wp-json\/wp\/v2\/product\/5124","targetHints":{"allow":["GET"]}}],"collection":[{"href":"https:\/\/veganova.eu\/fr\/wp-json\/wp\/v2\/product"}],"about":[{"href":"https:\/\/veganova.eu\/fr\/wp-json\/wp\/v2\/types\/product"}],"replies":[{"embeddable":true,"href":"https:\/\/veganova.eu\/fr\/wp-json\/wp\/v2\/comments?post=5124"}],"version-history":[{"count":1,"href":"https:\/\/veganova.eu\/fr\/wp-json\/wp\/v2\/product\/5124\/revisions"}],"predecessor-version":[{"id":58237,"href":"https:\/\/veganova.eu\/fr\/wp-json\/wp\/v2\/product\/5124\/revisions\/58237"}],"wp:featuredmedia":[{"embeddable":true,"href":"https:\/\/veganova.eu\/fr\/wp-json\/wp\/v2\/media\/17050"}],"wp:attachment":[{"href":"https:\/\/veganova.eu\/fr\/wp-json\/wp\/v2\/media?parent=5124"}],"wp:term":[{"taxonomy":"pwb-brand","embeddable":true,"href":"https:\/\/veganova.eu\/fr\/wp-json\/wp\/v2\/pwb-brand?post=5124"},{"taxonomy":"product_brand","embeddable":true,"href":"https:\/\/veganova.eu\/fr\/wp-json\/wp\/v2\/product_brand?post=5124"},{"taxonomy":"product_cat","embeddable":true,"href":"https:\/\/veganova.eu\/fr\/wp-json\/wp\/v2\/product_cat?post=5124"},{"taxonomy":"product_tag","embeddable":true,"href":"https:\/\/veganova.eu\/fr\/wp-json\/wp\/v2\/product_tag?post=5124"}],"curies":[{"name":"wp","href":"https:\/\/api.w.org\/{rel}","templated":true}]}}