{"id":5127,"date":"2023-10-01T17:08:51","date_gmt":"2023-10-01T15:08:51","guid":{"rendered":"https:\/\/veganova.eu\/?post_type=product&#038;p=5127"},"modified":"2026-04-21T07:24:34","modified_gmt":"2026-04-21T05:24:34","slug":"doctors-best-pepzin-gi-120-kaps","status":"publish","type":"product","link":"https:\/\/veganova.eu\/fr\/shop\/doctors-best-pepzin-gi-120-kaps\/","title":{"rendered":"Doctor's Best PepZin GI (120 g\u00e9lules)"},"content":{"rendered":"<h3>Doctor's Best PepZin GI (120 g\u00e9lules)<\/h3>\n<p>Qu'est-ce que Doctor's Best PepZin GI ?<br \/>\nDoctor's Best PepZin GI est un complexe de zinc et de L-carnosine qui favorise une fonction gastrique saine. PepZin GI agit en soutenant l'int\u00e9grit\u00e9 des cellules de l'estomac et favorise les s\u00e9cr\u00e9tions de mucus des cellules de l'estomac tout en maintenant un \u00e9quilibre bact\u00e9rien sain dans le tractus gastro-intestinal. Doctor's Best PepZin GI aide \u00e0 soulager les malaises gastriques occasionnels.<\/p>\n<p>Comment cela fonctionne-t-il ?<br \/>\nPepZin GI utilise une forme ch\u00e9lat\u00e9e sp\u00e9ciale du min\u00e9ral zinc qui a la capacit\u00e9 unique d'exercer ses effets directement sur les cellules de la paroi de l'estomac. Lorsque le zinc est complex\u00e9 \u00e0 la L-Carnosine, il se dissocie plus lentement dans l'estomac. Cette existence prolong\u00e9e lui permet de maintenir son effet de soutien gastrique pendant une p\u00e9riode plus longue. PepZin GI peut aider \u00e0 maintenir l'\u00e9quilibre bact\u00e9rien de l'estomac et du tractus gastro-intestinal. Des \u00e9tudes sugg\u00e8rent que le zinc-L-Carnosine soutient l'\u00e9quilibre bact\u00e9rien dans l'estomac et aide \u00e0 maintenir une muqueuse saine.<\/p>\n<p>Pourquoi devrais-je prendre Doctor's Best PepZin GI ?<br \/>\nPlus de 60 millions d'Am\u00e9ricains ont des probl\u00e8mes de sant\u00e9 digestive. Doctor's Best PepZin GI peut aider \u00e0 soulager l'inconfort gastrique occasionnel en favorisant la sant\u00e9 de la muqueuse et de l'environnement gastriques. Des \u00e9tudes ont montr\u00e9 une am\u00e9lioration de plusieurs sympt\u00f4mes, y compris les br\u00fblures d'estomac occasionnelles, la sensibilit\u00e9, la diarrh\u00e9e et la constipation.<\/p>","protected":false},"excerpt":{"rendered":"<p>Le suppl\u00e9ment nutritionnel v\u00e9g\u00e9talien Doctor's Best PepZin GI est id\u00e9al pour soutenir la digestion, pour un environnement sain dans les intestins et pour un tube digestif sain. L'emballage contient : 120 capsules. Sans gluten, sans OGM.<\/p>","protected":false},"featured_media":52995,"comment_status":"closed","ping_status":"closed","template":"","meta":{"advanced_seo_description":"","jetpack_seo_html_title":"","jetpack_seo_noindex":false},"pwb-brand":[147],"product_brand":[4565],"product_cat":[596,152],"product_tag":[1067,903,1277,1356,1425],"class_list":{"0":"post-5127","1":"product","2":"type-product","3":"status-publish","4":"has-post-thumbnail","6":"pwb-brand-doctors-best","7":"product_brand-doctors-best","8":"product_cat-digestion","9":"product_cat-vitamins-and-minerals","10":"product_tag-digestion","11":"product_tag-digestive-tract","12":"product_tag-intestinal-problems","13":"product_tag-intestinal-restoration","14":"product_tag-stomach-problems","15":"brand_woo-doctors-best","17":"first","18":"instock","19":"taxable","20":"shipping-taxable","21":"purchasable","22":"product-type-simple"},"jetpack_sharing_enabled":true,"brands":[{"id":147,"name":"Doctor's Best","slug":"doctors-best"}],"_links":{"self":[{"href":"https:\/\/veganova.eu\/fr\/wp-json\/wp\/v2\/product\/5127","targetHints":{"allow":["GET"]}}],"collection":[{"href":"https:\/\/veganova.eu\/fr\/wp-json\/wp\/v2\/product"}],"about":[{"href":"https:\/\/veganova.eu\/fr\/wp-json\/wp\/v2\/types\/product"}],"replies":[{"embeddable":true,"href":"https:\/\/veganova.eu\/fr\/wp-json\/wp\/v2\/comments?post=5127"}],"version-history":[{"count":1,"href":"https:\/\/veganova.eu\/fr\/wp-json\/wp\/v2\/product\/5127\/revisions"}],"predecessor-version":[{"id":58240,"href":"https:\/\/veganova.eu\/fr\/wp-json\/wp\/v2\/product\/5127\/revisions\/58240"}],"wp:featuredmedia":[{"embeddable":true,"href":"https:\/\/veganova.eu\/fr\/wp-json\/wp\/v2\/media\/52995"}],"wp:attachment":[{"href":"https:\/\/veganova.eu\/fr\/wp-json\/wp\/v2\/media?parent=5127"}],"wp:term":[{"taxonomy":"pwb-brand","embeddable":true,"href":"https:\/\/veganova.eu\/fr\/wp-json\/wp\/v2\/pwb-brand?post=5127"},{"taxonomy":"product_brand","embeddable":true,"href":"https:\/\/veganova.eu\/fr\/wp-json\/wp\/v2\/product_brand?post=5127"},{"taxonomy":"product_cat","embeddable":true,"href":"https:\/\/veganova.eu\/fr\/wp-json\/wp\/v2\/product_cat?post=5127"},{"taxonomy":"product_tag","embeddable":true,"href":"https:\/\/veganova.eu\/fr\/wp-json\/wp\/v2\/product_tag?post=5127"}],"curies":[{"name":"wp","href":"https:\/\/api.w.org\/{rel}","templated":true}]}}