{"id":5131,"date":"2023-10-01T17:08:52","date_gmt":"2023-10-01T15:08:52","guid":{"rendered":"https:\/\/veganova.eu\/?post_type=product&#038;p=5131"},"modified":"2026-04-21T07:24:34","modified_gmt":"2026-04-21T05:24:34","slug":"doctors-best-pure-vitamin-c-powder-with-quali-c-250g","status":"publish","type":"product","link":"https:\/\/veganova.eu\/fr\/shop\/doctors-best-pure-vitamin-c-powder-with-quali-c-250g\/","title":{"rendered":"Doctor's Best Vitamine C pure en poudre avec Quali-C (250g)"},"content":{"rendered":"<h3>Doctor's Best Vitamine C pure en poudre avec Quali-C<\/h3>\n<ul>\n<li>La vitamine C de Doctor's Best avec Quali-C soutient l'immunit\u00e9, le syst\u00e8me cardiovasculaire et est essentielle pour les articulations et les autres tissus conjonctifs.<\/li>\n<li>Doctor's Best utilise Quali-C, une marque d'acide ascorbique fabriqu\u00e9e en \u00c9cosse et appr\u00e9ci\u00e9e pour sa qualit\u00e9 et sa fiabilit\u00e9.<\/li>\n<li>L'acide ascorbique est inestimable pour l'organisme en raison de son r\u00f4le de donneur d'\u00e9lectrons qui soutient un certain nombre d'enzymes m\u00e9taboliques et augmente en outre le potentiel antioxydant global de l'organisme.<\/li>\n<li>Elle est essentielle \u00e0 la synth\u00e8se du collag\u00e8ne, de la carnitine et de certains transmetteurs chimiques du cerveau.<\/li>\n<li>La recherche clinique confirme le soutien essentiel de la vitamine C pour le cerveau, les yeux, le c\u0153ur et la circulation sanguine, le syst\u00e8me immunitaire et tous les autres organes du corps.<\/li>\n<\/ul>","protected":false},"excerpt":{"rendered":"<p>Le suppl\u00e9ment nutritionnel v\u00e9g\u00e9talien Doctor's Best Pure Vitamin C Powder with Quali-C vous fournira une dose de haute qualit\u00e9 de vitamine C pure pour soutenir l'immunit\u00e9 et r\u00e9duire l'inflammation. L'emballage contient : 250g (poudre). Sans gluten, sans OGM.<\/p>","protected":false},"featured_media":53367,"comment_status":"closed","ping_status":"closed","template":"","meta":{"advanced_seo_description":"","jetpack_seo_html_title":"","jetpack_seo_noindex":false},"pwb-brand":[147],"product_brand":[4565],"product_cat":[597,2600,153,152],"product_tag":[1167,854,860,1117,1155],"class_list":{"0":"post-5131","1":"product","2":"type-product","3":"status-publish","4":"has-post-thumbnail","6":"pwb-brand-doctors-best","7":"product_brand-doctors-best","8":"product_cat-body-immunity","9":"product_cat-inflammation","10":"product_cat-vitamins","11":"product_cat-vitamins-and-minerals","12":"product_tag-blood-vessels","13":"product_tag-collagen-booster","14":"product_tag-energy","15":"product_tag-immunity","16":"product_tag-inflammation","17":"brand_woo-doctors-best","19":"first","20":"instock","21":"taxable","22":"shipping-taxable","23":"purchasable","24":"product-type-simple"},"jetpack_sharing_enabled":true,"brands":[{"id":147,"name":"Doctor's Best","slug":"doctors-best"}],"_links":{"self":[{"href":"https:\/\/veganova.eu\/fr\/wp-json\/wp\/v2\/product\/5131","targetHints":{"allow":["GET"]}}],"collection":[{"href":"https:\/\/veganova.eu\/fr\/wp-json\/wp\/v2\/product"}],"about":[{"href":"https:\/\/veganova.eu\/fr\/wp-json\/wp\/v2\/types\/product"}],"replies":[{"embeddable":true,"href":"https:\/\/veganova.eu\/fr\/wp-json\/wp\/v2\/comments?post=5131"}],"version-history":[{"count":1,"href":"https:\/\/veganova.eu\/fr\/wp-json\/wp\/v2\/product\/5131\/revisions"}],"predecessor-version":[{"id":58244,"href":"https:\/\/veganova.eu\/fr\/wp-json\/wp\/v2\/product\/5131\/revisions\/58244"}],"wp:featuredmedia":[{"embeddable":true,"href":"https:\/\/veganova.eu\/fr\/wp-json\/wp\/v2\/media\/53367"}],"wp:attachment":[{"href":"https:\/\/veganova.eu\/fr\/wp-json\/wp\/v2\/media?parent=5131"}],"wp:term":[{"taxonomy":"pwb-brand","embeddable":true,"href":"https:\/\/veganova.eu\/fr\/wp-json\/wp\/v2\/pwb-brand?post=5131"},{"taxonomy":"product_brand","embeddable":true,"href":"https:\/\/veganova.eu\/fr\/wp-json\/wp\/v2\/product_brand?post=5131"},{"taxonomy":"product_cat","embeddable":true,"href":"https:\/\/veganova.eu\/fr\/wp-json\/wp\/v2\/product_cat?post=5131"},{"taxonomy":"product_tag","embeddable":true,"href":"https:\/\/veganova.eu\/fr\/wp-json\/wp\/v2\/product_tag?post=5131"}],"curies":[{"name":"wp","href":"https:\/\/api.w.org\/{rel}","templated":true}]}}