{"id":5132,"date":"2023-10-01T17:08:52","date_gmt":"2023-10-01T15:08:52","guid":{"rendered":"https:\/\/veganova.eu\/?post_type=product&#038;p=5132"},"modified":"2026-04-21T07:24:34","modified_gmt":"2026-04-21T05:24:34","slug":"doctors-best-sam-e-200mg-60-tablets","status":"publish","type":"product","link":"https:\/\/veganova.eu\/fr\/shop\/doctors-best-sam-e-200mg-60-tablets\/","title":{"rendered":"Doctor's Best SAM-e, 200mg (60 comprim\u00e9s)"},"content":{"rendered":"<h3>Doctor's Best SAM-e<\/h3>\n<ul>\n<li>Il est prouv\u00e9 que la SAM-e de Doctor's Best am\u00e9liore l'humeur et soutient la sant\u00e9 cognitive.<\/li>\n<li>Elle est essentielle au bon fonctionnement du m\u00e9tabolisme des principaux transporteurs de la dopamine, de la s\u00e9rotonine et de la noradr\u00e9naline dans le cerveau.<\/li>\n<li>En outre, la SAM-e favorise le confort et la mobilit\u00e9 des articulations, ainsi que la sant\u00e9 et la d\u00e9toxification du foie.<\/li>\n<li>La SAM-e de Doctor's Best est de qualit\u00e9 pharmaceutique.<\/li>\n<li>Aide \u00e0 lutter contre l'insomnie et la d\u00e9pression.<\/li>\n<li>La prise d'un suppl\u00e9ment de SAM-e de Doctor's Best peut vous aider et am\u00e9liorer votre qualit\u00e9 de vie.<\/li>\n<\/ul>","protected":false},"excerpt":{"rendered":"<p>Le suppl\u00e9ment nutritionnel v\u00e9g\u00e9tarien Doctor's Best SAM-e, 200 mg, favorise un sommeil sain, une bonne humeur, des articulations saines - augmente la mobilit\u00e9, un foie sain - favorise la d\u00e9sintoxication, ainsi que des fonctions nerveuses et c\u00e9r\u00e9brales saines. L'emballage contient : 60 comprim\u00e9s. Sans gluten, sans OGM.<\/p>","protected":false},"featured_media":53365,"comment_status":"closed","ping_status":"closed","template":"","meta":{"advanced_seo_description":"","jetpack_seo_html_title":"","jetpack_seo_noindex":false},"pwb-brand":[147],"product_brand":[4565],"product_cat":[152],"product_tag":[1311,1037,1146,1147,1269,1154,1251],"class_list":{"0":"post-5132","1":"product","2":"type-product","3":"status-publish","4":"has-post-thumbnail","6":"pwb-brand-doctors-best","7":"product_brand-doctors-best","8":"product_cat-vitamins-and-minerals","9":"product_tag-brain-functions","10":"product_tag-detox","11":"product_tag-good-mood","12":"product_tag-insomnia","13":"product_tag-joints","14":"product_tag-liver","15":"product_tag-nerve-functions","16":"brand_woo-doctors-best","18":"first","19":"instock","20":"sale","21":"taxable","22":"shipping-taxable","23":"purchasable","24":"product-type-simple"},"jetpack_sharing_enabled":true,"brands":[{"id":147,"name":"Doctor's Best","slug":"doctors-best"}],"_links":{"self":[{"href":"https:\/\/veganova.eu\/fr\/wp-json\/wp\/v2\/product\/5132","targetHints":{"allow":["GET"]}}],"collection":[{"href":"https:\/\/veganova.eu\/fr\/wp-json\/wp\/v2\/product"}],"about":[{"href":"https:\/\/veganova.eu\/fr\/wp-json\/wp\/v2\/types\/product"}],"replies":[{"embeddable":true,"href":"https:\/\/veganova.eu\/fr\/wp-json\/wp\/v2\/comments?post=5132"}],"version-history":[{"count":1,"href":"https:\/\/veganova.eu\/fr\/wp-json\/wp\/v2\/product\/5132\/revisions"}],"predecessor-version":[{"id":58245,"href":"https:\/\/veganova.eu\/fr\/wp-json\/wp\/v2\/product\/5132\/revisions\/58245"}],"wp:featuredmedia":[{"embeddable":true,"href":"https:\/\/veganova.eu\/fr\/wp-json\/wp\/v2\/media\/53365"}],"wp:attachment":[{"href":"https:\/\/veganova.eu\/fr\/wp-json\/wp\/v2\/media?parent=5132"}],"wp:term":[{"taxonomy":"pwb-brand","embeddable":true,"href":"https:\/\/veganova.eu\/fr\/wp-json\/wp\/v2\/pwb-brand?post=5132"},{"taxonomy":"product_brand","embeddable":true,"href":"https:\/\/veganova.eu\/fr\/wp-json\/wp\/v2\/product_brand?post=5132"},{"taxonomy":"product_cat","embeddable":true,"href":"https:\/\/veganova.eu\/fr\/wp-json\/wp\/v2\/product_cat?post=5132"},{"taxonomy":"product_tag","embeddable":true,"href":"https:\/\/veganova.eu\/fr\/wp-json\/wp\/v2\/product_tag?post=5132"}],"curies":[{"name":"wp","href":"https:\/\/api.w.org\/{rel}","templated":true}]}}