{"id":5167,"date":"2023-10-01T17:09:07","date_gmt":"2023-10-01T15:09:07","guid":{"rendered":"https:\/\/veganova.eu\/?post_type=product&#038;p=5167"},"modified":"2026-04-21T07:24:37","modified_gmt":"2026-04-21T05:24:37","slug":"life-extension-melatonin-3mg-60-kaps","status":"publish","type":"product","link":"https:\/\/veganova.eu\/fr\/shop\/life-extension-melatonin-3mg-60-kaps\/","title":{"rendered":"Life Extension Melatonin, 3mg (60 g\u00e9lules)"},"content":{"rendered":"<h3>Life Extension Melatonin, 3mg (60 g\u00e9lules)<\/h3>\n<p>Qu'est-ce que la m\u00e9latonine ?<br \/>\nLa m\u00e9latonine est une hormone d\u00e9riv\u00e9e de l'acide amin\u00e9 tryptophane. Synth\u00e9tis\u00e9e principalement dans la glande pin\u00e9ale, la m\u00e9latonine est lib\u00e9r\u00e9e surtout la nuit pour faciliter l'endormissement. En plus de favoriser un sommeil sain, la m\u00e9latonine peut aider \u00e0 inhiber le stress oxydatif afin de promouvoir des fonctions c\u00e9r\u00e9brales saines, la sant\u00e9 immunitaire et bien plus encore.<\/p>\n<p>La m\u00e9latonine acc\u00e9l\u00e8re l'endormissement et am\u00e9liore la qualit\u00e9 du sommeil. Elle offre \u00e9galement une protection puissante contre les radicaux libres.<\/p>\n<p>Les bienfaits de la m\u00e9latonine<br \/>\n- Favorise un sommeil r\u00e9parateur<br \/>\n- Favorise les rythmes circadiens et la fonction immunitaire<br \/>\n- Favorise la sant\u00e9 de l'ADN cellulaire<br \/>\n- Aide \u00e0 inhiber le stress oxydatif et \u00e0 prot\u00e9ger contre les radicaux libres<\/p>\n<p>Pour les insomnies occasionnelles.<\/p>","protected":false},"excerpt":{"rendered":"<p>Compl\u00e9ment alimentaire v\u00e9g\u00e9tarien avec m\u00e9latonine Life Extension Melatonin, 3mg, pour un sommeil de qualit\u00e9 et r\u00e9parateur. L'emballage contient : 60 g\u00e9lules. Sans gluten.<\/p>","protected":false},"featured_media":52963,"comment_status":"closed","ping_status":"closed","template":"","meta":{"advanced_seo_description":"","jetpack_seo_html_title":"","jetpack_seo_noindex":false},"pwb-brand":[168],"product_brand":[4575],"product_cat":[152],"product_tag":[1146,1240,1161,1148],"class_list":{"0":"post-5167","1":"product","2":"type-product","3":"status-publish","4":"has-post-thumbnail","6":"pwb-brand-life-extension","7":"product_brand-life-extension","8":"product_cat-vitamins-and-minerals","9":"product_tag-good-mood","10":"product_tag-healthy-sleep","11":"product_tag-quality-sleep","12":"product_tag-sleep","13":"brand_woo-life-extension","15":"first","16":"instock","17":"taxable","18":"shipping-taxable","19":"purchasable","20":"product-type-simple"},"jetpack_sharing_enabled":true,"brands":[{"id":168,"name":"Life Extension","slug":"life-extension"}],"_links":{"self":[{"href":"https:\/\/veganova.eu\/fr\/wp-json\/wp\/v2\/product\/5167","targetHints":{"allow":["GET"]}}],"collection":[{"href":"https:\/\/veganova.eu\/fr\/wp-json\/wp\/v2\/product"}],"about":[{"href":"https:\/\/veganova.eu\/fr\/wp-json\/wp\/v2\/types\/product"}],"replies":[{"embeddable":true,"href":"https:\/\/veganova.eu\/fr\/wp-json\/wp\/v2\/comments?post=5167"}],"version-history":[{"count":1,"href":"https:\/\/veganova.eu\/fr\/wp-json\/wp\/v2\/product\/5167\/revisions"}],"predecessor-version":[{"id":58277,"href":"https:\/\/veganova.eu\/fr\/wp-json\/wp\/v2\/product\/5167\/revisions\/58277"}],"wp:featuredmedia":[{"embeddable":true,"href":"https:\/\/veganova.eu\/fr\/wp-json\/wp\/v2\/media\/52963"}],"wp:attachment":[{"href":"https:\/\/veganova.eu\/fr\/wp-json\/wp\/v2\/media?parent=5167"}],"wp:term":[{"taxonomy":"pwb-brand","embeddable":true,"href":"https:\/\/veganova.eu\/fr\/wp-json\/wp\/v2\/pwb-brand?post=5167"},{"taxonomy":"product_brand","embeddable":true,"href":"https:\/\/veganova.eu\/fr\/wp-json\/wp\/v2\/product_brand?post=5167"},{"taxonomy":"product_cat","embeddable":true,"href":"https:\/\/veganova.eu\/fr\/wp-json\/wp\/v2\/product_cat?post=5167"},{"taxonomy":"product_tag","embeddable":true,"href":"https:\/\/veganova.eu\/fr\/wp-json\/wp\/v2\/product_tag?post=5167"}],"curies":[{"name":"wp","href":"https:\/\/api.w.org\/{rel}","templated":true}]}}