{"id":5187,"date":"2023-10-01T17:09:18","date_gmt":"2023-10-01T15:09:18","guid":{"rendered":"https:\/\/veganova.eu\/?post_type=product&#038;p=5187"},"modified":"2026-04-21T07:24:38","modified_gmt":"2026-04-21T05:24:38","slug":"now-foods-apple-cider-vinegar-750mg-extra-strength-180-tab","status":"publish","type":"product","link":"https:\/\/veganova.eu\/fr\/shop\/now-foods-apple-cider-vinegar-750mg-extra-strength-180-tab\/","title":{"rendered":"NOW Foods Vinaigre de Cidre de Pommes, 750mg Extra Fort (180 tab)"},"content":{"rendered":"<h3>NOW Foods Vinaigre de Cidre de Pommes, 750mg Extra Fort (180 tab)<\/h3>\n<p>Le vinaigre de cidre de pomme est issu de la fermentation naturelle du cidre de pomme doux. Le vinaigre est utilis\u00e9 dans le monde entier depuis plus de 2000 ans \u00e0 diverses fins culinaires. Plus r\u00e9cemment, il a \u00e9t\u00e9 reconnu pour ses propri\u00e9t\u00e9s acides.<\/p>","protected":false},"excerpt":{"rendered":"<p>Suppl\u00e9ment nutritionnel NOW Foods Vinaigre de cidre de pomme, 750mg extra fort, paquet contient : 180 comprim\u00e9s. Sans gluten, sans OGM.<\/p>","protected":false},"featured_media":52958,"comment_status":"closed","ping_status":"closed","template":"","meta":{"advanced_seo_description":"","jetpack_seo_html_title":"","jetpack_seo_noindex":false},"pwb-brand":[173],"product_brand":[4580],"product_cat":[149],"product_tag":[1067,1117,1275],"class_list":{"0":"post-5187","1":"product","2":"type-product","3":"status-publish","4":"has-post-thumbnail","6":"pwb-brand-now-foods","7":"product_brand-now-foods","8":"product_cat-superfoods","9":"product_tag-digestion","10":"product_tag-immunity","11":"product_tag-intestinal-microflora","12":"brand_woo-now-foods","14":"first","15":"instock","16":"sale","17":"taxable","18":"shipping-taxable","19":"purchasable","20":"product-type-simple"},"jetpack_sharing_enabled":true,"brands":[{"id":173,"name":"NOW Foods","slug":"now-foods"}],"_links":{"self":[{"href":"https:\/\/veganova.eu\/fr\/wp-json\/wp\/v2\/product\/5187","targetHints":{"allow":["GET"]}}],"collection":[{"href":"https:\/\/veganova.eu\/fr\/wp-json\/wp\/v2\/product"}],"about":[{"href":"https:\/\/veganova.eu\/fr\/wp-json\/wp\/v2\/types\/product"}],"replies":[{"embeddable":true,"href":"https:\/\/veganova.eu\/fr\/wp-json\/wp\/v2\/comments?post=5187"}],"version-history":[{"count":1,"href":"https:\/\/veganova.eu\/fr\/wp-json\/wp\/v2\/product\/5187\/revisions"}],"predecessor-version":[{"id":58297,"href":"https:\/\/veganova.eu\/fr\/wp-json\/wp\/v2\/product\/5187\/revisions\/58297"}],"wp:featuredmedia":[{"embeddable":true,"href":"https:\/\/veganova.eu\/fr\/wp-json\/wp\/v2\/media\/52958"}],"wp:attachment":[{"href":"https:\/\/veganova.eu\/fr\/wp-json\/wp\/v2\/media?parent=5187"}],"wp:term":[{"taxonomy":"pwb-brand","embeddable":true,"href":"https:\/\/veganova.eu\/fr\/wp-json\/wp\/v2\/pwb-brand?post=5187"},{"taxonomy":"product_brand","embeddable":true,"href":"https:\/\/veganova.eu\/fr\/wp-json\/wp\/v2\/product_brand?post=5187"},{"taxonomy":"product_cat","embeddable":true,"href":"https:\/\/veganova.eu\/fr\/wp-json\/wp\/v2\/product_cat?post=5187"},{"taxonomy":"product_tag","embeddable":true,"href":"https:\/\/veganova.eu\/fr\/wp-json\/wp\/v2\/product_tag?post=5187"}],"curies":[{"name":"wp","href":"https:\/\/api.w.org\/{rel}","templated":true}]}}