{"id":5191,"date":"2023-10-01T17:09:19","date_gmt":"2023-10-01T15:09:19","guid":{"rendered":"https:\/\/veganova.eu\/?post_type=product&#038;p=5191"},"modified":"2026-04-21T07:24:38","modified_gmt":"2026-04-21T05:24:38","slug":"now-foods-beta-glucans-with-immunenhancer-extra-strength-60-kaps","status":"publish","type":"product","link":"https:\/\/veganova.eu\/fr\/shop\/now-foods-beta-glucans-with-immunenhancer-extra-strength-60-kaps\/","title":{"rendered":"NOW Foods Beta-Glucans with ImmunEnhancer, Extra Strength (60 g\u00e9lules)"},"content":{"rendered":"<h3>NOW Foods B\u00eata-Glucanes avec ImmunEnhancer<\/h3>\n<ul>\n<li>250 mg de b\u00eata-glucanes<\/li>\n<li>Favorise une fonction immunitaire normale<\/li>\n<li>Avec le b\u00eata-1 m\u00e9l\u00e8ze arabinogalactane ,3\/1,6 D-glucane (B\u00eata-glucanes) est un hydrate de carbone bioactif d\u00e9riv\u00e9 de la paroi cellulaire du m\u00e9l\u00e8ze.<\/li>\n<li>Saccharomyces cerevisiae, commun\u00e9ment appel\u00e9e levure de boulangerie.<\/li>\n<li>Des \u00e9tudes scientifiques ont montr\u00e9 que le b\u00eata-1,3\/1,6 D-Glucan favorise un syst\u00e8me immunitaire sain gr\u00e2ce \u00e0 sa capacit\u00e9 \u00e0 maintenir et \u00e0 moduler plusieurs aspects des fonctions immunitaires normales de l'organisme.<\/li>\n<li>NOW Extra Strength Beta-Glucans est compl\u00e9t\u00e9 par ImmunEnhancer, un polysaccharide de poids mol\u00e9culaire \u00e9lev\u00e9 extrait du m\u00e9l\u00e8ze de l'Ouest, qui a \u00e9t\u00e9 \u00e9tudi\u00e9 pour sa capacit\u00e9 \u00e0 promouvoir une r\u00e9ponse immunitaire saine.<\/li>\n<\/ul>","protected":false},"excerpt":{"rendered":"<p>Suppl\u00e9ment nutritionnel v\u00e9g\u00e9talien NOW Foods Beta-Glucans with ImmunEnhancer, Extra Strength, paquet contient : 60 capsules. Sans gluten.<\/p>","protected":false},"featured_media":53355,"comment_status":"closed","ping_status":"closed","template":"","meta":{"advanced_seo_description":"","jetpack_seo_html_title":"","jetpack_seo_noindex":false},"pwb-brand":[173],"product_brand":[4580],"product_cat":[597,2597,152],"product_tag":[1164,1117,1242,1166],"class_list":{"0":"post-5191","1":"product","2":"type-product","3":"status-publish","4":"has-post-thumbnail","6":"pwb-brand-now-foods","7":"product_brand-now-foods","8":"product_cat-body-immunity","9":"product_cat-mushrooms","10":"product_cat-vitamins-and-minerals","11":"product_tag-bacteria","12":"product_tag-immunity","13":"product_tag-medicinal-fungi","14":"product_tag-viruses","15":"brand_woo-now-foods","17":"first","18":"instock","19":"taxable","20":"shipping-taxable","21":"purchasable","22":"product-type-simple"},"jetpack_sharing_enabled":true,"brands":[{"id":173,"name":"NOW Foods","slug":"now-foods"}],"_links":{"self":[{"href":"https:\/\/veganova.eu\/fr\/wp-json\/wp\/v2\/product\/5191","targetHints":{"allow":["GET"]}}],"collection":[{"href":"https:\/\/veganova.eu\/fr\/wp-json\/wp\/v2\/product"}],"about":[{"href":"https:\/\/veganova.eu\/fr\/wp-json\/wp\/v2\/types\/product"}],"replies":[{"embeddable":true,"href":"https:\/\/veganova.eu\/fr\/wp-json\/wp\/v2\/comments?post=5191"}],"version-history":[{"count":1,"href":"https:\/\/veganova.eu\/fr\/wp-json\/wp\/v2\/product\/5191\/revisions"}],"predecessor-version":[{"id":58301,"href":"https:\/\/veganova.eu\/fr\/wp-json\/wp\/v2\/product\/5191\/revisions\/58301"}],"wp:featuredmedia":[{"embeddable":true,"href":"https:\/\/veganova.eu\/fr\/wp-json\/wp\/v2\/media\/53355"}],"wp:attachment":[{"href":"https:\/\/veganova.eu\/fr\/wp-json\/wp\/v2\/media?parent=5191"}],"wp:term":[{"taxonomy":"pwb-brand","embeddable":true,"href":"https:\/\/veganova.eu\/fr\/wp-json\/wp\/v2\/pwb-brand?post=5191"},{"taxonomy":"product_brand","embeddable":true,"href":"https:\/\/veganova.eu\/fr\/wp-json\/wp\/v2\/product_brand?post=5191"},{"taxonomy":"product_cat","embeddable":true,"href":"https:\/\/veganova.eu\/fr\/wp-json\/wp\/v2\/product_cat?post=5191"},{"taxonomy":"product_tag","embeddable":true,"href":"https:\/\/veganova.eu\/fr\/wp-json\/wp\/v2\/product_tag?post=5191"}],"curies":[{"name":"wp","href":"https:\/\/api.w.org\/{rel}","templated":true}]}}