{"id":5195,"date":"2023-10-01T17:09:20","date_gmt":"2023-10-01T15:09:20","guid":{"rendered":"https:\/\/veganova.eu\/?post_type=product&#038;p=5195"},"modified":"2026-04-21T07:24:38","modified_gmt":"2026-04-21T05:24:38","slug":"now-foods-better-stevia-packets-organic-75-packets","status":"publish","type":"product","link":"https:\/\/veganova.eu\/fr\/shop\/now-foods-better-stevia-packets-organic-75-packets\/","title":{"rendered":"NOW Foods Better Stevia packs, Organic (75 bal)"},"content":{"rendered":"<h3>NOW Foods Better Stevia packs, Organic (75 bal)<\/h3>\n<p>M\u00e9lange avec d'autres ingr\u00e9dients<br \/>\n\u00c9dulcorant sans calorie<br \/>\nBetterStevia utilise un extrait de feuille enti\u00e8re qui conserve la douceur pure de la v\u00e9ritable st\u00e9via, contrairement \u00e0 d'autres produits qui ne contiennent que des fractions isol\u00e9es, telles que Rebaudiana A (Reb A). Notre st\u00e9via est trait\u00e9e \u00e0 l'aide d'un traitement enzymatique sp\u00e9cial qui permet d'obtenir un extrait de st\u00e9via propre et d'un go\u00fbt sup\u00e9rieur. L'attention que nous portons \u00e0 la qualit\u00e9 et \u00e0 la fra\u00eecheur donne \u00e0 BetterStevia un go\u00fbt doux et \u00e9quilibr\u00e9, tr\u00e8s proche de celui du sucre pur, sans les calories ni la culpabilit\u00e9. C'est pourquoi nous l'appelons BetterStevia. Essayez-le d\u00e8s aujourd'hui et voyez comme il est doux !<\/p>\n<p>BetterStevia est un \u00e9dulcorant sans calorie, sans OGM, d\u00e9riv\u00e9 des plantes, qui remplace parfaitement le sucre de table et d'autres \u00e9dulcorants alternatifs. BetterStevia est un extrait unique de st\u00e9via \u00e0 feuilles enti\u00e8res qui est facilement utilis\u00e9 par le corps et m\u00e9tabolis\u00e9 de la m\u00eame mani\u00e8re que les nutriments. Avec un go\u00fbt typiquement 60-100 fois plus sucr\u00e9 que le sucre raffin\u00e9, une toute petite quantit\u00e9 suffit pour sucrer vos boissons, aliments et desserts pr\u00e9f\u00e9r\u00e9s ! Cependant, toutes les st\u00e9via ne sont pas identiques. Nous prenons des mesures sp\u00e9ciales pour pr\u00e9server les qualit\u00e9s de la st\u00e9via dans cette st\u00e9via unique et de meilleur go\u00fbt.<\/p>","protected":false},"excerpt":{"rendered":"<p>\u00c9dulcorant v\u00e9g\u00e9talien pour les aliments et les boissons NOW Foods Better Stevia Liquid Organic, st\u00e9via en poudre, l'emballage contient : 237 ml. Sans gluten, sans sucre, sans OGM.<\/p>","protected":false},"featured_media":51622,"comment_status":"closed","ping_status":"closed","template":"","meta":{"advanced_seo_description":"","jetpack_seo_html_title":"","jetpack_seo_noindex":false},"pwb-brand":[173],"product_brand":[4580],"product_cat":[143,234],"product_tag":[599,600,601,602,603],"class_list":{"0":"post-5195","1":"product","2":"type-product","3":"status-publish","4":"has-post-thumbnail","6":"pwb-brand-now-foods","7":"product_brand-now-foods","8":"product_cat-health-issues","9":"product_cat-healthy-sweetening","10":"product_tag-gluten-free","11":"product_tag-no-sugar","12":"product_tag-non-gmo","13":"product_tag-vegan","14":"product_tag-vege","15":"brand_woo-now-foods","17":"first","18":"outofstock","19":"taxable","20":"shipping-taxable","21":"purchasable","22":"product-type-simple"},"jetpack_sharing_enabled":true,"brands":[{"id":173,"name":"NOW Foods","slug":"now-foods"}],"_links":{"self":[{"href":"https:\/\/veganova.eu\/fr\/wp-json\/wp\/v2\/product\/5195","targetHints":{"allow":["GET"]}}],"collection":[{"href":"https:\/\/veganova.eu\/fr\/wp-json\/wp\/v2\/product"}],"about":[{"href":"https:\/\/veganova.eu\/fr\/wp-json\/wp\/v2\/types\/product"}],"replies":[{"embeddable":true,"href":"https:\/\/veganova.eu\/fr\/wp-json\/wp\/v2\/comments?post=5195"}],"version-history":[{"count":1,"href":"https:\/\/veganova.eu\/fr\/wp-json\/wp\/v2\/product\/5195\/revisions"}],"predecessor-version":[{"id":58304,"href":"https:\/\/veganova.eu\/fr\/wp-json\/wp\/v2\/product\/5195\/revisions\/58304"}],"wp:featuredmedia":[{"embeddable":true,"href":"https:\/\/veganova.eu\/fr\/wp-json\/wp\/v2\/media\/51622"}],"wp:attachment":[{"href":"https:\/\/veganova.eu\/fr\/wp-json\/wp\/v2\/media?parent=5195"}],"wp:term":[{"taxonomy":"pwb-brand","embeddable":true,"href":"https:\/\/veganova.eu\/fr\/wp-json\/wp\/v2\/pwb-brand?post=5195"},{"taxonomy":"product_brand","embeddable":true,"href":"https:\/\/veganova.eu\/fr\/wp-json\/wp\/v2\/product_brand?post=5195"},{"taxonomy":"product_cat","embeddable":true,"href":"https:\/\/veganova.eu\/fr\/wp-json\/wp\/v2\/product_cat?post=5195"},{"taxonomy":"product_tag","embeddable":true,"href":"https:\/\/veganova.eu\/fr\/wp-json\/wp\/v2\/product_tag?post=5195"}],"curies":[{"name":"wp","href":"https:\/\/api.w.org\/{rel}","templated":true}]}}