{"id":5201,"date":"2023-10-01T17:09:23","date_gmt":"2023-10-01T15:09:23","guid":{"rendered":"https:\/\/veganova.eu\/?post_type=product&#038;p=5201"},"modified":"2026-04-21T07:24:39","modified_gmt":"2026-04-21T05:24:39","slug":"now-foods-celery-seed-extract-60-kaps","status":"publish","type":"product","link":"https:\/\/veganova.eu\/fr\/shop\/now-foods-celery-seed-extract-60-kaps\/","title":{"rendered":"NOW Foods Extrait de Graines de C\u00e9leri (60 g\u00e9lules)"},"content":{"rendered":"<h3>NOW Foods Extrait de Graines de C\u00e9leri (60 g\u00e9lules)<\/h3>\n<p>Une fonction vasculaire saine<br \/>\nPlus Horse Chestnut &amp; Hawthorn Extracts<br \/>\nNOW Celery Seed Extract offre un large \u00e9ventail de compos\u00e9s bioactifs, y compris des phtalides naturels tels que le 3-n-butylphthalide (3nB). Le 3nB a fait l'objet de recherches approfondies pour sa capacit\u00e9 \u00e0 soutenir la sant\u00e9 vasculaire, en particulier dans le cerveau. Ce produit contient de l'extrait de graines de marron d'Inde, connu depuis longtemps pour favoriser une fonction vasculaire saine. L'extrait d'aub\u00e9pine, avec ses nombreux constituants ph\u00e9noliques, a \u00e9galement \u00e9t\u00e9 inclus pour compl\u00e9ter cette formule.<\/p>","protected":false},"excerpt":{"rendered":"<p>Suppl\u00e9ment nutritionnel v\u00e9g\u00e9talien NOW Foods Celery Seed Extract - extrait de graines de c\u00e9leri, l'emballage contient : 60 g\u00e9lules. Sans gluten, sans OGM.<\/p>","protected":false},"featured_media":51557,"comment_status":"closed","ping_status":"closed","template":"","meta":{"advanced_seo_description":"","jetpack_seo_html_title":"","jetpack_seo_noindex":false},"pwb-brand":[173],"product_brand":[4580],"product_cat":[149],"product_tag":[1200,1221,1153],"class_list":{"0":"post-5201","1":"product","2":"type-product","3":"status-publish","4":"has-post-thumbnail","6":"pwb-brand-now-foods","7":"product_brand-now-foods","8":"product_cat-superfoods","9":"product_tag-blood-circulation","10":"product_tag-brain","11":"product_tag-vessels","12":"brand_woo-now-foods","14":"first","15":"instock","16":"taxable","17":"shipping-taxable","18":"purchasable","19":"product-type-simple"},"jetpack_sharing_enabled":true,"brands":[{"id":173,"name":"NOW Foods","slug":"now-foods"}],"_links":{"self":[{"href":"https:\/\/veganova.eu\/fr\/wp-json\/wp\/v2\/product\/5201","targetHints":{"allow":["GET"]}}],"collection":[{"href":"https:\/\/veganova.eu\/fr\/wp-json\/wp\/v2\/product"}],"about":[{"href":"https:\/\/veganova.eu\/fr\/wp-json\/wp\/v2\/types\/product"}],"replies":[{"embeddable":true,"href":"https:\/\/veganova.eu\/fr\/wp-json\/wp\/v2\/comments?post=5201"}],"version-history":[{"count":1,"href":"https:\/\/veganova.eu\/fr\/wp-json\/wp\/v2\/product\/5201\/revisions"}],"predecessor-version":[{"id":58309,"href":"https:\/\/veganova.eu\/fr\/wp-json\/wp\/v2\/product\/5201\/revisions\/58309"}],"wp:featuredmedia":[{"embeddable":true,"href":"https:\/\/veganova.eu\/fr\/wp-json\/wp\/v2\/media\/51557"}],"wp:attachment":[{"href":"https:\/\/veganova.eu\/fr\/wp-json\/wp\/v2\/media?parent=5201"}],"wp:term":[{"taxonomy":"pwb-brand","embeddable":true,"href":"https:\/\/veganova.eu\/fr\/wp-json\/wp\/v2\/pwb-brand?post=5201"},{"taxonomy":"product_brand","embeddable":true,"href":"https:\/\/veganova.eu\/fr\/wp-json\/wp\/v2\/product_brand?post=5201"},{"taxonomy":"product_cat","embeddable":true,"href":"https:\/\/veganova.eu\/fr\/wp-json\/wp\/v2\/product_cat?post=5201"},{"taxonomy":"product_tag","embeddable":true,"href":"https:\/\/veganova.eu\/fr\/wp-json\/wp\/v2\/product_tag?post=5201"}],"curies":[{"name":"wp","href":"https:\/\/api.w.org\/{rel}","templated":true}]}}