{"id":5202,"date":"2023-10-01T17:09:24","date_gmt":"2023-10-01T15:09:24","guid":{"rendered":"https:\/\/veganova.eu\/?post_type=product&#038;p=5202"},"modified":"2026-04-21T07:24:39","modified_gmt":"2026-04-21T05:24:39","slug":"now-foods-cholesterol-pro-120-tab","status":"publish","type":"product","link":"https:\/\/veganova.eu\/fr\/shop\/now-foods-cholesterol-pro-120-tab\/","title":{"rendered":"NOW Foods Cholesterol Pro (120 tab)"},"content":{"rendered":"<h3>NOW Foods Cholesterol Pro<\/h3>\n<ul>\n<li>Favorise un taux de cholest\u00e9rol sain qui se situe d\u00e9j\u00e0 dans la fourchette normale.<\/li>\n<li>Avec Bergamont.<\/li>\n<li>Cholesterol Pro est une combinaison de deux ingr\u00e9dients uniques, qui ont \u00e9t\u00e9 cliniquement prouv\u00e9s pour aider \u00e0 soutenir les niveaux de lipides s\u00e9riques d\u00e9j\u00e0 dans une fourchette saine.<\/li>\n<li>Le Bergamonte est un extrait polyph\u00e9nolique standardis\u00e9 qui peut aider \u00e0 soutenir la sant\u00e9 cardiovasculaire ainsi qu'une bonne r\u00e9gulation de la glyc\u00e9mie.<\/li>\n<li>Il a \u00e9galement \u00e9t\u00e9 d\u00e9montr\u00e9 que CardioAid, une combinaison de st\u00e9rols v\u00e9g\u00e9taux, contribue \u00e0 maintenir un taux de cholest\u00e9rol sain dans la fourchette normale.<\/li>\n<\/ul>","protected":false},"excerpt":{"rendered":"<p>Suppl\u00e9ment nutritionnel v\u00e9g\u00e9talien NOW Foods Cholesterol Pro pour des niveaux de cholest\u00e9rol sanguin sains, l'emballage contient : 120 comprim\u00e9s. Sans gluten.<\/p>","protected":false},"featured_media":51529,"comment_status":"closed","ping_status":"closed","template":"","meta":{"advanced_seo_description":"","jetpack_seo_html_title":"","jetpack_seo_noindex":false},"pwb-brand":[173],"product_brand":[4580],"product_cat":[294,143,289],"product_tag":[1040],"class_list":{"0":"post-5202","1":"product","2":"type-product","3":"status-publish","4":"has-post-thumbnail","6":"pwb-brand-now-foods","7":"product_brand-now-foods","8":"product_cat-for-seniors","9":"product_cat-health-issues","10":"product_cat-heart-and-blood-vessels","11":"product_tag-cholesterol","12":"brand_woo-now-foods","14":"first","15":"outofstock","16":"taxable","17":"shipping-taxable","18":"purchasable","19":"product-type-simple"},"jetpack_sharing_enabled":true,"brands":[{"id":173,"name":"NOW Foods","slug":"now-foods"}],"_links":{"self":[{"href":"https:\/\/veganova.eu\/fr\/wp-json\/wp\/v2\/product\/5202","targetHints":{"allow":["GET"]}}],"collection":[{"href":"https:\/\/veganova.eu\/fr\/wp-json\/wp\/v2\/product"}],"about":[{"href":"https:\/\/veganova.eu\/fr\/wp-json\/wp\/v2\/types\/product"}],"replies":[{"embeddable":true,"href":"https:\/\/veganova.eu\/fr\/wp-json\/wp\/v2\/comments?post=5202"}],"version-history":[{"count":1,"href":"https:\/\/veganova.eu\/fr\/wp-json\/wp\/v2\/product\/5202\/revisions"}],"predecessor-version":[{"id":58310,"href":"https:\/\/veganova.eu\/fr\/wp-json\/wp\/v2\/product\/5202\/revisions\/58310"}],"wp:featuredmedia":[{"embeddable":true,"href":"https:\/\/veganova.eu\/fr\/wp-json\/wp\/v2\/media\/51529"}],"wp:attachment":[{"href":"https:\/\/veganova.eu\/fr\/wp-json\/wp\/v2\/media?parent=5202"}],"wp:term":[{"taxonomy":"pwb-brand","embeddable":true,"href":"https:\/\/veganova.eu\/fr\/wp-json\/wp\/v2\/pwb-brand?post=5202"},{"taxonomy":"product_brand","embeddable":true,"href":"https:\/\/veganova.eu\/fr\/wp-json\/wp\/v2\/product_brand?post=5202"},{"taxonomy":"product_cat","embeddable":true,"href":"https:\/\/veganova.eu\/fr\/wp-json\/wp\/v2\/product_cat?post=5202"},{"taxonomy":"product_tag","embeddable":true,"href":"https:\/\/veganova.eu\/fr\/wp-json\/wp\/v2\/product_tag?post=5202"}],"curies":[{"name":"wp","href":"https:\/\/api.w.org\/{rel}","templated":true}]}}