{"id":5226,"date":"2023-10-01T17:09:36","date_gmt":"2023-10-01T15:09:36","guid":{"rendered":"https:\/\/veganova.eu\/?post_type=product&#038;p=5226"},"modified":"2026-04-21T07:24:41","modified_gmt":"2026-04-21T05:24:41","slug":"now-foods-pau-darco-extract-60-ml","status":"publish","type":"product","link":"https:\/\/veganova.eu\/fr\/shop\/now-foods-pau-darco-extract-60-ml\/","title":{"rendered":"NOW Foods Extrait de Pau D'Arco (60 ml)"},"content":{"rendered":"<h3>NOW Foods Extrait de Pau D'Arco<\/h3>\n<ul>\n<li>Favorise la sant\u00e9 des cellules<\/li>\n<li>Le Pau d'Arco est extrait de l'\u00e9corce interne d'un arbre poussant dans la for\u00eat amazonienne.<\/li>\n<li>Les herboristes traditionnels l'utilisent depuis des si\u00e8cles.<\/li>\n<li>Notre extrait est concentr\u00e9 pour mettre en \u00e9vidence certains des principes actifs naturellement pr\u00e9sents dans le Pau d'Arco, qui peuvent favoriser une croissance cellulaire saine et ont des propri\u00e9t\u00e9s de pi\u00e9geage des radicaux libres.<\/li>\n<\/ul>","protected":false},"excerpt":{"rendered":"<p>Suppl\u00e9ment nutritionnel v\u00e9g\u00e9talien NOW Foods Extrait de Pau D'Arco, l'emballage contient : 60 ml. Sans gluten.<\/p>","protected":false},"featured_media":51602,"comment_status":"closed","ping_status":"closed","template":"","meta":{"advanced_seo_description":"","jetpack_seo_html_title":"","jetpack_seo_noindex":false},"pwb-brand":[173],"product_brand":[4580],"product_cat":[2596,149],"product_tag":[1337,1093,1164,1314,1037,1117,1216,1166],"class_list":{"0":"post-5226","1":"product","2":"type-product","3":"status-publish","4":"has-post-thumbnail","6":"pwb-brand-now-foods","7":"product_brand-now-foods","8":"product_cat-herbs","9":"product_cat-superfoods","10":"product_tag-allergies","11":"product_tag-antioxidant","12":"product_tag-bacteria","13":"product_tag-candida","14":"product_tag-detox","15":"product_tag-immunity","16":"product_tag-tcm","17":"product_tag-viruses","18":"brand_woo-now-foods","20":"first","21":"instock","22":"taxable","23":"shipping-taxable","24":"purchasable","25":"product-type-simple"},"jetpack_sharing_enabled":true,"brands":[{"id":173,"name":"NOW Foods","slug":"now-foods"}],"_links":{"self":[{"href":"https:\/\/veganova.eu\/fr\/wp-json\/wp\/v2\/product\/5226","targetHints":{"allow":["GET"]}}],"collection":[{"href":"https:\/\/veganova.eu\/fr\/wp-json\/wp\/v2\/product"}],"about":[{"href":"https:\/\/veganova.eu\/fr\/wp-json\/wp\/v2\/types\/product"}],"replies":[{"embeddable":true,"href":"https:\/\/veganova.eu\/fr\/wp-json\/wp\/v2\/comments?post=5226"}],"version-history":[{"count":1,"href":"https:\/\/veganova.eu\/fr\/wp-json\/wp\/v2\/product\/5226\/revisions"}],"predecessor-version":[{"id":58333,"href":"https:\/\/veganova.eu\/fr\/wp-json\/wp\/v2\/product\/5226\/revisions\/58333"}],"wp:featuredmedia":[{"embeddable":true,"href":"https:\/\/veganova.eu\/fr\/wp-json\/wp\/v2\/media\/51602"}],"wp:attachment":[{"href":"https:\/\/veganova.eu\/fr\/wp-json\/wp\/v2\/media?parent=5226"}],"wp:term":[{"taxonomy":"pwb-brand","embeddable":true,"href":"https:\/\/veganova.eu\/fr\/wp-json\/wp\/v2\/pwb-brand?post=5226"},{"taxonomy":"product_brand","embeddable":true,"href":"https:\/\/veganova.eu\/fr\/wp-json\/wp\/v2\/product_brand?post=5226"},{"taxonomy":"product_cat","embeddable":true,"href":"https:\/\/veganova.eu\/fr\/wp-json\/wp\/v2\/product_cat?post=5226"},{"taxonomy":"product_tag","embeddable":true,"href":"https:\/\/veganova.eu\/fr\/wp-json\/wp\/v2\/product_tag?post=5226"}],"curies":[{"name":"wp","href":"https:\/\/api.w.org\/{rel}","templated":true}]}}