{"id":5245,"date":"2023-10-01T17:09:46","date_gmt":"2023-10-01T15:09:46","guid":{"rendered":"https:\/\/veganova.eu\/?post_type=product&#038;p=5245"},"modified":"2026-04-27T02:22:34","modified_gmt":"2026-04-27T00:22:34","slug":"san-rawfusion-natural-chocolate-931g","status":"publish","type":"product","link":"https:\/\/veganova.eu\/fr\/shop\/san-rawfusion-natural-chocolate-931g\/","title":{"rendered":"SAN RawFusion, chocolat naturel (931g)"},"content":{"rendered":"<h3>SAN RawFusion<\/h3>\n<ul>\n<li>Une nouvelle g\u00e9n\u00e9ration de prot\u00e9ines d'origine v\u00e9g\u00e9tale<\/li>\n<li>Plus d'un an de recherche et de d\u00e9veloppement vigoureux dans les technologies d'extrusion \u00e0 froid a abouti \u00e0 une formule de prot\u00e9ines sans \u00e9quivalent, approuv\u00e9e par SAN pour les v\u00e9g\u00e9taliens.<\/li>\n<li>Non seulement RAWFUSION est une source de prot\u00e9ines v\u00e9g\u00e9tales sans OGM, enti\u00e8rement naturelle et sans allerg\u00e8nes, mais elle contient \u00e9galement 21 grammes de notre propre prot\u00e9ine bio-ferment\u00e9e par portion, ce qui la rend parfaite pour tout le monde.<\/li>\n<li>Le m\u00e9lange exclusif de RAWFUSION d'isolat de prot\u00e9ines de pois, de concentr\u00e9 de prot\u00e9ines de riz brun germ\u00e9, de concentr\u00e9 de prot\u00e9ines d'artichaut et de matrice d'huile de tournesol riche en AGE donne cette formule exclusive qui est id\u00e9ale pour les v\u00e9g\u00e9taliens et constitue un choix judicieux et riche en prot\u00e9ines pour les non-v\u00e9g\u00e9taliens \u00e9galement.<\/li>\n<li>En fait, avec plus de 4,5 grammes de BCAA par portion, le profil d'acides amin\u00e9s de RAWFUSION rivalise avec celui des prot\u00e9ines laiti\u00e8res, mais sans aucun des inconv\u00e9nients des prot\u00e9ines laiti\u00e8res ou animales.<\/li>\n<\/ul>","protected":false},"excerpt":{"rendered":"<p>Vegan nutritional supplement containing vegetable protein and amino acids SAN RawFusion is a mixture of peas, brown rice, artichokes and sunflower oil. Contains 21g of protein and 4.5g of BCAA per serving. Flavor: Natural Chocolate, package contains: 931g. Gluten-free, GMO-free.<\/p>","protected":false},"featured_media":51542,"comment_status":"closed","ping_status":"closed","template":"","meta":{"advanced_seo_description":"","jetpack_seo_html_title":"","jetpack_seo_noindex":false},"pwb-brand":[431],"product_brand":[4740],"product_cat":[132,133],"product_tag":[1445,1378,1443],"class_list":{"0":"post-5245","1":"product","2":"type-product","3":"status-publish","4":"has-post-thumbnail","6":"pwb-brand-san","7":"product_brand-san","8":"product_cat-sports-nutrition","9":"product_cat-vegan-proteins","10":"product_tag-protein-for-men","11":"product_tag-protein-with-amino-acids","12":"product_tag-vegetable-protein","13":"brand_woo-san","15":"first","16":"instock","17":"featured","18":"taxable","19":"shipping-taxable","20":"purchasable","21":"product-type-simple"},"jetpack_sharing_enabled":true,"brands":[{"id":431,"name":"SAN","slug":"san"}],"_links":{"self":[{"href":"https:\/\/veganova.eu\/fr\/wp-json\/wp\/v2\/product\/5245","targetHints":{"allow":["GET"]}}],"collection":[{"href":"https:\/\/veganova.eu\/fr\/wp-json\/wp\/v2\/product"}],"about":[{"href":"https:\/\/veganova.eu\/fr\/wp-json\/wp\/v2\/types\/product"}],"replies":[{"embeddable":true,"href":"https:\/\/veganova.eu\/fr\/wp-json\/wp\/v2\/comments?post=5245"}],"version-history":[{"count":1,"href":"https:\/\/veganova.eu\/fr\/wp-json\/wp\/v2\/product\/5245\/revisions"}],"predecessor-version":[{"id":58349,"href":"https:\/\/veganova.eu\/fr\/wp-json\/wp\/v2\/product\/5245\/revisions\/58349"}],"wp:featuredmedia":[{"embeddable":true,"href":"https:\/\/veganova.eu\/fr\/wp-json\/wp\/v2\/media\/51542"}],"wp:attachment":[{"href":"https:\/\/veganova.eu\/fr\/wp-json\/wp\/v2\/media?parent=5245"}],"wp:term":[{"taxonomy":"pwb-brand","embeddable":true,"href":"https:\/\/veganova.eu\/fr\/wp-json\/wp\/v2\/pwb-brand?post=5245"},{"taxonomy":"product_brand","embeddable":true,"href":"https:\/\/veganova.eu\/fr\/wp-json\/wp\/v2\/product_brand?post=5245"},{"taxonomy":"product_cat","embeddable":true,"href":"https:\/\/veganova.eu\/fr\/wp-json\/wp\/v2\/product_cat?post=5245"},{"taxonomy":"product_tag","embeddable":true,"href":"https:\/\/veganova.eu\/fr\/wp-json\/wp\/v2\/product_tag?post=5245"}],"curies":[{"name":"wp","href":"https:\/\/api.w.org\/{rel}","templated":true}]}}