{"id":5317,"date":"2023-10-01T17:10:24","date_gmt":"2023-10-01T15:10:24","guid":{"rendered":"https:\/\/veganova.eu\/?post_type=product&#038;p=5317"},"modified":"2026-04-21T07:24:46","modified_gmt":"2026-04-21T05:24:46","slug":"swanson-acetyl-l-carnitine-500mg-100-kaps","status":"publish","type":"product","link":"https:\/\/veganova.eu\/fr\/shop\/swanson-acetyl-l-carnitine-500mg-100-kaps\/","title":{"rendered":"Swanson Acetyl L-Carnitine, 500mg (100 g\u00e9lules)"},"content":{"rendered":"<h3>Swanson Acetyl L-Carnitine, 500mg (100 g\u00e9lules)<\/h3>\n<p>Dynamise l'esprit et favorise la concentration<br \/>\nTraverse la barri\u00e8re h\u00e9mato-enc\u00e9phalique pour soutenir la sant\u00e9 cognitive et les fonctions c\u00e9r\u00e9brales optimales.<br \/>\nFavorise la protection antioxydante dans l'ensemble du syst\u00e8me nerveux<\/p>\n<p>Dynamisez l'esprit et favorisez la concentration avec l'aide de Swanson Premium Acetyl L-Carnitine ! Cette formule unique provient de l'ester de l'acide amin\u00e9 essentiel L-carnitine. Les muscles de tout le corps ont besoin de cette \u00e9nergie pour devenir plus forts lorsque vous faites de l'exercice. Votre cerveau utilise cette \u00e9nergie pour maintenir des fonctions saines comme la production de neurotransmetteurs. L'ac\u00e9tyl L-carnitine aide \u00e9galement \u00e0 maintenir une fonction neurologique saine en apportant une protection antioxydante \u00e0 l'ensemble du syst\u00e8me nerveux. Chaque g\u00e9lule v\u00e9g\u00e9tale contient 500 mg d'ac\u00e9tyl L-carnitine.<\/p>","protected":false},"excerpt":{"rendered":"<p>Suppl\u00e9ment nutritionnel v\u00e9g\u00e9tarien Swanson Acetyl L-Carnitine, 500mg pour l'\u00e9nergie pendant l'entra\u00eenement, un bon m\u00e9tabolisme et un syst\u00e8me nerveux sain. L'emballage contient : 100 g\u00e9lules.<\/p>","protected":false},"featured_media":52932,"comment_status":"closed","ping_status":"closed","template":"","meta":{"advanced_seo_description":"","jetpack_seo_html_title":"","jetpack_seo_noindex":false},"pwb-brand":[450],"product_brand":[4753],"product_cat":[155,132],"product_tag":[1401,1094,1150],"class_list":{"0":"post-5317","1":"product","2":"type-product","3":"status-publish","4":"has-post-thumbnail","6":"pwb-brand-swanson","7":"product_brand-swanson","8":"product_cat-fat-burners","9":"product_cat-sports-nutrition","10":"product_tag-character-drawing","11":"product_tag-metabolism","12":"product_tag-nervous-system","13":"brand_woo-swanson","15":"first","16":"instock","17":"taxable","18":"shipping-taxable","19":"purchasable","20":"product-type-simple"},"jetpack_sharing_enabled":true,"brands":[{"id":450,"name":"Swanson","slug":"swanson"}],"_links":{"self":[{"href":"https:\/\/veganova.eu\/fr\/wp-json\/wp\/v2\/product\/5317","targetHints":{"allow":["GET"]}}],"collection":[{"href":"https:\/\/veganova.eu\/fr\/wp-json\/wp\/v2\/product"}],"about":[{"href":"https:\/\/veganova.eu\/fr\/wp-json\/wp\/v2\/types\/product"}],"replies":[{"embeddable":true,"href":"https:\/\/veganova.eu\/fr\/wp-json\/wp\/v2\/comments?post=5317"}],"version-history":[{"count":1,"href":"https:\/\/veganova.eu\/fr\/wp-json\/wp\/v2\/product\/5317\/revisions"}],"predecessor-version":[{"id":58415,"href":"https:\/\/veganova.eu\/fr\/wp-json\/wp\/v2\/product\/5317\/revisions\/58415"}],"wp:featuredmedia":[{"embeddable":true,"href":"https:\/\/veganova.eu\/fr\/wp-json\/wp\/v2\/media\/52932"}],"wp:attachment":[{"href":"https:\/\/veganova.eu\/fr\/wp-json\/wp\/v2\/media?parent=5317"}],"wp:term":[{"taxonomy":"pwb-brand","embeddable":true,"href":"https:\/\/veganova.eu\/fr\/wp-json\/wp\/v2\/pwb-brand?post=5317"},{"taxonomy":"product_brand","embeddable":true,"href":"https:\/\/veganova.eu\/fr\/wp-json\/wp\/v2\/product_brand?post=5317"},{"taxonomy":"product_cat","embeddable":true,"href":"https:\/\/veganova.eu\/fr\/wp-json\/wp\/v2\/product_cat?post=5317"},{"taxonomy":"product_tag","embeddable":true,"href":"https:\/\/veganova.eu\/fr\/wp-json\/wp\/v2\/product_tag?post=5317"}],"curies":[{"name":"wp","href":"https:\/\/api.w.org\/{rel}","templated":true}]}}