{"id":5318,"date":"2023-10-01T17:10:24","date_gmt":"2023-10-01T15:10:24","guid":{"rendered":"https:\/\/veganova.eu\/?post_type=product&#038;p=5318"},"modified":"2026-04-21T07:24:47","modified_gmt":"2026-04-21T05:24:47","slug":"swanson-bergamot-extract-500mg-30-kaps","status":"publish","type":"product","link":"https:\/\/veganova.eu\/fr\/shop\/swanson-bergamot-extract-500mg-30-kaps\/","title":{"rendered":"Swanson Extrait de Bergamote, 500mg (30 g\u00e9lules)"},"content":{"rendered":"<h3>Swanson Extrait de Bergamote, 500mg (30 g\u00e9lules)<\/h3>\n<p>Favorise un taux de cholest\u00e9rol sain<br \/>\nSoutien multidimensionnel \u00e0 la sant\u00e9 cardiovasculaire<br \/>\nPr\u00e9serve la sant\u00e9 et l'\u00e9lasticit\u00e9 des art\u00e8res<br \/>\nFavorise des niveaux sains de CoQ10<\/p>\n<p>La bergamote est un petit agrume parfum\u00e9 qui ressemble \u00e0 une orange mais dont la couleur est plus proche de celle d'un citron. Bien qu'elle soit consid\u00e9r\u00e9e comme non comestible en raison de son amertume, elle est tr\u00e8s recherch\u00e9e pour son huile essentielle qui est utilis\u00e9e depuis des si\u00e8cles par les parfumeurs, les chefs cuisiniers (l'huile est utilis\u00e9e pour ajouter du parfum et de la saveur) et les herboristes traditionnels. Les progr\u00e8s r\u00e9cents de la recherche dans le domaine de la sant\u00e9 ont permis de trouver de nouvelles applications pour l'huile de bergamote, qui contient des flavono\u00efdes biologiquement actifs. Ajoutez l'extrait de bergamote de Swanson Superior Herbs \u00e0 votre r\u00e9gime de suppl\u00e9ments pour une approche holistique du maintien du cholest\u00e9rol.<\/p>","protected":false},"excerpt":{"rendered":"<p>Le compl\u00e9ment alimentaire v\u00e9g\u00e9tarien Swanson Bergamot Extract, 500mg est id\u00e9al pour un taux de cholest\u00e9rol et de coenzyme Q10 sain, ainsi que pour le soutien du syst\u00e8me cardiovasculaire. L'emballage contient : 30 g\u00e9lules.<\/p>","protected":false},"featured_media":52929,"comment_status":"closed","ping_status":"closed","template":"","meta":{"advanced_seo_description":"","jetpack_seo_html_title":"","jetpack_seo_noindex":false},"pwb-brand":[450],"product_brand":[4753],"product_cat":[289,149],"product_tag":[1159,1241,1040,1158,1153],"class_list":{"0":"post-5318","1":"product","2":"type-product","3":"status-publish","4":"has-post-thumbnail","6":"pwb-brand-swanson","7":"product_brand-swanson","8":"product_cat-heart-and-blood-vessels","9":"product_cat-superfoods","10":"product_tag-aging","11":"product_tag-cardiovascular-system","12":"product_tag-cholesterol","13":"product_tag-heart","14":"product_tag-vessels","15":"brand_woo-swanson","17":"first","18":"instock","19":"taxable","20":"shipping-taxable","21":"purchasable","22":"product-type-simple"},"jetpack_sharing_enabled":true,"brands":[{"id":450,"name":"Swanson","slug":"swanson"}],"_links":{"self":[{"href":"https:\/\/veganova.eu\/fr\/wp-json\/wp\/v2\/product\/5318","targetHints":{"allow":["GET"]}}],"collection":[{"href":"https:\/\/veganova.eu\/fr\/wp-json\/wp\/v2\/product"}],"about":[{"href":"https:\/\/veganova.eu\/fr\/wp-json\/wp\/v2\/types\/product"}],"replies":[{"embeddable":true,"href":"https:\/\/veganova.eu\/fr\/wp-json\/wp\/v2\/comments?post=5318"}],"version-history":[{"count":1,"href":"https:\/\/veganova.eu\/fr\/wp-json\/wp\/v2\/product\/5318\/revisions"}],"predecessor-version":[{"id":58416,"href":"https:\/\/veganova.eu\/fr\/wp-json\/wp\/v2\/product\/5318\/revisions\/58416"}],"wp:featuredmedia":[{"embeddable":true,"href":"https:\/\/veganova.eu\/fr\/wp-json\/wp\/v2\/media\/52929"}],"wp:attachment":[{"href":"https:\/\/veganova.eu\/fr\/wp-json\/wp\/v2\/media?parent=5318"}],"wp:term":[{"taxonomy":"pwb-brand","embeddable":true,"href":"https:\/\/veganova.eu\/fr\/wp-json\/wp\/v2\/pwb-brand?post=5318"},{"taxonomy":"product_brand","embeddable":true,"href":"https:\/\/veganova.eu\/fr\/wp-json\/wp\/v2\/product_brand?post=5318"},{"taxonomy":"product_cat","embeddable":true,"href":"https:\/\/veganova.eu\/fr\/wp-json\/wp\/v2\/product_cat?post=5318"},{"taxonomy":"product_tag","embeddable":true,"href":"https:\/\/veganova.eu\/fr\/wp-json\/wp\/v2\/product_tag?post=5318"}],"curies":[{"name":"wp","href":"https:\/\/api.w.org\/{rel}","templated":true}]}}