{"id":5322,"date":"2023-10-01T17:10:25","date_gmt":"2023-10-01T15:10:25","guid":{"rendered":"https:\/\/veganova.eu\/?post_type=product&#038;p=5322"},"modified":"2026-04-21T07:24:48","modified_gmt":"2026-04-21T05:24:48","slug":"swanson-melatonin-1mg-120-kaps","status":"publish","type":"product","link":"https:\/\/veganova.eu\/fr\/shop\/swanson-melatonin-1mg-120-kaps\/","title":{"rendered":"Swanson M\u00e9latonine, 1mg (120 g\u00e9lules)"},"content":{"rendered":"<h3>Swanson M\u00e9latonine, 1mg (120 g\u00e9lules)<\/h3>\n<p>Hormone naturelle qui aide \u00e0 r\u00e9guler le cycle veille-sommeil de l'organisme pour favoriser un horaire de sommeil normal.<\/p>\n<p>Favorise les voies antioxydantes.<\/p>\n<p>Excellente formule interm\u00e9diaire, utile pour favoriser des habitudes de sommeil saines.<\/p>\n<p>Aide \u00e0 se remettre du d\u00e9calage horaire.<\/p>\n<p>Contr\u00f4lez votre cycle veille\/sommeil avec l'aide de Swanson Melatonin ! Cette hormone utile r\u00e9tablit des habitudes de sommeil normales tout en apportant un excellent soutien antioxydant \u00e0 l'organisme. Chaque g\u00e9lule fournit 3 mg de m\u00e9latonine.<\/p>","protected":false},"excerpt":{"rendered":"<p>Le compl\u00e9ment alimentaire v\u00e9g\u00e9tarien Swanson Melatonin, 1mg est id\u00e9al pour les probl\u00e8mes de sommeil, pendant une p\u00e9riode psychologiquement tendue. Des niveaux sains de m\u00e9latonine sont n\u00e9cessaires pour un sommeil de qualit\u00e9 et une bonne humeur. L'emballage contient : 120 g\u00e9lules v\u00e9g\u00e9tales faciles \u00e0 dig\u00e9rer.<\/p>","protected":false},"featured_media":52923,"comment_status":"closed","ping_status":"closed","template":"","meta":{"advanced_seo_description":"","jetpack_seo_html_title":"","jetpack_seo_noindex":false},"pwb-brand":[450],"product_brand":[4753],"product_cat":[148,152],"product_tag":[1147,1078,1148],"class_list":{"0":"post-5322","1":"product","2":"type-product","3":"status-publish","4":"has-post-thumbnail","6":"pwb-brand-swanson","7":"product_brand-swanson","8":"product_cat-for-sleep","9":"product_cat-vitamins-and-minerals","10":"product_tag-insomnia","11":"product_tag-psyche","12":"product_tag-sleep","13":"brand_woo-swanson","15":"first","16":"outofstock","17":"taxable","18":"shipping-taxable","19":"purchasable","20":"product-type-simple"},"jetpack_sharing_enabled":true,"brands":[{"id":450,"name":"Swanson","slug":"swanson"}],"_links":{"self":[{"href":"https:\/\/veganova.eu\/fr\/wp-json\/wp\/v2\/product\/5322","targetHints":{"allow":["GET"]}}],"collection":[{"href":"https:\/\/veganova.eu\/fr\/wp-json\/wp\/v2\/product"}],"about":[{"href":"https:\/\/veganova.eu\/fr\/wp-json\/wp\/v2\/types\/product"}],"replies":[{"embeddable":true,"href":"https:\/\/veganova.eu\/fr\/wp-json\/wp\/v2\/comments?post=5322"}],"version-history":[{"count":1,"href":"https:\/\/veganova.eu\/fr\/wp-json\/wp\/v2\/product\/5322\/revisions"}],"predecessor-version":[{"id":58420,"href":"https:\/\/veganova.eu\/fr\/wp-json\/wp\/v2\/product\/5322\/revisions\/58420"}],"wp:featuredmedia":[{"embeddable":true,"href":"https:\/\/veganova.eu\/fr\/wp-json\/wp\/v2\/media\/52923"}],"wp:attachment":[{"href":"https:\/\/veganova.eu\/fr\/wp-json\/wp\/v2\/media?parent=5322"}],"wp:term":[{"taxonomy":"pwb-brand","embeddable":true,"href":"https:\/\/veganova.eu\/fr\/wp-json\/wp\/v2\/pwb-brand?post=5322"},{"taxonomy":"product_brand","embeddable":true,"href":"https:\/\/veganova.eu\/fr\/wp-json\/wp\/v2\/product_brand?post=5322"},{"taxonomy":"product_cat","embeddable":true,"href":"https:\/\/veganova.eu\/fr\/wp-json\/wp\/v2\/product_cat?post=5322"},{"taxonomy":"product_tag","embeddable":true,"href":"https:\/\/veganova.eu\/fr\/wp-json\/wp\/v2\/product_tag?post=5322"}],"curies":[{"name":"wp","href":"https:\/\/api.w.org\/{rel}","templated":true}]}}