{"id":5324,"date":"2023-10-01T17:10:26","date_gmt":"2023-10-01T15:10:26","guid":{"rendered":"https:\/\/veganova.eu\/?post_type=product&#038;p=5324"},"modified":"2026-04-21T07:24:48","modified_gmt":"2026-04-21T05:24:48","slug":"swanson-spirulina-astaxanthin-organic-120-veggie-tab","status":"publish","type":"product","link":"https:\/\/veganova.eu\/fr\/shop\/swanson-spirulina-astaxanthin-organic-120-veggie-tab\/","title":{"rendered":"Swanson Spiruline &amp; Astaxanthine, Bio (120 comprim\u00e9s)"},"content":{"rendered":"<h3>Swanson Spiruline &amp; Astaxanthine, Bio (120 comprim\u00e9s)<\/h3>\n<p>Excellente source de prot\u00e9ines v\u00e9g\u00e9tales, d'acides amin\u00e9s, de vitamines B et d'antioxydants.<br \/>\nGrande source d'antioxydants et de vitamines B \u00e9nergisantes<br \/>\nCompl\u00e9ment v\u00e9g\u00e9tarien non OGM, non irradi\u00e9 et 100%<\/p>\n<p>La spiruline est l'un des compl\u00e9ments alimentaires pr\u00e9f\u00e9r\u00e9s des v\u00e9g\u00e9tariens gr\u00e2ce \u00e0 sa teneur \u00e9lev\u00e9e en prot\u00e9ines (jusqu'\u00e0 60% en poids) et \u00e0 son profil complet d'acides amin\u00e9s essentiels. Elle est \u00e9galement une source de vitamines B \u00e9nergisantes, d'antioxydants pr\u00e9cieux comme la superoxyde dismutase (SOD), d'acide gamma-linol\u00e9nique (AGL) apaisant, de chlorophylle purifiante et bien plus encore. Notre spiruline certifi\u00e9e provient de Parry Nutraceuticals, le leader mondial de la production de spiruline de haute puret\u00e9.<\/p>\n<p>L'astaxanthine, appel\u00e9e le \"roi des carot\u00e9no\u00efdes\", est l'un des compl\u00e9ments alimentaires les plus recherch\u00e9s \u00e0 l'heure actuelle en raison de son approbation par des scientifiques de renomm\u00e9e mondiale, des experts m\u00e9dicaux reconnus et des personnalit\u00e9s m\u00e9diatiques c\u00e9l\u00e8bres. Il est consid\u00e9r\u00e9 comme l'un des antioxydants les plus efficaces (jusqu'\u00e0 500 fois plus puissant que la vitamine E, 10 fois plus puissant que le b\u00eata-carot\u00e8ne et 5 fois plus puissant que la lut\u00e9ine). C'est l'un des rares nutriments connus pour traverser la barri\u00e8re h\u00e9mato-enc\u00e9phalique et la barri\u00e8re h\u00e9mato-r\u00e9tinienne afin de nourrir ces tissus importants. L'astaxanthine contenue dans notre nouvelle Spiruline &amp; Astaxanthine Swanson Green Foods est brevet\u00e9e pour \u00eatre utilis\u00e9e dans les formules de sant\u00e9 oculaire et apporte avec elle tous les bienfaits document\u00e9s de l'astaxanthine pour la sant\u00e9 cardiovasculaire, la sant\u00e9 c\u00e9r\u00e9brale et bien plus encore.<\/p>\n<p>La nouvelle spiruline et astaxanthine associe la microalgue la plus populaire au monde et le carot\u00e9no\u00efde antioxydant le plus populaire au monde dans un suppl\u00e9ment certifi\u00e9, scientifiquement valid\u00e9 et de grande puret\u00e9, produit selon les normes les plus rigoureuses. Sans OGM, non irradi\u00e9 et 100% v\u00e9g\u00e9tarien, c'est une option raisonnable et abordable pour une suppl\u00e9mentation alimentaire compl\u00e8te en laquelle vous pouvez avoir confiance pour la bonne sant\u00e9 de votre famille.<\/p>","protected":false},"excerpt":{"rendered":"<p>Le compl\u00e9ment alimentaire v\u00e9g\u00e9tarien Swanson Spiruline &amp; Astaxanthine, Bio est une excellente source de prot\u00e9ines v\u00e9g\u00e9tales et d'acides amin\u00e9s, de vitamines B et d'antioxydants. L'emballage contient : 120 comprim\u00e9s v\u00e9g\u00e9tariens.<\/p>","protected":false},"featured_media":52921,"comment_status":"closed","ping_status":"closed","template":"","meta":{"advanced_seo_description":"","jetpack_seo_html_title":"","jetpack_seo_noindex":false},"pwb-brand":[450],"product_brand":[4753],"product_cat":[149],"product_tag":[1093,1037,1117,1449],"class_list":{"0":"post-5324","1":"product","2":"type-product","3":"status-publish","4":"has-post-thumbnail","6":"pwb-brand-swanson","7":"product_brand-swanson","8":"product_cat-superfoods","9":"product_tag-antioxidant","10":"product_tag-detox","11":"product_tag-immunity","12":"product_tag-purification","13":"brand_woo-swanson","15":"first","16":"instock","17":"taxable","18":"shipping-taxable","19":"purchasable","20":"product-type-simple"},"jetpack_sharing_enabled":true,"brands":[{"id":450,"name":"Swanson","slug":"swanson"}],"_links":{"self":[{"href":"https:\/\/veganova.eu\/fr\/wp-json\/wp\/v2\/product\/5324","targetHints":{"allow":["GET"]}}],"collection":[{"href":"https:\/\/veganova.eu\/fr\/wp-json\/wp\/v2\/product"}],"about":[{"href":"https:\/\/veganova.eu\/fr\/wp-json\/wp\/v2\/types\/product"}],"replies":[{"embeddable":true,"href":"https:\/\/veganova.eu\/fr\/wp-json\/wp\/v2\/comments?post=5324"}],"version-history":[{"count":1,"href":"https:\/\/veganova.eu\/fr\/wp-json\/wp\/v2\/product\/5324\/revisions"}],"predecessor-version":[{"id":58421,"href":"https:\/\/veganova.eu\/fr\/wp-json\/wp\/v2\/product\/5324\/revisions\/58421"}],"wp:featuredmedia":[{"embeddable":true,"href":"https:\/\/veganova.eu\/fr\/wp-json\/wp\/v2\/media\/52921"}],"wp:attachment":[{"href":"https:\/\/veganova.eu\/fr\/wp-json\/wp\/v2\/media?parent=5324"}],"wp:term":[{"taxonomy":"pwb-brand","embeddable":true,"href":"https:\/\/veganova.eu\/fr\/wp-json\/wp\/v2\/pwb-brand?post=5324"},{"taxonomy":"product_brand","embeddable":true,"href":"https:\/\/veganova.eu\/fr\/wp-json\/wp\/v2\/product_brand?post=5324"},{"taxonomy":"product_cat","embeddable":true,"href":"https:\/\/veganova.eu\/fr\/wp-json\/wp\/v2\/product_cat?post=5324"},{"taxonomy":"product_tag","embeddable":true,"href":"https:\/\/veganova.eu\/fr\/wp-json\/wp\/v2\/product_tag?post=5324"}],"curies":[{"name":"wp","href":"https:\/\/api.w.org\/{rel}","templated":true}]}}