{"id":5326,"date":"2023-10-01T17:10:26","date_gmt":"2023-10-01T15:10:26","guid":{"rendered":"https:\/\/veganova.eu\/?post_type=product&#038;p=5326"},"modified":"2026-04-21T07:24:48","modified_gmt":"2026-04-21T05:24:48","slug":"swanson-veggies4life-300-tab","status":"publish","type":"product","link":"https:\/\/veganova.eu\/fr\/shop\/swanson-veggies4life-300-tab\/","title":{"rendered":"Swanson Veggies4Life (300 tab)"},"content":{"rendered":"<h3>Swanson Veggies4Life (300 tab)<\/h3>\n<p>Qu'y a-t-il dans votre assiette aujourd'hui ? Probablement pas des l\u00e9gumes. Nous en avons besoin, mais souvent nous ne les mangeons pas. Offrez-vous de la verdure avec Veggies4Life de Swanson GreenFoods Formulas ! Charg\u00e9 d'antioxydants, de vitamines, de min\u00e9raux et de fibres provenant de la luzerne, du brocoli et d'autres aliments, il n'a jamais \u00e9t\u00e9 aussi facile d'augmenter sa consommation quotidienne de l\u00e9gumes.<\/p>","protected":false},"excerpt":{"rendered":"<p>Le suppl\u00e9ment nutritionnel v\u00e9g\u00e9tarien Swanson Veggies4Life contient des extraits de luzerne, de betteraves, de brocolis, de carottes, d'\u00e9pinards, de tomates, de persil, de chou, de c\u00e9leri, de chou fris\u00e9, d'orge vert, d'origan, d'ail d\u00e9sodoris\u00e9 et de varech. Utilisation : 2 comprim\u00e9s par jour. L'emballage contient : 300 comprim\u00e9s v\u00e9g\u00e9tariens faciles \u00e0 dig\u00e9rer.<\/p>","protected":false},"featured_media":52916,"comment_status":"closed","ping_status":"closed","template":"","meta":{"advanced_seo_description":"","jetpack_seo_html_title":"","jetpack_seo_noindex":false},"pwb-brand":[450],"product_brand":[4753],"product_cat":[149],"product_tag":[1037,1067,1116,1117],"class_list":{"0":"post-5326","1":"product","2":"type-product","3":"status-publish","4":"has-post-thumbnail","6":"pwb-brand-swanson","7":"product_brand-swanson","8":"product_cat-superfoods","9":"product_tag-detox","10":"product_tag-digestion","11":"product_tag-healthy-gut","12":"product_tag-immunity","13":"brand_woo-swanson","15":"first","16":"instock","17":"taxable","18":"shipping-taxable","19":"purchasable","20":"product-type-simple"},"jetpack_sharing_enabled":true,"brands":[{"id":450,"name":"Swanson","slug":"swanson"}],"_links":{"self":[{"href":"https:\/\/veganova.eu\/fr\/wp-json\/wp\/v2\/product\/5326","targetHints":{"allow":["GET"]}}],"collection":[{"href":"https:\/\/veganova.eu\/fr\/wp-json\/wp\/v2\/product"}],"about":[{"href":"https:\/\/veganova.eu\/fr\/wp-json\/wp\/v2\/types\/product"}],"replies":[{"embeddable":true,"href":"https:\/\/veganova.eu\/fr\/wp-json\/wp\/v2\/comments?post=5326"}],"version-history":[{"count":1,"href":"https:\/\/veganova.eu\/fr\/wp-json\/wp\/v2\/product\/5326\/revisions"}],"predecessor-version":[{"id":58423,"href":"https:\/\/veganova.eu\/fr\/wp-json\/wp\/v2\/product\/5326\/revisions\/58423"}],"wp:featuredmedia":[{"embeddable":true,"href":"https:\/\/veganova.eu\/fr\/wp-json\/wp\/v2\/media\/52916"}],"wp:attachment":[{"href":"https:\/\/veganova.eu\/fr\/wp-json\/wp\/v2\/media?parent=5326"}],"wp:term":[{"taxonomy":"pwb-brand","embeddable":true,"href":"https:\/\/veganova.eu\/fr\/wp-json\/wp\/v2\/pwb-brand?post=5326"},{"taxonomy":"product_brand","embeddable":true,"href":"https:\/\/veganova.eu\/fr\/wp-json\/wp\/v2\/product_brand?post=5326"},{"taxonomy":"product_cat","embeddable":true,"href":"https:\/\/veganova.eu\/fr\/wp-json\/wp\/v2\/product_cat?post=5326"},{"taxonomy":"product_tag","embeddable":true,"href":"https:\/\/veganova.eu\/fr\/wp-json\/wp\/v2\/product_tag?post=5326"}],"curies":[{"name":"wp","href":"https:\/\/api.w.org\/{rel}","templated":true}]}}