{"id":5340,"date":"2023-10-01T17:10:35","date_gmt":"2023-10-01T15:10:35","guid":{"rendered":"https:\/\/veganova.eu\/?post_type=product&#038;p=5340"},"modified":"2026-04-21T07:24:48","modified_gmt":"2026-04-21T05:24:48","slug":"trace-minerals-electrolyte-stamina-power-pak-raspberry-30-packets","status":"publish","type":"product","link":"https:\/\/veganova.eu\/fr\/shop\/trace-minerals-electrolyte-stamina-power-pak-raspberry-30-packets\/","title":{"rendered":"Trace Minerals Electrolyte Stamina Power Pak, Framboise (30 sachets)"},"content":{"rendered":"<h3>Trace Minerals Electrolyte Stamina Power Pak, Framboise (30 sachets)<\/h3>\n<p>Electrolyte Stamina Power Pak est une boisson \u00e9nerg\u00e9tique haute performance facile \u00e0 pr\u00e9parer, sans caf\u00e9ine, ar\u00f4mes artificiels ou stimulants artificiels. Notre formule est sans OGM et contient 1 200 mg de vitamine C, un antioxydant essentiel pour les personnes actives et en mouvement. Elle contient \u00e9galement tous les principaux \u00e9lectrolytes (potassium, magn\u00e9sium, chlorure et sodium), ainsi qu'un spectre complet d'oligo-\u00e9l\u00e9ments ioniques de ConcenTrace, qui favorise l'assimilation et l'absorption des vitamines et des nutriments.<\/p>","protected":false},"excerpt":{"rendered":"<p>Le compl\u00e9ment alimentaire Trace Minerals Electrolyte Stamina Power Pak contient des oligo-\u00e9l\u00e9ments ioniques de haute qualit\u00e9, des vitamines du groupe B, de la vitamine C et des \u00e9lectrolytes. Une boisson appropri\u00e9e pendant ou apr\u00e8s une activit\u00e9 sportive et une performance athl\u00e9tique. Saveur : Framboise, l'emballage contient : 30 sachets. Sans gluten.<\/p>","protected":false},"featured_media":52910,"comment_status":"closed","ping_status":"closed","template":"","meta":{"advanced_seo_description":"","jetpack_seo_html_title":"","jetpack_seo_noindex":false},"pwb-brand":[451],"product_brand":[4756],"product_cat":[203,2598,132],"product_tag":[1195,860,1182],"class_list":{"0":"post-5340","1":"product","2":"type-product","3":"status-publish","4":"has-post-thumbnail","6":"pwb-brand-trace-minerals","7":"product_brand-trace-minerals","8":"product_cat-pre-workout","9":"product_cat-recovery","10":"product_cat-sports-nutrition","11":"product_tag-athletic-performance","12":"product_tag-energy","13":"product_tag-hydration","14":"brand_woo-trace-minerals","16":"first","17":"instock","18":"taxable","19":"shipping-taxable","20":"purchasable","21":"product-type-simple"},"jetpack_sharing_enabled":true,"brands":[{"id":451,"name":"Oligo-\u00e9l\u00e9ments","slug":"trace-minerals"}],"_links":{"self":[{"href":"https:\/\/veganova.eu\/fr\/wp-json\/wp\/v2\/product\/5340","targetHints":{"allow":["GET"]}}],"collection":[{"href":"https:\/\/veganova.eu\/fr\/wp-json\/wp\/v2\/product"}],"about":[{"href":"https:\/\/veganova.eu\/fr\/wp-json\/wp\/v2\/types\/product"}],"replies":[{"embeddable":true,"href":"https:\/\/veganova.eu\/fr\/wp-json\/wp\/v2\/comments?post=5340"}],"version-history":[{"count":1,"href":"https:\/\/veganova.eu\/fr\/wp-json\/wp\/v2\/product\/5340\/revisions"}],"predecessor-version":[{"id":58433,"href":"https:\/\/veganova.eu\/fr\/wp-json\/wp\/v2\/product\/5340\/revisions\/58433"}],"wp:featuredmedia":[{"embeddable":true,"href":"https:\/\/veganova.eu\/fr\/wp-json\/wp\/v2\/media\/52910"}],"wp:attachment":[{"href":"https:\/\/veganova.eu\/fr\/wp-json\/wp\/v2\/media?parent=5340"}],"wp:term":[{"taxonomy":"pwb-brand","embeddable":true,"href":"https:\/\/veganova.eu\/fr\/wp-json\/wp\/v2\/pwb-brand?post=5340"},{"taxonomy":"product_brand","embeddable":true,"href":"https:\/\/veganova.eu\/fr\/wp-json\/wp\/v2\/product_brand?post=5340"},{"taxonomy":"product_cat","embeddable":true,"href":"https:\/\/veganova.eu\/fr\/wp-json\/wp\/v2\/product_cat?post=5340"},{"taxonomy":"product_tag","embeddable":true,"href":"https:\/\/veganova.eu\/fr\/wp-json\/wp\/v2\/product_tag?post=5340"}],"curies":[{"name":"wp","href":"https:\/\/api.w.org\/{rel}","templated":true}]}}