{"id":54299,"date":"2025-05-17T15:59:19","date_gmt":"2025-05-17T13:59:19","guid":{"rendered":"https:\/\/veganova.eu\/?post_type=product&#038;p=54299"},"modified":"2026-04-21T07:26:15","modified_gmt":"2026-04-21T05:26:15","slug":"naughty-boy-amino-eaa-strawberry-mango-345g","status":"publish","type":"product","link":"https:\/\/veganova.eu\/fr\/shop\/naughty-boy-amino-eaa-strawberry-mango-345g\/","title":{"rendered":"Naughty Boy Amino EAA, Strawberry Mango &#8211; 345g"},"content":{"rendered":"<h3>Naughty Boy Amino EAA, Strawberry Mango &#8211; 345g<\/h3>\n<p>AMINO EAA est formul\u00e9 avec 8,5 grammes de BCAA et EAA ferment\u00e9s v\u00e9g\u00e9taliens. AMINO EAA aide \u00e0 promouvoir la synth\u00e8se des prot\u00e9ines musculaires, \u00e0 am\u00e9liorer la r\u00e9cup\u00e9ration et \u00e0 augmenter l'endurance \u00e0 l'entra\u00eenement.<\/p>","protected":false},"excerpt":{"rendered":"<p>Naughty Boy Amino EAA, Strawberry Mango &#8211; 345g AMINO EAA is formulated with 8.5 grams of vegan fermented BCAA\u2019s + EAA&#8217;s. AMINO EAA helps promote muscle protein synthesis, enhanced recovery, and increased training endurance.<\/p>","protected":false},"featured_media":55838,"comment_status":"closed","ping_status":"closed","template":"","meta":{"advanced_seo_description":"","jetpack_seo_html_title":"","jetpack_seo_noindex":false},"pwb-brand":[488],"product_brand":[4785],"product_cat":[174,132],"product_tag":[],"class_list":{"0":"post-54299","1":"product","2":"type-product","3":"status-publish","4":"has-post-thumbnail","6":"pwb-brand-naughty-boy","7":"product_brand-naughty-boy","8":"product_cat-amino-acids","9":"product_cat-sports-nutrition","10":"brand_woo-naughty-boy","12":"first","13":"instock","14":"taxable","15":"shipping-taxable","16":"purchasable","17":"product-type-simple"},"jetpack_sharing_enabled":true,"brands":[{"id":488,"name":"Vilain gar\u00e7on","slug":"naughty-boy"}],"_links":{"self":[{"href":"https:\/\/veganova.eu\/fr\/wp-json\/wp\/v2\/product\/54299","targetHints":{"allow":["GET"]}}],"collection":[{"href":"https:\/\/veganova.eu\/fr\/wp-json\/wp\/v2\/product"}],"about":[{"href":"https:\/\/veganova.eu\/fr\/wp-json\/wp\/v2\/types\/product"}],"replies":[{"embeddable":true,"href":"https:\/\/veganova.eu\/fr\/wp-json\/wp\/v2\/comments?post=54299"}],"version-history":[{"count":3,"href":"https:\/\/veganova.eu\/fr\/wp-json\/wp\/v2\/product\/54299\/revisions"}],"predecessor-version":[{"id":59425,"href":"https:\/\/veganova.eu\/fr\/wp-json\/wp\/v2\/product\/54299\/revisions\/59425"}],"wp:featuredmedia":[{"embeddable":true,"href":"https:\/\/veganova.eu\/fr\/wp-json\/wp\/v2\/media\/55838"}],"wp:attachment":[{"href":"https:\/\/veganova.eu\/fr\/wp-json\/wp\/v2\/media?parent=54299"}],"wp:term":[{"taxonomy":"pwb-brand","embeddable":true,"href":"https:\/\/veganova.eu\/fr\/wp-json\/wp\/v2\/pwb-brand?post=54299"},{"taxonomy":"product_brand","embeddable":true,"href":"https:\/\/veganova.eu\/fr\/wp-json\/wp\/v2\/product_brand?post=54299"},{"taxonomy":"product_cat","embeddable":true,"href":"https:\/\/veganova.eu\/fr\/wp-json\/wp\/v2\/product_cat?post=54299"},{"taxonomy":"product_tag","embeddable":true,"href":"https:\/\/veganova.eu\/fr\/wp-json\/wp\/v2\/product_tag?post=54299"}],"curies":[{"name":"wp","href":"https:\/\/api.w.org\/{rel}","templated":true}]}}