{"id":54517,"date":"2025-05-17T15:59:51","date_gmt":"2025-05-17T13:59:51","guid":{"rendered":"https:\/\/veganova.eu\/?post_type=product&#038;p=54517"},"modified":"2026-04-21T07:26:22","modified_gmt":"2026-04-21T05:26:22","slug":"naughty-boy-creatine-unflavored-150g","status":"publish","type":"product","link":"https:\/\/veganova.eu\/fr\/shop\/naughty-boy-creatine-unflavored-150g\/","title":{"rendered":"Naughty Boy Creatine, Unflavored &#8211; 150g"},"content":{"rendered":"<h3>Naughty Boy Creatine, Unflavored &#8211; 150g<\/h3>\n<p>NaughtyBoy Poudre de cr\u00e9atine micronis\u00e9e aromatis\u00e9e - 60 portions.<\/p>\n<p>Notre poudre de cr\u00e9atine micronis\u00e9e contient l'une des formes de cr\u00e9atine les plus \u00e9tudi\u00e9es. Il a \u00e9t\u00e9 scientifiquement d\u00e9montr\u00e9 que la cr\u00e9atine monohydrate augmente les performances d'endurance et la force chez les hommes et les femmes.<\/p>","protected":false},"excerpt":{"rendered":"<p>Naughty Boy Creatine, Unflavored &#8211; 150g. NaughtyBoy Flavoured Micronised Creatine Powder &#8211; 60 Servings. Our micronised creatine powder contains one of the most studied forms of creatine available.<\/p>","protected":false},"featured_media":55780,"comment_status":"closed","ping_status":"closed","template":"","meta":{"advanced_seo_description":"","jetpack_seo_html_title":"","jetpack_seo_noindex":false},"pwb-brand":[488],"product_brand":[4785],"product_cat":[272,132],"product_tag":[],"class_list":{"0":"post-54517","1":"product","2":"type-product","3":"status-publish","4":"has-post-thumbnail","6":"pwb-brand-naughty-boy","7":"product_brand-naughty-boy","8":"product_cat-creatines","9":"product_cat-sports-nutrition","10":"brand_woo-naughty-boy","12":"first","13":"instock","14":"taxable","15":"shipping-taxable","16":"purchasable","17":"product-type-simple"},"jetpack_sharing_enabled":true,"brands":[{"id":488,"name":"Vilain gar\u00e7on","slug":"naughty-boy"}],"_links":{"self":[{"href":"https:\/\/veganova.eu\/fr\/wp-json\/wp\/v2\/product\/54517","targetHints":{"allow":["GET"]}}],"collection":[{"href":"https:\/\/veganova.eu\/fr\/wp-json\/wp\/v2\/product"}],"about":[{"href":"https:\/\/veganova.eu\/fr\/wp-json\/wp\/v2\/types\/product"}],"replies":[{"embeddable":true,"href":"https:\/\/veganova.eu\/fr\/wp-json\/wp\/v2\/comments?post=54517"}],"version-history":[{"count":4,"href":"https:\/\/veganova.eu\/fr\/wp-json\/wp\/v2\/product\/54517\/revisions"}],"predecessor-version":[{"id":59525,"href":"https:\/\/veganova.eu\/fr\/wp-json\/wp\/v2\/product\/54517\/revisions\/59525"}],"wp:featuredmedia":[{"embeddable":true,"href":"https:\/\/veganova.eu\/fr\/wp-json\/wp\/v2\/media\/55780"}],"wp:attachment":[{"href":"https:\/\/veganova.eu\/fr\/wp-json\/wp\/v2\/media?parent=54517"}],"wp:term":[{"taxonomy":"pwb-brand","embeddable":true,"href":"https:\/\/veganova.eu\/fr\/wp-json\/wp\/v2\/pwb-brand?post=54517"},{"taxonomy":"product_brand","embeddable":true,"href":"https:\/\/veganova.eu\/fr\/wp-json\/wp\/v2\/product_brand?post=54517"},{"taxonomy":"product_cat","embeddable":true,"href":"https:\/\/veganova.eu\/fr\/wp-json\/wp\/v2\/product_cat?post=54517"},{"taxonomy":"product_tag","embeddable":true,"href":"https:\/\/veganova.eu\/fr\/wp-json\/wp\/v2\/product_tag?post=54517"}],"curies":[{"name":"wp","href":"https:\/\/api.w.org\/{rel}","templated":true}]}}