{"id":5475,"date":"2023-10-01T17:11:29","date_gmt":"2023-10-01T15:11:29","guid":{"rendered":"https:\/\/veganova.eu\/?post_type=product&#038;p=5475"},"modified":"2026-04-21T07:24:55","modified_gmt":"2026-04-21T05:24:55","slug":"enzymedica-candidase-42-caps","status":"publish","type":"product","link":"https:\/\/veganova.eu\/fr\/shop\/enzymedica-candidase-42-caps\/","title":{"rendered":"Enzymedica Candidase - 42 g\u00e9lules"},"content":{"rendered":"<h3>Enzymedica Candidase - 42 g\u00e9lules<\/h3>\n<p>Le mode de vie et les facteurs environnementaux peuvent avoir un impact important sur la capacit\u00e9 de l'organisme \u00e0 pr\u00e9server des niveaux id\u00e9aux de flore intestinale. Le maintien d'une flore intestinale saine est essentiel \u00e0 la sant\u00e9 globale, car elle renouvelle l'\u00e9nergie de l'organisme et permet aux syst\u00e8mes immunitaire et digestif de fonctionner de mani\u00e8re optimale.<\/p>\n<p>Lorsque la flore intestinale est \u00e9quilibr\u00e9e, les niveaux de levure sont maintenus sous contr\u00f4le et les d\u00e9sagr\u00e9ments occasionnels tels que les probl\u00e8mes de digestion, les envies de sucre, l'irritabilit\u00e9, la fatigue et les troubles de la m\u00e9moire peuvent \u00eatre \u00e9vit\u00e9s.<\/p>\n<p>Candidase contient deux m\u00e9langes d'enzymes qui soutiennent la capacit\u00e9 naturelle de l'organisme \u00e0 maintenir un \u00e9quilibre sain de la flore intestinale. La cellulase d\u00e9compose la paroi cellulaire de la levure tandis que la prot\u00e9ase dig\u00e8re les prot\u00e9ines internes. Cette combinaison permet d'obtenir un effet nettoyant doux, sans les d\u00e9sagr\u00e9ments caus\u00e9s par les nettoyages.<\/p>\n<p>Candidase contient des enzymes Thera-blend. Thera-blend est un proc\u00e9d\u00e9 exclusif qui combine plusieurs souches d'enzymes qui agissent \u00e0 des niveaux de pH sp\u00e9cifiques, ce qui permet d'obtenir des performances sup\u00e9rieures dans l'organisme.<\/p>","protected":false},"excerpt":{"rendered":"<p>Compl\u00e9ment alimentaire v\u00e9g\u00e9talien pour une microflore intestinale saine Enzymedica Candidase aide \u00e0 am\u00e9liorer la digestion, l'irritabilit\u00e9, les envies de sucreries, la fatigue et les troubles de la m\u00e9moire. Sans OGM. L'emballage contient : 42 g\u00e9lules.<\/p>","protected":false},"featured_media":12114,"comment_status":"closed","ping_status":"closed","template":"","meta":{"advanced_seo_description":"","jetpack_seo_html_title":"","jetpack_seo_noindex":false},"pwb-brand":[467],"product_brand":[4767],"product_cat":[596],"product_tag":[1314,1462],"class_list":{"0":"post-5475","1":"product","2":"type-product","3":"status-publish","4":"has-post-thumbnail","6":"pwb-brand-enzymedica","7":"product_brand-enzymedica","8":"product_cat-digestion","9":"product_tag-candida","10":"product_tag-yeast","11":"brand_woo-enzymedica","13":"first","14":"instock","15":"taxable","16":"shipping-taxable","17":"purchasable","18":"product-type-simple"},"jetpack_sharing_enabled":true,"brands":[{"id":467,"name":"Enzymedica","slug":"enzymedica"}],"_links":{"self":[{"href":"https:\/\/veganova.eu\/fr\/wp-json\/wp\/v2\/product\/5475","targetHints":{"allow":["GET"]}}],"collection":[{"href":"https:\/\/veganova.eu\/fr\/wp-json\/wp\/v2\/product"}],"about":[{"href":"https:\/\/veganova.eu\/fr\/wp-json\/wp\/v2\/types\/product"}],"replies":[{"embeddable":true,"href":"https:\/\/veganova.eu\/fr\/wp-json\/wp\/v2\/comments?post=5475"}],"version-history":[{"count":1,"href":"https:\/\/veganova.eu\/fr\/wp-json\/wp\/v2\/product\/5475\/revisions"}],"predecessor-version":[{"id":58530,"href":"https:\/\/veganova.eu\/fr\/wp-json\/wp\/v2\/product\/5475\/revisions\/58530"}],"wp:featuredmedia":[{"embeddable":true,"href":"https:\/\/veganova.eu\/fr\/wp-json\/wp\/v2\/media\/12114"}],"wp:attachment":[{"href":"https:\/\/veganova.eu\/fr\/wp-json\/wp\/v2\/media?parent=5475"}],"wp:term":[{"taxonomy":"pwb-brand","embeddable":true,"href":"https:\/\/veganova.eu\/fr\/wp-json\/wp\/v2\/pwb-brand?post=5475"},{"taxonomy":"product_brand","embeddable":true,"href":"https:\/\/veganova.eu\/fr\/wp-json\/wp\/v2\/product_brand?post=5475"},{"taxonomy":"product_cat","embeddable":true,"href":"https:\/\/veganova.eu\/fr\/wp-json\/wp\/v2\/product_cat?post=5475"},{"taxonomy":"product_tag","embeddable":true,"href":"https:\/\/veganova.eu\/fr\/wp-json\/wp\/v2\/product_tag?post=5475"}],"curies":[{"name":"wp","href":"https:\/\/api.w.org\/{rel}","templated":true}]}}