{"id":55147,"date":"2025-05-17T16:01:27","date_gmt":"2025-05-17T14:01:27","guid":{"rendered":"https:\/\/veganova.eu\/?post_type=product&#038;p=55147"},"modified":"2026-04-21T07:26:47","modified_gmt":"2026-04-21T05:26:47","slug":"naughty-boy-pump-candy-bubblegum-400g","status":"publish","type":"product","link":"https:\/\/veganova.eu\/fr\/shop\/naughty-boy-pump-candy-bubblegum-400g\/","title":{"rendered":"Naughty Boy Pump, Candy Bubblegum &#8211; 400g"},"content":{"rendered":"<h3>Naughty Boy Pump, Candy Bubblegum &#8211; 400g<\/h3>\n<p>NaughtyBoy PUMP 25 portions<\/p>\n<p>Powered By \"CELL SWELL TECHNOLOGY\" (en anglais)<\/p>\n<p>NaughtyBoy PUMP a \u00e9t\u00e9 formul\u00e9 pour couvrir la PUMP, la PERFORMANCE, la FOCUS et l'HYDRATION. NaughtyBoy PUMP contient 11 ingr\u00e9dients cliniquement dos\u00e9s qui, une fois combin\u00e9s, agissent en synergie pour vous donner une performance maximale.<\/p>\n<p>NaughtyBoy PUMP est totalement transparent, ne contient AUCUN stimulant et ne contient AUCUNE substance interdite.<\/p>\n<p>La consistance de la poudre NaughtyBoy PUMP est fine et facile \u00e0 m\u00e9langer, il n'y a pas de CLUMPS avec ces PUMPS.<\/p>","protected":false},"excerpt":{"rendered":"<p>Naughty Boy Pump, Candy Bubblegum &#8211; 400g. NaughtyBoy PUMP 25 Servings  Powered By &#8220;CELL SWELL TECHNOLOGY&#8221;  NaughtyBoy PUMP was formulated to cover PUMP, PERFORMANCE, FOCUS, and HYDRATION. NaughtyBoy PUMP contains 11 clinically dosed ingredients that when combined work synergistically to give you maximum performance.<\/p>","protected":false},"featured_media":55690,"comment_status":"closed","ping_status":"closed","template":"","meta":{"advanced_seo_description":"","jetpack_seo_html_title":"","jetpack_seo_noindex":false},"pwb-brand":[488],"product_brand":[4785],"product_cat":[203,132],"product_tag":[],"class_list":{"0":"post-55147","1":"product","2":"type-product","3":"status-publish","4":"has-post-thumbnail","6":"pwb-brand-naughty-boy","7":"product_brand-naughty-boy","8":"product_cat-pre-workout","9":"product_cat-sports-nutrition","10":"brand_woo-naughty-boy","12":"first","13":"instock","14":"taxable","15":"shipping-taxable","16":"purchasable","17":"product-type-simple"},"jetpack_sharing_enabled":true,"brands":[{"id":488,"name":"Vilain gar\u00e7on","slug":"naughty-boy"}],"_links":{"self":[{"href":"https:\/\/veganova.eu\/fr\/wp-json\/wp\/v2\/product\/55147","targetHints":{"allow":["GET"]}}],"collection":[{"href":"https:\/\/veganova.eu\/fr\/wp-json\/wp\/v2\/product"}],"about":[{"href":"https:\/\/veganova.eu\/fr\/wp-json\/wp\/v2\/types\/product"}],"replies":[{"embeddable":true,"href":"https:\/\/veganova.eu\/fr\/wp-json\/wp\/v2\/comments?post=55147"}],"version-history":[{"count":4,"href":"https:\/\/veganova.eu\/fr\/wp-json\/wp\/v2\/product\/55147\/revisions"}],"predecessor-version":[{"id":59813,"href":"https:\/\/veganova.eu\/fr\/wp-json\/wp\/v2\/product\/55147\/revisions\/59813"}],"wp:featuredmedia":[{"embeddable":true,"href":"https:\/\/veganova.eu\/fr\/wp-json\/wp\/v2\/media\/55690"}],"wp:attachment":[{"href":"https:\/\/veganova.eu\/fr\/wp-json\/wp\/v2\/media?parent=55147"}],"wp:term":[{"taxonomy":"pwb-brand","embeddable":true,"href":"https:\/\/veganova.eu\/fr\/wp-json\/wp\/v2\/pwb-brand?post=55147"},{"taxonomy":"product_brand","embeddable":true,"href":"https:\/\/veganova.eu\/fr\/wp-json\/wp\/v2\/product_brand?post=55147"},{"taxonomy":"product_cat","embeddable":true,"href":"https:\/\/veganova.eu\/fr\/wp-json\/wp\/v2\/product_cat?post=55147"},{"taxonomy":"product_tag","embeddable":true,"href":"https:\/\/veganova.eu\/fr\/wp-json\/wp\/v2\/product_tag?post=55147"}],"curies":[{"name":"wp","href":"https:\/\/api.w.org\/{rel}","templated":true}]}}