{"id":55163,"date":"2025-05-17T16:01:31","date_gmt":"2025-05-17T14:01:31","guid":{"rendered":"https:\/\/veganova.eu\/?post_type=product&#038;p=55163"},"modified":"2026-04-21T07:26:47","modified_gmt":"2026-04-21T05:26:47","slug":"osavi-quercetin-with-bromelain-60-vegan-caps","status":"publish","type":"product","link":"https:\/\/veganova.eu\/fr\/shop\/osavi-quercetin-with-bromelain-60-vegan-caps\/","title":{"rendered":"Osavi Quercetin with Bromelain &#8211; 60 vegan caps"},"content":{"rendered":"<h3>Osavi Quercetin with Bromelain &#8211; 60 vegan caps<\/h3>\n<p>Food supplement in the form of a hard capsule containing FlaviPure\u00ae quercetin extracted from Japanese pagoda tree flower and bromelain, a proteolytic enzyme from pineapple fruit.<\/p>\n<p>Looking for a product to supplement your diet with ingredients of natural origin? Find out how quercetin with bromelain can benefit you .<\/p>\n<p>Every day, we are exposed to a number of external factors that can disturb the harmony of the body. Not surprisingly, in addition to leading a healthy lifestyle, which includes maintaining a balanced diet, regular physical activity and getting enough sleep, many people look for additional ways to support their bodies. Our food supplement is a combination of natural ingredients &#8211; quercetin, a bioactive flavonoid &#8211; and bromelain, a proteolytic enzyme extracted from pineapple fruit. These ingredients are ideal for adding to a varied diet.<br \/>\nQuercetin with bromelain OSAVI is a supplement containing FlaviPure\u00ae &#8211; a high-quality quercetin derived from the flowers of the Japanese pearl plant (Sophora japonica) &#8211; and bromelain, a proteolytic enzyme extracted from the fruit of the edible pineapple (Ananas comosus). The amount of bromelain contained in the product is 2500 GDU\/g. A daily serving provides as much as 500 mg of quercetin, which is extracted from 6,000 mg of Japanese pearl flowers, and 200 mg of bromelain, which is extracted from 3,000 mg of edible pineapple fruit.<\/p>\n<p>What is special about capsules Quercetin with bromelain?<br \/>\n&#8211; A mix containing FlaviPure\u00ae quercetin and bromelain.<br \/>\n&#8211; FlaviPure\u00ae is a high quality quercetin derived from Japanese pagoda tree (Sophora japonica) flowers.<br \/>\n&#8211; Bromelain is a proteolytic enzyme derived from pineapple (Ananas comosus) fruit. The activity of the bromelain contained in the product is 2500 GDU\/g.<br \/>\n&#8211; A daily serving provides 500 mg of quercetin and 200 mg of bromelain.<br \/>\n- Label propre - pas d'additifs inutiles.<br \/>\n- Convient aux v\u00e9g\u00e9tariens et aux v\u00e9g\u00e9taliens.<br \/>\n- Sans gluten, sans lactose, sans soja, sans OGM.<br \/>\n- Emballage en BioPET (30% du plastique provient de la canne \u00e0 sucre)<\/p>","protected":false},"excerpt":{"rendered":"<p>Osavi Quercetin with Bromelain &#8211; 60 vegan caps Food supplement in the form of a hard capsule containing FlaviPure\u00ae quercetin extracted from Japanese pagoda tree flower and bromelain, a proteolytic enzyme from pineapple fruit. Looking for a product to supplement your diet with ingredients of natural origin? Find out how quercetin with bromelain can benefit [&hellip;]<\/p>\n","protected":false},"featured_media":55722,"comment_status":"closed","ping_status":"closed","template":"","meta":{"advanced_seo_description":"","jetpack_seo_html_title":"","jetpack_seo_noindex":false},"pwb-brand":[379],"product_brand":[4700],"product_cat":[597],"product_tag":[],"class_list":{"0":"post-55163","1":"product","2":"type-product","3":"status-publish","4":"has-post-thumbnail","6":"pwb-brand-osavi","7":"product_brand-osavi","8":"product_cat-body-immunity","9":"brand_woo-osavi","11":"first","12":"instock","13":"taxable","14":"shipping-taxable","15":"purchasable","16":"product-type-simple"},"jetpack_sharing_enabled":true,"brands":[{"id":379,"name":"Osavi","slug":"osavi"}],"_links":{"self":[{"href":"https:\/\/veganova.eu\/fr\/wp-json\/wp\/v2\/product\/55163","targetHints":{"allow":["GET"]}}],"collection":[{"href":"https:\/\/veganova.eu\/fr\/wp-json\/wp\/v2\/product"}],"about":[{"href":"https:\/\/veganova.eu\/fr\/wp-json\/wp\/v2\/types\/product"}],"replies":[{"embeddable":true,"href":"https:\/\/veganova.eu\/fr\/wp-json\/wp\/v2\/comments?post=55163"}],"version-history":[{"count":3,"href":"https:\/\/veganova.eu\/fr\/wp-json\/wp\/v2\/product\/55163\/revisions"}],"predecessor-version":[{"id":59821,"href":"https:\/\/veganova.eu\/fr\/wp-json\/wp\/v2\/product\/55163\/revisions\/59821"}],"wp:featuredmedia":[{"embeddable":true,"href":"https:\/\/veganova.eu\/fr\/wp-json\/wp\/v2\/media\/55722"}],"wp:attachment":[{"href":"https:\/\/veganova.eu\/fr\/wp-json\/wp\/v2\/media?parent=55163"}],"wp:term":[{"taxonomy":"pwb-brand","embeddable":true,"href":"https:\/\/veganova.eu\/fr\/wp-json\/wp\/v2\/pwb-brand?post=55163"},{"taxonomy":"product_brand","embeddable":true,"href":"https:\/\/veganova.eu\/fr\/wp-json\/wp\/v2\/product_brand?post=55163"},{"taxonomy":"product_cat","embeddable":true,"href":"https:\/\/veganova.eu\/fr\/wp-json\/wp\/v2\/product_cat?post=55163"},{"taxonomy":"product_tag","embeddable":true,"href":"https:\/\/veganova.eu\/fr\/wp-json\/wp\/v2\/product_tag?post=55163"}],"curies":[{"name":"wp","href":"https:\/\/api.w.org\/{rel}","templated":true}]}}