{"id":55355,"date":"2025-05-17T16:01:58","date_gmt":"2025-05-17T14:01:58","guid":{"rendered":"https:\/\/veganova.eu\/?post_type=product&#038;p=55355"},"modified":"2026-04-21T07:26:55","modified_gmt":"2026-04-21T05:26:55","slug":"himalaya-whitening-antiplaque-toothpaste-charcoal-black-seed-oil-mint-75ml","status":"publish","type":"product","link":"https:\/\/veganova.eu\/fr\/shop\/himalaya-whitening-antiplaque-toothpaste-charcoal-black-seed-oil-mint-75ml\/","title":{"rendered":"Himalaya Whitening Antiplaque Toothpaste Charcoal + Black Seed Oil, Mint &#8211; 75ml."},"content":{"rendered":"<h3>Himalaya Whitening Antiplaque Toothpaste Charcoal + Black Seed Oil, Mint &#8211; 75ml.<\/h3>\n<p>Le dentifrice blanchissant antiplaque au charbon et \u00e0 l'huile de graines noires est formul\u00e9 avec le pouvoir nettoyant du charbon, la menthe qui rafra\u00eechit l'haleine et l'huile de graines noires antimicrobienne pour des dents plus \u00e9clatantes et une haleine fra\u00eeche !<\/p>","protected":false},"excerpt":{"rendered":"<p>Himalaya Whitening Antiplaque Toothpaste Charcoal + Black Seed Oil, Mint &#8211; 75ml. Whitening Antiplaque Toothpaste with Charcoal &amp; Black Seed Oil is formulated with the cleansing power of charcoal, breath-freshening mint and the anti-microbial black seed oil for brighter teeth and fresh breath!<\/p>","protected":false},"featured_media":55852,"comment_status":"closed","ping_status":"closed","template":"","meta":{"advanced_seo_description":"","jetpack_seo_html_title":"","jetpack_seo_noindex":false},"pwb-brand":[690],"product_brand":[4859],"product_cat":[684,689],"product_tag":[1136,1559],"class_list":{"0":"post-55355","1":"product","2":"type-product","3":"status-publish","4":"has-post-thumbnail","6":"pwb-brand-himalaya","7":"product_brand-himalaya","8":"product_cat-clean-beauty","9":"product_cat-natural-cosmetics","10":"product_tag-healthy-teeth","11":"product_tag-white-teeth","12":"brand_woo-himalaya","14":"first","15":"instock","16":"taxable","17":"shipping-taxable","18":"purchasable","19":"product-type-simple"},"jetpack_sharing_enabled":true,"brands":[{"id":690,"name":"Himalaya","slug":"himalaya"}],"_links":{"self":[{"href":"https:\/\/veganova.eu\/fr\/wp-json\/wp\/v2\/product\/55355","targetHints":{"allow":["GET"]}}],"collection":[{"href":"https:\/\/veganova.eu\/fr\/wp-json\/wp\/v2\/product"}],"about":[{"href":"https:\/\/veganova.eu\/fr\/wp-json\/wp\/v2\/types\/product"}],"replies":[{"embeddable":true,"href":"https:\/\/veganova.eu\/fr\/wp-json\/wp\/v2\/comments?post=55355"}],"version-history":[{"count":4,"href":"https:\/\/veganova.eu\/fr\/wp-json\/wp\/v2\/product\/55355\/revisions"}],"predecessor-version":[{"id":57296,"href":"https:\/\/veganova.eu\/fr\/wp-json\/wp\/v2\/product\/55355\/revisions\/57296"}],"wp:featuredmedia":[{"embeddable":true,"href":"https:\/\/veganova.eu\/fr\/wp-json\/wp\/v2\/media\/55852"}],"wp:attachment":[{"href":"https:\/\/veganova.eu\/fr\/wp-json\/wp\/v2\/media?parent=55355"}],"wp:term":[{"taxonomy":"pwb-brand","embeddable":true,"href":"https:\/\/veganova.eu\/fr\/wp-json\/wp\/v2\/pwb-brand?post=55355"},{"taxonomy":"product_brand","embeddable":true,"href":"https:\/\/veganova.eu\/fr\/wp-json\/wp\/v2\/product_brand?post=55355"},{"taxonomy":"product_cat","embeddable":true,"href":"https:\/\/veganova.eu\/fr\/wp-json\/wp\/v2\/product_cat?post=55355"},{"taxonomy":"product_tag","embeddable":true,"href":"https:\/\/veganova.eu\/fr\/wp-json\/wp\/v2\/product_tag?post=55355"}],"curies":[{"name":"wp","href":"https:\/\/api.w.org\/{rel}","templated":true}]}}