{"id":5751,"date":"2023-10-01T17:11:41","date_gmt":"2023-10-01T15:11:41","guid":{"rendered":"https:\/\/veganova.eu\/?post_type=product&#038;p=5751"},"modified":"2026-04-21T07:24:57","modified_gmt":"2026-04-21T05:24:57","slug":"naughty-boy-summer-vibes-amino-eaa-blue-razz-bon-bons-345g","status":"publish","type":"product","link":"https:\/\/veganova.eu\/fr\/shop\/naughty-boy-summer-vibes-amino-eaa-blue-razz-bon-bons-345g\/","title":{"rendered":"Naughty Boy Summer Vibes - Amino EAA, Blue Razz Bon Bons - 345g"},"content":{"rendered":"<h3>Naughty Boy Summer Vibes - Amino EAA, Blue Razz Bon Bons - 345g<\/h3>\n<p>SUMMER VIBES AMINO EAA - 30 PORTIONS<\/p>\n<p>AMINO EAA est formul\u00e9 avec 8,5 grammes de BCAA et EAA ferment\u00e9s v\u00e9g\u00e9taliens. AMINO EAA aide \u00e0 promouvoir la synth\u00e8se des prot\u00e9ines musculaires, \u00e0 am\u00e9liorer la r\u00e9cup\u00e9ration et \u00e0 augmenter l'endurance \u00e0 l'entra\u00eenement.<\/p>","protected":false},"excerpt":{"rendered":"<p>Naughty Boy Summer Vibes vegan amino acids contain 8.5g of BCAA and EAA amino acids, which are necessary for muscle regeneration and increased sports performance. Flavor: Blue Razz Bon Bons. Content: 345g.<\/p>","protected":false},"featured_media":52855,"comment_status":"closed","ping_status":"closed","template":"","meta":{"advanced_seo_description":"","jetpack_seo_html_title":"","jetpack_seo_noindex":false},"pwb-brand":[488],"product_brand":[4785],"product_cat":[174,132],"product_tag":[1470,1214],"class_list":{"0":"post-5751","1":"product","2":"type-product","3":"status-publish","4":"has-post-thumbnail","6":"pwb-brand-naughty-boy","7":"product_brand-naughty-boy","8":"product_cat-amino-acids","9":"product_cat-sports-nutrition","10":"product_tag-increasing-sports-performance","11":"product_tag-muscle-regeneration","12":"brand_woo-naughty-boy","14":"first","15":"instock","16":"taxable","17":"shipping-taxable","18":"purchasable","19":"product-type-simple"},"jetpack_sharing_enabled":true,"brands":[{"id":488,"name":"Vilain gar\u00e7on","slug":"naughty-boy"}],"_links":{"self":[{"href":"https:\/\/veganova.eu\/fr\/wp-json\/wp\/v2\/product\/5751","targetHints":{"allow":["GET"]}}],"collection":[{"href":"https:\/\/veganova.eu\/fr\/wp-json\/wp\/v2\/product"}],"about":[{"href":"https:\/\/veganova.eu\/fr\/wp-json\/wp\/v2\/types\/product"}],"replies":[{"embeddable":true,"href":"https:\/\/veganova.eu\/fr\/wp-json\/wp\/v2\/comments?post=5751"}],"version-history":[{"count":1,"href":"https:\/\/veganova.eu\/fr\/wp-json\/wp\/v2\/product\/5751\/revisions"}],"predecessor-version":[{"id":58549,"href":"https:\/\/veganova.eu\/fr\/wp-json\/wp\/v2\/product\/5751\/revisions\/58549"}],"wp:featuredmedia":[{"embeddable":true,"href":"https:\/\/veganova.eu\/fr\/wp-json\/wp\/v2\/media\/52855"}],"wp:attachment":[{"href":"https:\/\/veganova.eu\/fr\/wp-json\/wp\/v2\/media?parent=5751"}],"wp:term":[{"taxonomy":"pwb-brand","embeddable":true,"href":"https:\/\/veganova.eu\/fr\/wp-json\/wp\/v2\/pwb-brand?post=5751"},{"taxonomy":"product_brand","embeddable":true,"href":"https:\/\/veganova.eu\/fr\/wp-json\/wp\/v2\/product_brand?post=5751"},{"taxonomy":"product_cat","embeddable":true,"href":"https:\/\/veganova.eu\/fr\/wp-json\/wp\/v2\/product_cat?post=5751"},{"taxonomy":"product_tag","embeddable":true,"href":"https:\/\/veganova.eu\/fr\/wp-json\/wp\/v2\/product_tag?post=5751"}],"curies":[{"name":"wp","href":"https:\/\/api.w.org\/{rel}","templated":true}]}}