{"id":5762,"date":"2023-10-01T17:11:47","date_gmt":"2023-10-01T15:11:47","guid":{"rendered":"https:\/\/veganova.eu\/?post_type=product&#038;p=5762"},"modified":"2026-04-29T02:24:34","modified_gmt":"2026-04-29T00:24:34","slug":"jnx-sports-the-curse-creatine-unflavored-300g","status":"publish","type":"product","link":"https:\/\/veganova.eu\/fr\/shop\/jnx-sports-the-curse-creatine-unflavored-300g\/","title":{"rendered":"JNX Sports The Curse ! Creatine, non aromatis\u00e9e - 300g"},"content":{"rendered":"<h3>JNX Sports The Curse ! Creatine, non aromatis\u00e9e - 300g<\/h3>\n<p>Lib\u00e9rez votre c\u00f4t\u00e9 obscur avec The Curse ! Cr\u00e9atine monohydrate pure micronis\u00e9e ! L'un des suppl\u00e9ments sportifs les plus populaires et les plus \u00e9tudi\u00e9s, la cr\u00e9atine monohydrate a montr\u00e9 qu'elle augmentait de mani\u00e8re significative la taille, la force et la puissance des muscles lorsqu'elle est associ\u00e9e \u00e0 des activit\u00e9s de haute intensit\u00e9. La mal\u00e9diction ! La cr\u00e9atine ne contient ni additifs, ni colorants, ni ar\u00f4mes artificiels. Il s'agit d'une m\u00e9decine pour le chaos !<\/p>","protected":false},"excerpt":{"rendered":"<p>Cr\u00e9atine v\u00e9g\u00e9talienne en poudre JNX Sports The Curse ! Creatine contient de la cr\u00e9atine pure pour augmenter la force, les muscles et les performances. Sans colorants ni ar\u00f4mes artificiels. Un vrai m\u00e9dicament - une mal\u00e9diction finie ! Sans gluten, certification v\u00e9g\u00e9talienne. Contenu : 300g.<\/p>","protected":false},"featured_media":52842,"comment_status":"closed","ping_status":"closed","template":"","meta":{"advanced_seo_description":"","jetpack_seo_html_title":"","jetpack_seo_noindex":false},"pwb-brand":[491],"product_brand":[4788],"product_cat":[272,132],"product_tag":[1208,1181,1476,1207,1477],"class_list":{"0":"post-5762","1":"product","2":"type-product","3":"status-publish","4":"has-post-thumbnail","6":"pwb-brand-jnx-sports","7":"product_brand-jnx-sports","8":"product_cat-creatines","9":"product_cat-sports-nutrition","10":"product_tag-muscles","11":"product_tag-performance","12":"product_tag-pure-creatine","13":"product_tag-strength","14":"product_tag-vegan-sports-nutrition","15":"brand_woo-jnx-sports","17":"first","18":"instock","19":"taxable","20":"shipping-taxable","21":"purchasable","22":"product-type-simple"},"jetpack_sharing_enabled":true,"brands":[{"id":491,"name":"JNX Sports","slug":"jnx-sports"}],"_links":{"self":[{"href":"https:\/\/veganova.eu\/fr\/wp-json\/wp\/v2\/product\/5762","targetHints":{"allow":["GET"]}}],"collection":[{"href":"https:\/\/veganova.eu\/fr\/wp-json\/wp\/v2\/product"}],"about":[{"href":"https:\/\/veganova.eu\/fr\/wp-json\/wp\/v2\/types\/product"}],"replies":[{"embeddable":true,"href":"https:\/\/veganova.eu\/fr\/wp-json\/wp\/v2\/comments?post=5762"}],"version-history":[{"count":1,"href":"https:\/\/veganova.eu\/fr\/wp-json\/wp\/v2\/product\/5762\/revisions"}],"predecessor-version":[{"id":54112,"href":"https:\/\/veganova.eu\/fr\/wp-json\/wp\/v2\/product\/5762\/revisions\/54112"}],"wp:featuredmedia":[{"embeddable":true,"href":"https:\/\/veganova.eu\/fr\/wp-json\/wp\/v2\/media\/52842"}],"wp:attachment":[{"href":"https:\/\/veganova.eu\/fr\/wp-json\/wp\/v2\/media?parent=5762"}],"wp:term":[{"taxonomy":"pwb-brand","embeddable":true,"href":"https:\/\/veganova.eu\/fr\/wp-json\/wp\/v2\/pwb-brand?post=5762"},{"taxonomy":"product_brand","embeddable":true,"href":"https:\/\/veganova.eu\/fr\/wp-json\/wp\/v2\/product_brand?post=5762"},{"taxonomy":"product_cat","embeddable":true,"href":"https:\/\/veganova.eu\/fr\/wp-json\/wp\/v2\/product_cat?post=5762"},{"taxonomy":"product_tag","embeddable":true,"href":"https:\/\/veganova.eu\/fr\/wp-json\/wp\/v2\/product_tag?post=5762"}],"curies":[{"name":"wp","href":"https:\/\/api.w.org\/{rel}","templated":true}]}}