{"id":8698,"date":"2023-10-01T17:12:14","date_gmt":"2023-10-01T15:12:14","guid":{"rendered":"https:\/\/veganova.eu\/?post_type=product&#038;p=8698"},"modified":"2026-04-21T07:25:03","modified_gmt":"2026-04-21T05:25:03","slug":"garden-of-life-beauty-beets-gummies-raspberry-60-fruit-gummies","status":"publish","type":"product","link":"https:\/\/veganova.eu\/fr\/shop\/garden-of-life-beauty-beets-gummies-raspberry-60-fruit-gummies\/","title":{"rendered":"Garden of Life Beauty Beets Gummies, Raspberry - 60 gummies de fruits"},"content":{"rendered":"<h3>Garden of Life Beauty Beets Gummies, Raspberry - 60 gummies de fruits<\/h3>\n<p>Si vous souhaitez avoir une peau d'apparence jeune, des cheveux sains et du collag\u00e8ne, ajoutez ce savoureux suppl\u00e9ment sous forme de g\u00e9lules \u00e0 votre programme de beaut\u00e9 - Beets Beauty Gummies !<\/p>\n<p>Remplis d'antioxydants 1 pour soutenir la sant\u00e9 de la peau, ces gommes de beaut\u00e9 \u00e0 la betterave biologique contiennent 10 mg de silice de bambou biologique. Avec des vitamines C et B12 ajout\u00e9es, ainsi que de la biotine pour une peau et des cheveux sains, ces gommes \u00e0 la betterave sont disponibles dans un go\u00fbt savoureux de framboise.<\/p>\n<p>Les Beets Beauty Gummies sont certifi\u00e9s USDA Organic, Non-GMO Project Verified, NSF Certified Gluten Free et Certified Vegan.<\/p>\n<p>Principaux avantages :<\/p>\n<p>Avec du concentr\u00e9 de betterave biologique et de la silice de bambou biologique dans ces d\u00e9licieuses gommes de beaut\u00e9 \u00e0 la framboise.<br \/>\nContient de la biotine, de la vitamine C et de la vitamine B12.<br \/>\nFavorise la jeunesse et la sant\u00e9 de la peau gr\u00e2ce \u00e0 la biotine 2<br \/>\nFavorise la formation de collag\u00e8ne 3<\/p>\n<p>D\u00e9tails di\u00e9t\u00e9tiques :<\/p>\n<p>Biologique<br \/>\nSans OGM<br \/>\nV\u00e9g\u00e9talien<br \/>\nSans gluten<br \/>\nSans soja<\/p>\n<p>1 La vitamine C contribue \u00e0 la protection des cellules contre le stress oxydatif.<\/p>\n<p>2 La biotine contribue au maintien d'une peau et de cheveux normaux.<\/p>\n<p>3 La vitamine C contribue \u00e0 la formation normale de collag\u00e8ne pour le bon fonctionnement de la peau.<\/p>","protected":false},"excerpt":{"rendered":"<p>Le suppl\u00e9ment naturel de beaut\u00e9 Garden of Life Beauty Beets Gummies au go\u00fbt de framboise aide \u00e0 construire le collag\u00e8ne, pour vos cheveux, votre peau et vos articulations. V\u00e9g\u00e9talien, biologique, sans OGM, sans gluten et sans soja. Contenu : 60 gommes.<\/p>","protected":false},"featured_media":53284,"comment_status":"closed","ping_status":"closed","template":"","meta":{"advanced_seo_description":"","jetpack_seo_html_title":"","jetpack_seo_noindex":false},"pwb-brand":[303],"product_brand":[4625],"product_cat":[688],"product_tag":[599,601,602],"class_list":{"0":"post-8698","1":"product","2":"type-product","3":"status-publish","4":"has-post-thumbnail","6":"pwb-brand-garden-of-life","7":"product_brand-garden-of-life","8":"product_cat-beauty-supplements","9":"product_tag-gluten-free","10":"product_tag-non-gmo","11":"product_tag-vegan","12":"brand_woo-garden-of-life","14":"first","15":"outofstock","16":"sale","17":"taxable","18":"shipping-taxable","19":"purchasable","20":"product-type-simple"},"jetpack_sharing_enabled":true,"brands":[{"id":303,"name":"Le jardin de la vie","slug":"garden-of-life"}],"_links":{"self":[{"href":"https:\/\/veganova.eu\/fr\/wp-json\/wp\/v2\/product\/8698","targetHints":{"allow":["GET"]}}],"collection":[{"href":"https:\/\/veganova.eu\/fr\/wp-json\/wp\/v2\/product"}],"about":[{"href":"https:\/\/veganova.eu\/fr\/wp-json\/wp\/v2\/types\/product"}],"replies":[{"embeddable":true,"href":"https:\/\/veganova.eu\/fr\/wp-json\/wp\/v2\/comments?post=8698"}],"version-history":[{"count":1,"href":"https:\/\/veganova.eu\/fr\/wp-json\/wp\/v2\/product\/8698\/revisions"}],"predecessor-version":[{"id":58625,"href":"https:\/\/veganova.eu\/fr\/wp-json\/wp\/v2\/product\/8698\/revisions\/58625"}],"wp:featuredmedia":[{"embeddable":true,"href":"https:\/\/veganova.eu\/fr\/wp-json\/wp\/v2\/media\/53284"}],"wp:attachment":[{"href":"https:\/\/veganova.eu\/fr\/wp-json\/wp\/v2\/media?parent=8698"}],"wp:term":[{"taxonomy":"pwb-brand","embeddable":true,"href":"https:\/\/veganova.eu\/fr\/wp-json\/wp\/v2\/pwb-brand?post=8698"},{"taxonomy":"product_brand","embeddable":true,"href":"https:\/\/veganova.eu\/fr\/wp-json\/wp\/v2\/product_brand?post=8698"},{"taxonomy":"product_cat","embeddable":true,"href":"https:\/\/veganova.eu\/fr\/wp-json\/wp\/v2\/product_cat?post=8698"},{"taxonomy":"product_tag","embeddable":true,"href":"https:\/\/veganova.eu\/fr\/wp-json\/wp\/v2\/product_tag?post=8698"}],"curies":[{"name":"wp","href":"https:\/\/api.w.org\/{rel}","templated":true}]}}