{"id":8702,"date":"2023-10-01T17:12:15","date_gmt":"2023-10-01T15:12:15","guid":{"rendered":"https:\/\/veganova.eu\/?post_type=product&#038;p=8702"},"modified":"2026-04-21T07:25:03","modified_gmt":"2026-04-21T05:25:03","slug":"now-foods-beet-root-capsules-180-vcaps","status":"publish","type":"product","link":"https:\/\/veganova.eu\/fr\/shop\/now-foods-beet-root-capsules-180-vcaps\/","title":{"rendered":"NOW Foods G\u00e9lules de Racine de Betterave - 180 vcaps"},"content":{"rendered":"<h3>NOW Foods G\u00e9lules de Racine de Betterave - 180 vcaps<\/h3>\n<p>Soutien du syst\u00e8me immunitaire<br \/>\n550 mg<br \/>\nNitrates naturels<\/p>\n<p>La racine de betterave contenue dans ce produit provient de betteraves s\u00e9ch\u00e9es sans OGM et n'est pas un extrait. Les betteraves regorgent d'une vari\u00e9t\u00e9 de compos\u00e9s naturels, notamment de nitrates, de compos\u00e9s ph\u00e9noliques et d'autres phytonutriments qui contribuent \u00e0 leurs propri\u00e9t\u00e9s de soutien immunitaire et de neutralisation des radicaux libres.<\/p>","protected":false},"excerpt":{"rendered":"<p>Suppl\u00e9ment nutritionnel v\u00e9g\u00e9talien \u00e0 base d'extrait de betterave NOW Foods Beet Root Capsules fournit \u00e0 l'organisme des antioxydants et renforce l'immunit\u00e9. Contenu de l'emballage : 180 g\u00e9lules v\u00e9g\u00e9taliennes.<\/p>","protected":false},"featured_media":52801,"comment_status":"closed","ping_status":"closed","template":"","meta":{"advanced_seo_description":"","jetpack_seo_html_title":"","jetpack_seo_noindex":false},"pwb-brand":[173],"product_brand":[4580],"product_cat":[149],"product_tag":[1414,1037,1158,1304,1380,1153],"class_list":{"0":"post-8702","1":"product","2":"type-product","3":"status-publish","4":"has-post-thumbnail","6":"pwb-brand-now-foods","7":"product_brand-now-foods","8":"product_cat-superfoods","9":"product_tag-antioxidants","10":"product_tag-detox","11":"product_tag-heart","12":"product_tag-hematopoiesis","13":"product_tag-oxidative-stress","14":"product_tag-vessels","15":"brand_woo-now-foods","17":"first","18":"instock","19":"taxable","20":"shipping-taxable","21":"purchasable","22":"product-type-simple"},"jetpack_sharing_enabled":true,"brands":[{"id":173,"name":"NOW Foods","slug":"now-foods"}],"_links":{"self":[{"href":"https:\/\/veganova.eu\/fr\/wp-json\/wp\/v2\/product\/8702","targetHints":{"allow":["GET"]}}],"collection":[{"href":"https:\/\/veganova.eu\/fr\/wp-json\/wp\/v2\/product"}],"about":[{"href":"https:\/\/veganova.eu\/fr\/wp-json\/wp\/v2\/types\/product"}],"replies":[{"embeddable":true,"href":"https:\/\/veganova.eu\/fr\/wp-json\/wp\/v2\/comments?post=8702"}],"version-history":[{"count":1,"href":"https:\/\/veganova.eu\/fr\/wp-json\/wp\/v2\/product\/8702\/revisions"}],"predecessor-version":[{"id":58627,"href":"https:\/\/veganova.eu\/fr\/wp-json\/wp\/v2\/product\/8702\/revisions\/58627"}],"wp:featuredmedia":[{"embeddable":true,"href":"https:\/\/veganova.eu\/fr\/wp-json\/wp\/v2\/media\/52801"}],"wp:attachment":[{"href":"https:\/\/veganova.eu\/fr\/wp-json\/wp\/v2\/media?parent=8702"}],"wp:term":[{"taxonomy":"pwb-brand","embeddable":true,"href":"https:\/\/veganova.eu\/fr\/wp-json\/wp\/v2\/pwb-brand?post=8702"},{"taxonomy":"product_brand","embeddable":true,"href":"https:\/\/veganova.eu\/fr\/wp-json\/wp\/v2\/product_brand?post=8702"},{"taxonomy":"product_cat","embeddable":true,"href":"https:\/\/veganova.eu\/fr\/wp-json\/wp\/v2\/product_cat?post=8702"},{"taxonomy":"product_tag","embeddable":true,"href":"https:\/\/veganova.eu\/fr\/wp-json\/wp\/v2\/product_tag?post=8702"}],"curies":[{"name":"wp","href":"https:\/\/api.w.org\/{rel}","templated":true}]}}