{"id":8724,"date":"2023-10-01T17:12:21","date_gmt":"2023-10-01T15:12:21","guid":{"rendered":"https:\/\/veganova.eu\/?post_type=product&#038;p=8724"},"modified":"2026-04-21T07:25:04","modified_gmt":"2026-04-21T05:25:04","slug":"natural-vitality-calm-magnesium-powder-raspberry-lemon-113g","status":"publish","type":"product","link":"https:\/\/veganova.eu\/fr\/shop\/natural-vitality-calm-magnesium-powder-raspberry-lemon-113g\/","title":{"rendered":"Natural Vitality Calm Magn\u00e9sium en poudre, Framboise Citron - 113g"},"content":{"rendered":"<h3>Natural Vitality Calm Magn\u00e9sium en poudre, Framboise Citron - 113g<\/h3>\n<p>Nous ADORONS le magn\u00e9sium pour ses bienfaits sur l'humeur. Mais le fait est que le magn\u00e9sium est essentiel pour plus de 300 processus dans le corps, et pourtant la plupart d'entre nous n'en consomment pas assez. Alors, m\u00eame si vous buvez une gorg\u00e9e pour retrouver la s\u00e9r\u00e9nit\u00e9, sachez que vous faites bien plus pour votre bien-\u00eatre.<\/p>\n<p>HUMEUR \u00c9QUILIBR\u00c9E<br \/>\nNotre avantage pr\u00e9f\u00e9r\u00e9 du magn\u00e9sium, bien s\u00fbr, est sa capacit\u00e9 \u00e0 favoriser une humeur \u00e9quilibr\u00e9e et une r\u00e9ponse saine au stress. Il soulage \u00e9galement les tensions et vous aide \u00e0 vous d\u00e9tendre*.<\/p>\n<p>RELAXATION NOCTURNE<br \/>\nLe magn\u00e9sium aide \u00e0 soulager la tension et \u00e0 se d\u00e9tendre pour une bonne nuit de sommeil*.<\/p>\n<p>FONCTION MUSCULAIRE<br \/>\nLorsque nous disons que le magn\u00e9sium est un min\u00e9ral essentiel, nous le pensons vraiment. Vos muscles en ont besoin pour se contracter et se d\u00e9tendre. Cela signifie que plus vous \u00eates actif, plus vous en avez besoin pour favoriser une fonction musculaire saine*.<\/p>\n<p>FONCTION DU CERVEAU ET DU SYST\u00c8ME NERVEUX<br \/>\nLe magn\u00e9sium prot\u00e8ge la paroi des nerfs et les aide \u00e0 communiquer entre eux. En fin de compte, il favorise le bon fonctionnement g\u00e9n\u00e9ral des nerfs et du cerveau*.<\/p>\n<p>SANT\u00c9 CARDIOVASCULAIRE<br \/>\nUne autre raison d'aimer le magn\u00e9sium ? Votre c\u0153ur. Non seulement il aide \u00e0 maintenir une tension art\u00e9rielle saine, mais il est \u00e9galement n\u00e9cessaire \u00e0 une contraction cardiaque normale*.<\/p>\n<p>DENSIT\u00c9 OSSEUSE<br \/>\nLe maintien d'un niveau quotidien de magn\u00e9sium vous aide \u00e0 conserver des os en bonne sant\u00e9. Si vous n'en consommez pas suffisamment, la capacit\u00e9 de votre corps \u00e0 absorber le calcium et la vitamine D peut \u00eatre affect\u00e9e*.<\/p>","protected":false},"excerpt":{"rendered":"<p>Compl\u00e9ment alimentaire v\u00e9g\u00e9talien sous forme de poudre Natural Vitality Calm contenant du magn\u00e9sium, est id\u00e9al pour un sommeil sain, une bonne humeur, un bon fonctionnement des muscles, du cerveau, du syst\u00e8me nerveux, un c\u0153ur sain et des os solides. Saveur : Framboise Citron. Contenu de l'emballage : 113g.<\/p>","protected":false},"featured_media":52784,"comment_status":"closed","ping_status":"closed","template":"","meta":{"advanced_seo_description":"","jetpack_seo_html_title":"","jetpack_seo_noindex":false},"pwb-brand":[422],"product_brand":[4732],"product_cat":[286,143],"product_tag":[1146,1208,1197,1079,1126,1229],"class_list":{"0":"post-8724","1":"product","2":"type-product","3":"status-publish","4":"has-post-thumbnail","6":"pwb-brand-natural-vitality","7":"product_brand-natural-vitality","8":"product_cat-for-a-better-mood","9":"product_cat-health-issues","10":"product_tag-good-mood","11":"product_tag-muscles","12":"product_tag-regeneration","13":"product_tag-relaxation","14":"product_tag-stress","15":"product_tag-wellness","16":"brand_woo-natural-vitality","18":"first","19":"outofstock","20":"taxable","21":"shipping-taxable","22":"purchasable","23":"product-type-simple"},"jetpack_sharing_enabled":true,"brands":[{"id":422,"name":"Vitalit\u00e9 naturelle","slug":"natural-vitality"}],"_links":{"self":[{"href":"https:\/\/veganova.eu\/fr\/wp-json\/wp\/v2\/product\/8724","targetHints":{"allow":["GET"]}}],"collection":[{"href":"https:\/\/veganova.eu\/fr\/wp-json\/wp\/v2\/product"}],"about":[{"href":"https:\/\/veganova.eu\/fr\/wp-json\/wp\/v2\/types\/product"}],"replies":[{"embeddable":true,"href":"https:\/\/veganova.eu\/fr\/wp-json\/wp\/v2\/comments?post=8724"}],"version-history":[{"count":1,"href":"https:\/\/veganova.eu\/fr\/wp-json\/wp\/v2\/product\/8724\/revisions"}],"predecessor-version":[{"id":58638,"href":"https:\/\/veganova.eu\/fr\/wp-json\/wp\/v2\/product\/8724\/revisions\/58638"}],"wp:featuredmedia":[{"embeddable":true,"href":"https:\/\/veganova.eu\/fr\/wp-json\/wp\/v2\/media\/52784"}],"wp:attachment":[{"href":"https:\/\/veganova.eu\/fr\/wp-json\/wp\/v2\/media?parent=8724"}],"wp:term":[{"taxonomy":"pwb-brand","embeddable":true,"href":"https:\/\/veganova.eu\/fr\/wp-json\/wp\/v2\/pwb-brand?post=8724"},{"taxonomy":"product_brand","embeddable":true,"href":"https:\/\/veganova.eu\/fr\/wp-json\/wp\/v2\/product_brand?post=8724"},{"taxonomy":"product_cat","embeddable":true,"href":"https:\/\/veganova.eu\/fr\/wp-json\/wp\/v2\/product_cat?post=8724"},{"taxonomy":"product_tag","embeddable":true,"href":"https:\/\/veganova.eu\/fr\/wp-json\/wp\/v2\/product_tag?post=8724"}],"curies":[{"name":"wp","href":"https:\/\/api.w.org\/{rel}","templated":true}]}}