{"id":8734,"date":"2023-10-01T17:12:25","date_gmt":"2023-10-01T15:12:25","guid":{"rendered":"https:\/\/veganova.eu\/?post_type=product&#038;p=8734"},"modified":"2026-04-21T07:25:04","modified_gmt":"2026-04-21T05:25:04","slug":"kiki-health-cognitive-60-vcaps","status":"publish","type":"product","link":"https:\/\/veganova.eu\/fr\/shop\/kiki-health-cognitive-60-vcaps\/","title":{"rendered":"KIKI Sant\u00e9 Cognitive - 60 vcaps"},"content":{"rendered":"<h3>KIKI Sant\u00e9 Cognitive - 60 vcaps<\/h3>\n<p>Notre \u00e9quipe d'experts a formul\u00e9 ce nouveau m\u00e9lange d'ingr\u00e9dients puissants qui contribuent tous \u00e0 soutenir le cerveau, la m\u00e9moire, le stress et les performances mentales.<\/p>\n<p>Chaque ingr\u00e9dient a \u00e9t\u00e9 obtenu de mani\u00e8re durable aupr\u00e8s de fournisseurs de haute qualit\u00e9 afin de garantir sa puret\u00e9 et son efficacit\u00e9.<\/p>\n<p>Cette nouvelle formule exclusive combine des nootropiques et des adaptog\u00e8nes qui soutiennent le d\u00e9veloppement cognitif.<\/p>\n<p>En plus de l'iode provenant du varech, qui soutient les fonctions cognitives et neurologiques et qui est essentiel pour les performances et l'activit\u00e9 mentales, nos g\u00e9lules Cognitive contiennent \u00e9galement des extraits de haute qualit\u00e9 de Brahmi, de crini\u00e8re de lion, de choline, de Gotu Kola et de Gingko.<\/p>\n<p>Ensemble, ces ingr\u00e9dients soutiennent les fonctions c\u00e9r\u00e9brales et mentales.<\/p>","protected":false},"excerpt":{"rendered":"<p>Compl\u00e9ment alimentaire v\u00e9g\u00e9talien KIKI Health Cognitive contenant des extraits de Brahmi, Lion's Mane, Gotu Kola, de la choline et du Ginkgo, pour des fonctions c\u00e9r\u00e9brales saines, am\u00e9liorant la m\u00e9moire et permettant de surmonter un stress mental plus \u00e9lev\u00e9. Contenu de l'emballage : 60 g\u00e9lules v\u00e9g\u00e9taliennes.<\/p>","protected":false},"featured_media":52780,"comment_status":"closed","ping_status":"closed","template":"","meta":{"advanced_seo_description":"","jetpack_seo_html_title":"","jetpack_seo_noindex":false},"pwb-brand":[166],"product_brand":[4573],"product_cat":[294,143],"product_tag":[1221,1223,1078],"class_list":{"0":"post-8734","1":"product","2":"type-product","3":"status-publish","4":"has-post-thumbnail","6":"pwb-brand-kiki-health","7":"product_brand-kiki-health","8":"product_cat-for-seniors","9":"product_cat-health-issues","10":"product_tag-brain","11":"product_tag-memory","12":"product_tag-psyche","13":"brand_woo-kiki-health","15":"first","16":"instock","17":"taxable","18":"shipping-taxable","19":"purchasable","20":"product-type-simple"},"jetpack_sharing_enabled":true,"brands":[{"id":166,"name":"KIKI Sant\u00e9","slug":"kiki-health"}],"_links":{"self":[{"href":"https:\/\/veganova.eu\/fr\/wp-json\/wp\/v2\/product\/8734","targetHints":{"allow":["GET"]}}],"collection":[{"href":"https:\/\/veganova.eu\/fr\/wp-json\/wp\/v2\/product"}],"about":[{"href":"https:\/\/veganova.eu\/fr\/wp-json\/wp\/v2\/types\/product"}],"replies":[{"embeddable":true,"href":"https:\/\/veganova.eu\/fr\/wp-json\/wp\/v2\/comments?post=8734"}],"version-history":[{"count":1,"href":"https:\/\/veganova.eu\/fr\/wp-json\/wp\/v2\/product\/8734\/revisions"}],"predecessor-version":[{"id":58642,"href":"https:\/\/veganova.eu\/fr\/wp-json\/wp\/v2\/product\/8734\/revisions\/58642"}],"wp:featuredmedia":[{"embeddable":true,"href":"https:\/\/veganova.eu\/fr\/wp-json\/wp\/v2\/media\/52780"}],"wp:attachment":[{"href":"https:\/\/veganova.eu\/fr\/wp-json\/wp\/v2\/media?parent=8734"}],"wp:term":[{"taxonomy":"pwb-brand","embeddable":true,"href":"https:\/\/veganova.eu\/fr\/wp-json\/wp\/v2\/pwb-brand?post=8734"},{"taxonomy":"product_brand","embeddable":true,"href":"https:\/\/veganova.eu\/fr\/wp-json\/wp\/v2\/product_brand?post=8734"},{"taxonomy":"product_cat","embeddable":true,"href":"https:\/\/veganova.eu\/fr\/wp-json\/wp\/v2\/product_cat?post=8734"},{"taxonomy":"product_tag","embeddable":true,"href":"https:\/\/veganova.eu\/fr\/wp-json\/wp\/v2\/product_tag?post=8734"}],"curies":[{"name":"wp","href":"https:\/\/api.w.org\/{rel}","templated":true}]}}