{"id":8752,"date":"2023-10-01T17:12:29","date_gmt":"2023-10-01T15:12:29","guid":{"rendered":"https:\/\/veganova.eu\/?post_type=product&#038;p=8752"},"modified":"2026-04-21T07:25:05","modified_gmt":"2026-04-21T05:25:05","slug":"naughty-boy-creatine-capsules-120-caps","status":"publish","type":"product","link":"https:\/\/veganova.eu\/fr\/shop\/naughty-boy-creatine-capsules-120-caps\/","title":{"rendered":"Naughty Boy Creatine, G\u00e9lules - 120 g\u00e9lules"},"content":{"rendered":"<h3>Naughty Boy Creatine, G\u00e9lules - 120 g\u00e9lules<\/h3>\n<p>NaughtyBoy Poudre de cr\u00e9atine micronis\u00e9e aromatis\u00e9e - 60 portions.<\/p>\n<p>Notre poudre de cr\u00e9atine micronis\u00e9e contient l'une des formes de cr\u00e9atine les plus \u00e9tudi\u00e9es. Il a \u00e9t\u00e9 scientifiquement d\u00e9montr\u00e9 que la cr\u00e9atine monohydrate augmente les performances d'endurance et la force chez les hommes et les femmes.<\/p>","protected":false},"excerpt":{"rendered":"<p>The vegan nutritional supplement in capsule form with creatine content Naughty Boy Creatine is ideal for both men and women and an increase in sports performance as well as strength. Package contents: 120 capsules.<\/p>","protected":false},"featured_media":52767,"comment_status":"closed","ping_status":"closed","template":"","meta":{"advanced_seo_description":"","jetpack_seo_html_title":"","jetpack_seo_noindex":false},"pwb-brand":[488],"product_brand":[4785],"product_cat":[272,132],"product_tag":[1457,860,1496],"class_list":{"0":"post-8752","1":"product","2":"type-product","3":"status-publish","4":"has-post-thumbnail","6":"pwb-brand-naughty-boy","7":"product_brand-naughty-boy","8":"product_cat-creatines","9":"product_cat-sports-nutrition","10":"product_tag-endurance","11":"product_tag-energy","12":"product_tag-power-boost","13":"brand_woo-naughty-boy","15":"first","16":"instock","17":"taxable","18":"shipping-taxable","19":"purchasable","20":"product-type-simple"},"jetpack_sharing_enabled":true,"brands":[{"id":488,"name":"Vilain gar\u00e7on","slug":"naughty-boy"}],"_links":{"self":[{"href":"https:\/\/veganova.eu\/fr\/wp-json\/wp\/v2\/product\/8752","targetHints":{"allow":["GET"]}}],"collection":[{"href":"https:\/\/veganova.eu\/fr\/wp-json\/wp\/v2\/product"}],"about":[{"href":"https:\/\/veganova.eu\/fr\/wp-json\/wp\/v2\/types\/product"}],"replies":[{"embeddable":true,"href":"https:\/\/veganova.eu\/fr\/wp-json\/wp\/v2\/comments?post=8752"}],"version-history":[{"count":1,"href":"https:\/\/veganova.eu\/fr\/wp-json\/wp\/v2\/product\/8752\/revisions"}],"predecessor-version":[{"id":58650,"href":"https:\/\/veganova.eu\/fr\/wp-json\/wp\/v2\/product\/8752\/revisions\/58650"}],"wp:featuredmedia":[{"embeddable":true,"href":"https:\/\/veganova.eu\/fr\/wp-json\/wp\/v2\/media\/52767"}],"wp:attachment":[{"href":"https:\/\/veganova.eu\/fr\/wp-json\/wp\/v2\/media?parent=8752"}],"wp:term":[{"taxonomy":"pwb-brand","embeddable":true,"href":"https:\/\/veganova.eu\/fr\/wp-json\/wp\/v2\/pwb-brand?post=8752"},{"taxonomy":"product_brand","embeddable":true,"href":"https:\/\/veganova.eu\/fr\/wp-json\/wp\/v2\/product_brand?post=8752"},{"taxonomy":"product_cat","embeddable":true,"href":"https:\/\/veganova.eu\/fr\/wp-json\/wp\/v2\/product_cat?post=8752"},{"taxonomy":"product_tag","embeddable":true,"href":"https:\/\/veganova.eu\/fr\/wp-json\/wp\/v2\/product_tag?post=8752"}],"curies":[{"name":"wp","href":"https:\/\/api.w.org\/{rel}","templated":true}]}}