{"id":8772,"date":"2023-10-01T17:12:34","date_gmt":"2023-10-01T15:12:34","guid":{"rendered":"https:\/\/veganova.eu\/?post_type=product&#038;p=8772"},"modified":"2026-04-21T07:25:06","modified_gmt":"2026-04-21T05:25:06","slug":"enzymedica-digest-30-caps","status":"publish","type":"product","link":"https:\/\/veganova.eu\/fr\/shop\/enzymedica-digest-30-caps\/","title":{"rendered":"Enzymedica Digest - 30 g\u00e9lules"},"content":{"rendered":"<h3>Enzymedica Digest - 30 g\u00e9lules<\/h3>\n<p>Une gamme compl\u00e8te d'enzymes pour d\u00e9composer les repas de tous les jours !<br \/>\nDigest Complete contient des enzymes qui d\u00e9composent deux fois plus que Digest Basic.<br \/>\nCette formule d\u00e9compose efficacement les glucides, les graisses, les fibres et les prot\u00e9ines - tout ce que l'on trouve g\u00e9n\u00e9ralement dans les repas quotidiens. Elle acc\u00e9l\u00e8re \u00e9galement la digestion et favorise l'absorption des nutriments. Ces enzymes aident \u00e0 transformer les repas quotidiens en \u00e9nergie pour toute la journ\u00e9e. Nos enzymes Thera-blend exclusives sont scientifiquement formul\u00e9es pour obtenir des r\u00e9sultats sur l'ensemble du corps.<\/p>","protected":false},"excerpt":{"rendered":"<p>Enzymedica Digest Vegan Digestive Enzymes fournit \u00e0 l'organisme toutes les enzymes n\u00e9cessaires pour r\u00e9parer votre digestion d\u00e9ficiente suite \u00e0 une mauvaise alimentation, un mode de vie inadapt\u00e9 ou une indigestion li\u00e9e \u00e0 l'\u00e2ge. La formule sp\u00e9ciale d'enzymes aide l'organisme \u00e0 traiter correctement les glucides, les graisses, les fibres et les prot\u00e9ines. Contenu de l'emballage : 30 g\u00e9lules.<\/p>","protected":false},"featured_media":12112,"comment_status":"closed","ping_status":"closed","template":"","meta":{"advanced_seo_description":"","jetpack_seo_html_title":"","jetpack_seo_noindex":false},"pwb-brand":[467],"product_brand":[4767],"product_cat":[596],"product_tag":[1190,1191],"class_list":{"0":"post-8772","1":"product","2":"type-product","3":"status-publish","4":"has-post-thumbnail","6":"pwb-brand-enzymedica","7":"product_brand-enzymedica","8":"product_cat-digestion","9":"product_tag-digestive-enzymes","10":"product_tag-digestive-problems","11":"brand_woo-enzymedica","13":"first","14":"instock","15":"sale","16":"taxable","17":"shipping-taxable","18":"purchasable","19":"product-type-simple"},"jetpack_sharing_enabled":true,"brands":[{"id":467,"name":"Enzymedica","slug":"enzymedica"}],"_links":{"self":[{"href":"https:\/\/veganova.eu\/fr\/wp-json\/wp\/v2\/product\/8772","targetHints":{"allow":["GET"]}}],"collection":[{"href":"https:\/\/veganova.eu\/fr\/wp-json\/wp\/v2\/product"}],"about":[{"href":"https:\/\/veganova.eu\/fr\/wp-json\/wp\/v2\/types\/product"}],"replies":[{"embeddable":true,"href":"https:\/\/veganova.eu\/fr\/wp-json\/wp\/v2\/comments?post=8772"}],"version-history":[{"count":1,"href":"https:\/\/veganova.eu\/fr\/wp-json\/wp\/v2\/product\/8772\/revisions"}],"predecessor-version":[{"id":58660,"href":"https:\/\/veganova.eu\/fr\/wp-json\/wp\/v2\/product\/8772\/revisions\/58660"}],"wp:featuredmedia":[{"embeddable":true,"href":"https:\/\/veganova.eu\/fr\/wp-json\/wp\/v2\/media\/12112"}],"wp:attachment":[{"href":"https:\/\/veganova.eu\/fr\/wp-json\/wp\/v2\/media?parent=8772"}],"wp:term":[{"taxonomy":"pwb-brand","embeddable":true,"href":"https:\/\/veganova.eu\/fr\/wp-json\/wp\/v2\/pwb-brand?post=8772"},{"taxonomy":"product_brand","embeddable":true,"href":"https:\/\/veganova.eu\/fr\/wp-json\/wp\/v2\/product_brand?post=8772"},{"taxonomy":"product_cat","embeddable":true,"href":"https:\/\/veganova.eu\/fr\/wp-json\/wp\/v2\/product_cat?post=8772"},{"taxonomy":"product_tag","embeddable":true,"href":"https:\/\/veganova.eu\/fr\/wp-json\/wp\/v2\/product_tag?post=8772"}],"curies":[{"name":"wp","href":"https:\/\/api.w.org\/{rel}","templated":true}]}}