{"id":8830,"date":"2023-10-01T17:12:51","date_gmt":"2023-10-01T15:12:51","guid":{"rendered":"https:\/\/veganova.eu\/?post_type=product&#038;p=8830"},"modified":"2026-04-27T02:22:33","modified_gmt":"2026-04-27T00:22:33","slug":"revive-fiber-unflavored-252g","status":"publish","type":"product","link":"https:\/\/veganova.eu\/fr\/shop\/revive-fiber-unflavored-252g\/","title":{"rendered":"Revive Fiber, non aromatis\u00e9 - 252g"},"content":{"rendered":"<h3>Revive Fiber, non aromatis\u00e9 - 252g<\/h3>\n<p>Fibre de Revive<\/p>\n<p>Revive Supplements Fiber est un suppl\u00e9ment naturel con\u00e7u pour soutenir la sant\u00e9 digestive en fournissant une dose puissante de fibres alimentaires. Cette formule contient un m\u00e9lange de fibres solubles et insolubles, qui travaillent ensemble pour promouvoir une digestion saine, la r\u00e9gularit\u00e9 et la sant\u00e9 globale de l'intestin.<\/p>\n<p>Chaque portion de Revive Supplements Fiber contient 5 g de fibres alimentaires, qui sont essentielles au maintien d'un syst\u00e8me digestif sain. Ce suppl\u00e9ment est compos\u00e9 d'un m\u00e9lange de fibres solubles et insolubles, dont l'enveloppe de psyllium, l'inuline et les graines de lin, qui peuvent aider \u00e0 am\u00e9liorer la r\u00e9gularit\u00e9 intestinale, \u00e0 favoriser la sati\u00e9t\u00e9 et \u00e0 soutenir une glyc\u00e9mie saine.<\/p>\n<p>Ce suppl\u00e9ment est v\u00e9g\u00e9talien, sans gluten et sans soja, ce qui en fait un excellent choix pour tous ceux qui recherchent un moyen naturel de soutenir leur sant\u00e9 digestive.<\/p>","protected":false},"excerpt":{"rendered":"<p>Le compl\u00e9ment alimentaire v\u00e9g\u00e9talien Revive Fiber est compl\u00e9t\u00e9 par de l'inuline, du psyllium et des graines de lin. Convient pour les smoothies, les yaourts ou les flocons. Saveur : pas de saveur. Contenu : 252g.<\/p>","protected":false},"featured_media":12192,"comment_status":"closed","ping_status":"closed","template":"","meta":{"advanced_seo_description":"","jetpack_seo_html_title":"","jetpack_seo_noindex":false},"pwb-brand":[406],"product_brand":[4719],"product_cat":[596],"product_tag":[1037,1275,1277],"class_list":{"0":"post-8830","1":"product","2":"type-product","3":"status-publish","4":"has-post-thumbnail","6":"pwb-brand-revive","7":"product_brand-revive","8":"product_cat-digestion","9":"product_tag-detox","10":"product_tag-intestinal-microflora","11":"product_tag-intestinal-problems","12":"brand_woo-revive","14":"first","15":"instock","16":"taxable","17":"shipping-taxable","18":"purchasable","19":"product-type-simple"},"jetpack_sharing_enabled":true,"brands":[{"id":406,"name":"Raviver","slug":"revive"}],"_links":{"self":[{"href":"https:\/\/veganova.eu\/fr\/wp-json\/wp\/v2\/product\/8830","targetHints":{"allow":["GET"]}}],"collection":[{"href":"https:\/\/veganova.eu\/fr\/wp-json\/wp\/v2\/product"}],"about":[{"href":"https:\/\/veganova.eu\/fr\/wp-json\/wp\/v2\/types\/product"}],"replies":[{"embeddable":true,"href":"https:\/\/veganova.eu\/fr\/wp-json\/wp\/v2\/comments?post=8830"}],"version-history":[{"count":1,"href":"https:\/\/veganova.eu\/fr\/wp-json\/wp\/v2\/product\/8830\/revisions"}],"predecessor-version":[{"id":58686,"href":"https:\/\/veganova.eu\/fr\/wp-json\/wp\/v2\/product\/8830\/revisions\/58686"}],"wp:featuredmedia":[{"embeddable":true,"href":"https:\/\/veganova.eu\/fr\/wp-json\/wp\/v2\/media\/12192"}],"wp:attachment":[{"href":"https:\/\/veganova.eu\/fr\/wp-json\/wp\/v2\/media?parent=8830"}],"wp:term":[{"taxonomy":"pwb-brand","embeddable":true,"href":"https:\/\/veganova.eu\/fr\/wp-json\/wp\/v2\/pwb-brand?post=8830"},{"taxonomy":"product_brand","embeddable":true,"href":"https:\/\/veganova.eu\/fr\/wp-json\/wp\/v2\/product_brand?post=8830"},{"taxonomy":"product_cat","embeddable":true,"href":"https:\/\/veganova.eu\/fr\/wp-json\/wp\/v2\/product_cat?post=8830"},{"taxonomy":"product_tag","embeddable":true,"href":"https:\/\/veganova.eu\/fr\/wp-json\/wp\/v2\/product_tag?post=8830"}],"curies":[{"name":"wp","href":"https:\/\/api.w.org\/{rel}","templated":true}]}}