{"id":8992,"date":"2023-10-01T17:13:32","date_gmt":"2023-10-01T15:13:32","guid":{"rendered":"https:\/\/veganova.eu\/?post_type=product&#038;p=8992"},"modified":"2026-04-21T07:25:14","modified_gmt":"2026-04-21T05:25:14","slug":"garden-of-life-mykind-organics-kids-multi-gummies-organic-fruit-flavor-120-vegan-gummy-bears","status":"publish","type":"product","link":"https:\/\/veganova.eu\/fr\/shop\/garden-of-life-mykind-organics-kids-multi-gummies-organic-fruit-flavor-120-vegan-gummy-bears\/","title":{"rendered":"Garden of Life Mykind Organics Kids Multi Gummies, Organic Fruit Flavor - 120 vegan gummy bears"},"content":{"rendered":"<h3>Garden of Life Mykind Organics Kids Multi Gummies, Organic Fruit Flavor - 120 vegan gummy bears<\/h3>\n<p>Qu'est-ce que les mykind Kids Multi Gummies ?<\/p>\n<p>Garden of Life mykind Kids Multi Gummies est un d\u00e9licieux compl\u00e9ment multivitaminique \u00e0 base d'aliments entiers, con\u00e7u sp\u00e9cialement pour les enfants, dans un savoureux go\u00fbt de fruits. Nos vitamines sous forme de gommes sont un excellent moyen de s'assurer que les enfants re\u00e7oivent les bonnes vitamines chaque jour.<\/p>\n<p>Pourquoi ne pas essayer notre vitamine \u00e9quivalente \u00e0 la cerise ?<\/p>\n<p>Que contient mykind Kids Multi Gummies ?<\/p>\n<p>Nos mykind Kids Multi Gummies sont fabriqu\u00e9s \u00e0 partir d'un m\u00e9lange de neuf fruits entiers, plus de la pectine provenant de pommes et d'\u00e9corces d'orange sans OGM. Ils sont exempts de vitamines synth\u00e9tiques, de sucre et de sirops transform\u00e9s, d'amidon de ma\u00efs et de produits d'origine animale, y compris la g\u00e9latine de porc.<\/p>\n<p>Qu'est-ce qui rend nos vitamines g\u00e9latineuses pour enfants si sp\u00e9ciales ?<\/p>\n<p>Nos vitamines g\u00e9latineuses pour enfants sont un moyen pratique pour les enfants difficiles d'obtenir des vitamines et des nutriments essentiels pour aider leur corps en pleine croissance \u00e0 rester en bonne sant\u00e9.<\/p>\n<p>Leur d\u00e9licieux go\u00fbt fruit\u00e9 les rend amusants et attrayants \u00e0 prendre, ce qui vous permet de vous assurer plus facilement qu'ils re\u00e7oivent les nutriments dont ils ont besoin.<\/p>\n<p>Les avantages de mykind Kids Multi Gummies :<\/p>\n<p>Un m\u00e9lange de vitamines et d'antioxydants pour les enfants<br \/>\nLes vitamines C et E contribuent \u00e0 prot\u00e9ger les cellules du stress oxydatif.<br \/>\n800UI de vitamine D3 v\u00e9g\u00e9talienne<br \/>\nLa vitamine D contribue au fonctionnement normal du syst\u00e8me immunitaire chez les enfants.<br \/>\nSans noix<br \/>\nVegan, casher et sans gluten<br \/>\nCertifi\u00e9 USDA, Non-GMO Project Verified.<\/p>","protected":false},"excerpt":{"rendered":"<p>Suppl\u00e9ment nutritionnel multivitamin\u00e9 avec certification v\u00e9g\u00e9talienne pour enfants Garden of Life Mykind Organics Kids Multi Gummies sous forme de g\u00e9latine. Go\u00fbt : fruit\u00e9. Contenu de l'emballage : 120 g\u00e9latines v\u00e9g\u00e9taliennes.<\/p>","protected":false},"featured_media":52628,"comment_status":"closed","ping_status":"closed","template":"","meta":{"advanced_seo_description":"","jetpack_seo_html_title":"","jetpack_seo_noindex":false},"pwb-brand":[303],"product_brand":[4625],"product_cat":[336],"product_tag":[1178,1179],"class_list":{"0":"post-8992","1":"product","2":"type-product","3":"status-publish","4":"has-post-thumbnail","6":"pwb-brand-garden-of-life","7":"product_brand-garden-of-life","8":"product_cat-for-kids","9":"product_tag-for-children","10":"product_tag-vitamins-for-children","11":"brand_woo-garden-of-life","13":"first","14":"instock","15":"taxable","16":"shipping-taxable","17":"purchasable","18":"product-type-simple"},"jetpack_sharing_enabled":true,"brands":[{"id":303,"name":"Le jardin de la vie","slug":"garden-of-life"}],"_links":{"self":[{"href":"https:\/\/veganova.eu\/fr\/wp-json\/wp\/v2\/product\/8992","targetHints":{"allow":["GET"]}}],"collection":[{"href":"https:\/\/veganova.eu\/fr\/wp-json\/wp\/v2\/product"}],"about":[{"href":"https:\/\/veganova.eu\/fr\/wp-json\/wp\/v2\/types\/product"}],"replies":[{"embeddable":true,"href":"https:\/\/veganova.eu\/fr\/wp-json\/wp\/v2\/comments?post=8992"}],"version-history":[{"count":1,"href":"https:\/\/veganova.eu\/fr\/wp-json\/wp\/v2\/product\/8992\/revisions"}],"predecessor-version":[{"id":58759,"href":"https:\/\/veganova.eu\/fr\/wp-json\/wp\/v2\/product\/8992\/revisions\/58759"}],"wp:featuredmedia":[{"embeddable":true,"href":"https:\/\/veganova.eu\/fr\/wp-json\/wp\/v2\/media\/52628"}],"wp:attachment":[{"href":"https:\/\/veganova.eu\/fr\/wp-json\/wp\/v2\/media?parent=8992"}],"wp:term":[{"taxonomy":"pwb-brand","embeddable":true,"href":"https:\/\/veganova.eu\/fr\/wp-json\/wp\/v2\/pwb-brand?post=8992"},{"taxonomy":"product_brand","embeddable":true,"href":"https:\/\/veganova.eu\/fr\/wp-json\/wp\/v2\/product_brand?post=8992"},{"taxonomy":"product_cat","embeddable":true,"href":"https:\/\/veganova.eu\/fr\/wp-json\/wp\/v2\/product_cat?post=8992"},{"taxonomy":"product_tag","embeddable":true,"href":"https:\/\/veganova.eu\/fr\/wp-json\/wp\/v2\/product_tag?post=8992"}],"curies":[{"name":"wp","href":"https:\/\/api.w.org\/{rel}","templated":true}]}}