{"id":9002,"date":"2023-10-01T17:13:33","date_gmt":"2023-10-01T15:13:33","guid":{"rendered":"https:\/\/veganova.eu\/?post_type=product&#038;p=9002"},"modified":"2026-04-21T07:25:14","modified_gmt":"2026-04-21T05:25:14","slug":"garden-of-life-mykind-organics-prenatal-multi-gummies-organic-berry-120-vegan-gummy-drops","status":"publish","type":"product","link":"https:\/\/veganova.eu\/fr\/shop\/garden-of-life-mykind-organics-prenatal-multi-gummies-organic-berry-120-vegan-gummy-drops\/","title":{"rendered":"Garden of Life Mykind Organics Prenatal Multi Gummies, Organic Berry - 120 vegan gummy drops"},"content":{"rendered":"<h3>Garden of Life Mykind Organics Prenatal Multi Gummies, Organic Berry - 120 vegan gummy drops<\/h3>\n<p>Con\u00e7ues pour soutenir les m\u00e8res pendant leur parcours pr\u00e9natal, les gommes mykind Prenatal Multi sont \u00e0 la fois certifi\u00e9es USDA et v\u00e9rifi\u00e9es par le projet non-OGM. Chaque gomme fournit de l'acide folique, un nutriment cl\u00e9 pour les mamans pendant la grossesse.<\/p>\n<p>M\u00e9lange de neuf fruits entiers, ils sont exempts de vitamines synth\u00e9tiques, de sucre et de sirops transform\u00e9s, d'amidon de ma\u00efs ou de g\u00e9latine de porc. Fabriqu\u00e9s avec de la pectine de pommes et d'\u00e9corces d'orange sans OGM, ils se pr\u00e9sentent sous la forme d'un savoureux chewing-gum aux baies. Ces produits \u00e0 m\u00e2cher pratiques ne contiennent pas non plus de produits d'origine animale. Au contraire, ils sont fabriqu\u00e9s \u00e0 partir d'ingr\u00e9dients authentiques et complets. Ils sont donc non seulement sans OGM, mais aussi v\u00e9g\u00e9taliens, sans gluten et casher.<\/p>\n<p>Principaux avantages :<\/p>\n<p>Apporte 600 mcg de folate<br \/>\nComprend 800 UI de vitamine D3 v\u00e9g\u00e9talienne<br \/>\nCon\u00e7u pour soutenir la maman et le b\u00e9b\u00e9<\/p>\n<p>D\u00e9tails di\u00e9t\u00e9tiques :<\/p>\n<p>Sans produits laitiers<br \/>\nSans soja<br \/>\nV\u00e9g\u00e9tarien<br \/>\nV\u00e9g\u00e9talien<br \/>\nCach\u00e8re<br \/>\nSans gluten<\/p>","protected":false},"excerpt":{"rendered":"<p>Suppl\u00e9ment nutritionnel multivitamin\u00e9 destin\u00e9 aux femmes enceintes Garden of Life Mykind Organics Prenatal Multi Gummies sous forme biologique et certification vegan. Saveur : baies. Contenu de l'emballage : 120 g\u00e9latines v\u00e9g\u00e9taliennes.<\/p>","protected":false},"featured_media":52619,"comment_status":"closed","ping_status":"closed","template":"","meta":{"advanced_seo_description":"","jetpack_seo_html_title":"","jetpack_seo_noindex":false},"pwb-brand":[303],"product_brand":[4625],"product_cat":[267,143],"product_tag":[1104,1503],"class_list":{"0":"post-9002","1":"product","2":"type-product","3":"status-publish","4":"has-post-thumbnail","6":"pwb-brand-garden-of-life","7":"product_brand-garden-of-life","8":"product_cat-for-women","9":"product_cat-health-issues","10":"product_tag-pregnancy","11":"product_tag-vitamins-for-pregnant-women","12":"brand_woo-garden-of-life","14":"first","15":"instock","16":"sale","17":"taxable","18":"shipping-taxable","19":"purchasable","20":"product-type-simple"},"jetpack_sharing_enabled":true,"brands":[{"id":303,"name":"Le jardin de la vie","slug":"garden-of-life"}],"_links":{"self":[{"href":"https:\/\/veganova.eu\/fr\/wp-json\/wp\/v2\/product\/9002","targetHints":{"allow":["GET"]}}],"collection":[{"href":"https:\/\/veganova.eu\/fr\/wp-json\/wp\/v2\/product"}],"about":[{"href":"https:\/\/veganova.eu\/fr\/wp-json\/wp\/v2\/types\/product"}],"replies":[{"embeddable":true,"href":"https:\/\/veganova.eu\/fr\/wp-json\/wp\/v2\/comments?post=9002"}],"version-history":[{"count":1,"href":"https:\/\/veganova.eu\/fr\/wp-json\/wp\/v2\/product\/9002\/revisions"}],"predecessor-version":[{"id":58763,"href":"https:\/\/veganova.eu\/fr\/wp-json\/wp\/v2\/product\/9002\/revisions\/58763"}],"wp:featuredmedia":[{"embeddable":true,"href":"https:\/\/veganova.eu\/fr\/wp-json\/wp\/v2\/media\/52619"}],"wp:attachment":[{"href":"https:\/\/veganova.eu\/fr\/wp-json\/wp\/v2\/media?parent=9002"}],"wp:term":[{"taxonomy":"pwb-brand","embeddable":true,"href":"https:\/\/veganova.eu\/fr\/wp-json\/wp\/v2\/pwb-brand?post=9002"},{"taxonomy":"product_brand","embeddable":true,"href":"https:\/\/veganova.eu\/fr\/wp-json\/wp\/v2\/product_brand?post=9002"},{"taxonomy":"product_cat","embeddable":true,"href":"https:\/\/veganova.eu\/fr\/wp-json\/wp\/v2\/product_cat?post=9002"},{"taxonomy":"product_tag","embeddable":true,"href":"https:\/\/veganova.eu\/fr\/wp-json\/wp\/v2\/product_tag?post=9002"}],"curies":[{"name":"wp","href":"https:\/\/api.w.org\/{rel}","templated":true}]}}