{"id":9020,"date":"2023-10-01T17:13:39","date_gmt":"2023-10-01T15:13:39","guid":{"rendered":"https:\/\/veganova.eu\/?post_type=product&#038;p=9020"},"modified":"2026-04-21T10:28:41","modified_gmt":"2026-04-21T08:28:41","slug":"jarrow-formulas-n-a-g-n-acetyl-d-glucosamine-120-vcaps","status":"publish","type":"product","link":"https:\/\/veganova.eu\/fr\/shop\/jarrow-formulas-n-a-g-n-acetyl-d-glucosamine-120-vcaps\/","title":{"rendered":"Jarrow Formulas N-A-G (N-Acetyl-D-Glucosamine) - 120 g\u00e9lules"},"content":{"rendered":"<h3>Jarrow Formulas N-A-G (N-Acetyl-D-Glucosamine) - 120 g\u00e9lules<\/h3>\n<p>La N-Acetyl Glucosamine (N-A-G) est un pr\u00e9curseur de l'acide hyaluronique, qui fait partie du liquide synovial des articulations.* La N-A-G se combine \u00e0 la mucine s\u00e9cr\u00e9t\u00e9e par les cellules de gobelet pour soutenir le glycocalyx, une couche protectrice de glycoprot\u00e9ines et de polysaccharides qui tapisse le tube digestif.* La N-A-G est un aminosaccharide, synth\u00e9tis\u00e9 \u00e0 partir du glucose et de l'acide amin\u00e9 L-glutamine, qui a \u00e9t\u00e9 stabilis\u00e9 en le complexant \u00e0 un groupe ac\u00e9tyle.<\/p>","protected":false},"excerpt":{"rendered":"<p>Le compl\u00e9ment alimentaire v\u00e9g\u00e9talien Jarrow Formulas NAG (N-Acetyl-D-Glucosamine) est un pr\u00e9curseur de l'acide hyaluronique, il prend soin de la sant\u00e9 des articulations et de la paroi intestinale. Contenu de l'emballage : 120 g\u00e9lules v\u00e9g\u00e9taliennes.<\/p>","protected":false},"featured_media":52612,"comment_status":"closed","ping_status":"closed","template":"","meta":{"advanced_seo_description":"","jetpack_seo_html_title":"","jetpack_seo_noindex":false},"pwb-brand":[165],"product_brand":[4572],"product_cat":[284,152],"product_tag":[1369,1285,1269,1232],"class_list":{"0":"post-9020","1":"product","2":"type-product","3":"status-publish","4":"has-post-thumbnail","6":"pwb-brand-jarrow-formulas","7":"product_brand-jarrow-formulas","8":"product_cat-trace-elements","9":"product_cat-vitamins-and-minerals","10":"product_tag-gut-restoration","11":"product_tag-intestines","12":"product_tag-joints","13":"product_tag-leaky-gut","14":"brand_woo-jarrow-formulas","16":"first","17":"instock","18":"taxable","19":"shipping-taxable","20":"purchasable","21":"product-type-simple"},"jetpack_sharing_enabled":true,"brands":[{"id":165,"name":"Jarrow Formulas","slug":"jarrow-formulas"}],"_links":{"self":[{"href":"https:\/\/veganova.eu\/fr\/wp-json\/wp\/v2\/product\/9020","targetHints":{"allow":["GET"]}}],"collection":[{"href":"https:\/\/veganova.eu\/fr\/wp-json\/wp\/v2\/product"}],"about":[{"href":"https:\/\/veganova.eu\/fr\/wp-json\/wp\/v2\/types\/product"}],"replies":[{"embeddable":true,"href":"https:\/\/veganova.eu\/fr\/wp-json\/wp\/v2\/comments?post=9020"}],"version-history":[{"count":1,"href":"https:\/\/veganova.eu\/fr\/wp-json\/wp\/v2\/product\/9020\/revisions"}],"predecessor-version":[{"id":58772,"href":"https:\/\/veganova.eu\/fr\/wp-json\/wp\/v2\/product\/9020\/revisions\/58772"}],"wp:featuredmedia":[{"embeddable":true,"href":"https:\/\/veganova.eu\/fr\/wp-json\/wp\/v2\/media\/52612"}],"wp:attachment":[{"href":"https:\/\/veganova.eu\/fr\/wp-json\/wp\/v2\/media?parent=9020"}],"wp:term":[{"taxonomy":"pwb-brand","embeddable":true,"href":"https:\/\/veganova.eu\/fr\/wp-json\/wp\/v2\/pwb-brand?post=9020"},{"taxonomy":"product_brand","embeddable":true,"href":"https:\/\/veganova.eu\/fr\/wp-json\/wp\/v2\/product_brand?post=9020"},{"taxonomy":"product_cat","embeddable":true,"href":"https:\/\/veganova.eu\/fr\/wp-json\/wp\/v2\/product_cat?post=9020"},{"taxonomy":"product_tag","embeddable":true,"href":"https:\/\/veganova.eu\/fr\/wp-json\/wp\/v2\/product_tag?post=9020"}],"curies":[{"name":"wp","href":"https:\/\/api.w.org\/{rel}","templated":true}]}}