{"id":9092,"date":"2023-10-01T17:13:57","date_gmt":"2023-10-01T15:13:57","guid":{"rendered":"https:\/\/veganova.eu\/?post_type=product&#038;p=9092"},"modified":"2026-04-21T07:25:17","modified_gmt":"2026-04-21T05:25:17","slug":"kiki-health-oyster-extract-organic-60-vcaps","status":"publish","type":"product","link":"https:\/\/veganova.eu\/fr\/shop\/kiki-health-oyster-extract-organic-60-vcaps\/","title":{"rendered":"KIKI Health Extrait d'Hu\u00eetre Bio - 60 vcaps"},"content":{"rendered":"<h3>KIKI Health Extrait d'Hu\u00eetre Bio - 60 vcaps<\/h3>\n<p>Good quality mushroom material is a general rule for a high-quality mushroom extract.<\/p>\n<p>We use hand-picked Oyster mushroom fruiting bodies which are extracted to create our entirely natural, nutrient-dense powder mushroom extract.<\/p>\n<p>Our Oyster Mushroom extract powder is made from 100% oyster mushrooms, using an enzymatic, temperature-controlled extraction process to obtain the potent bio-active components inside the mushroom cells. This advanced production method supports capturing the highest levels of active nutrients.<\/p>\n<p>Oyster Mushroom Extract Powder is expertly standardised to 30% beta-glucan-rich polysaccharides content. Our extracts are produced entirely from the fruiting bodies of mushrooms (not from mycelium). The fruiting bodies are grown on a wood-rich substrate (not on grain) and so are loaded with beta-glucan-rich polysaccharides and other precious functional ingredients.<\/p>\n<p>Our extract is free from fillers such as starch, grain, and additives.<\/p>\n<p>You get 100% pure mushroom extract from our Oyster Mushroom Extract.<\/p>\n<p>Convient aux v\u00e9g\u00e9tariens et aux v\u00e9g\u00e9taliens.<\/p>","protected":false},"excerpt":{"rendered":"<p>Vegan nutritional supplement with content from oysters KIKI Health Oyster Extract Organic in Vegan certification, without GMO. Package contents: 60 vegan capsules.<\/p>","protected":false},"featured_media":52597,"comment_status":"closed","ping_status":"closed","template":"","meta":{"advanced_seo_description":"","jetpack_seo_html_title":"","jetpack_seo_noindex":false},"pwb-brand":[166],"product_brand":[4573],"product_cat":[149],"product_tag":[599,602,603],"class_list":{"0":"post-9092","1":"product","2":"type-product","3":"status-publish","4":"has-post-thumbnail","6":"pwb-brand-kiki-health","7":"product_brand-kiki-health","8":"product_cat-superfoods","9":"product_tag-gluten-free","10":"product_tag-vegan","11":"product_tag-vege","12":"brand_woo-kiki-health","14":"first","15":"instock","16":"taxable","17":"shipping-taxable","18":"purchasable","19":"product-type-simple"},"jetpack_sharing_enabled":true,"brands":[{"id":166,"name":"KIKI Sant\u00e9","slug":"kiki-health"}],"_links":{"self":[{"href":"https:\/\/veganova.eu\/fr\/wp-json\/wp\/v2\/product\/9092","targetHints":{"allow":["GET"]}}],"collection":[{"href":"https:\/\/veganova.eu\/fr\/wp-json\/wp\/v2\/product"}],"about":[{"href":"https:\/\/veganova.eu\/fr\/wp-json\/wp\/v2\/types\/product"}],"replies":[{"embeddable":true,"href":"https:\/\/veganova.eu\/fr\/wp-json\/wp\/v2\/comments?post=9092"}],"version-history":[{"count":1,"href":"https:\/\/veganova.eu\/fr\/wp-json\/wp\/v2\/product\/9092\/revisions"}],"predecessor-version":[{"id":58806,"href":"https:\/\/veganova.eu\/fr\/wp-json\/wp\/v2\/product\/9092\/revisions\/58806"}],"wp:featuredmedia":[{"embeddable":true,"href":"https:\/\/veganova.eu\/fr\/wp-json\/wp\/v2\/media\/52597"}],"wp:attachment":[{"href":"https:\/\/veganova.eu\/fr\/wp-json\/wp\/v2\/media?parent=9092"}],"wp:term":[{"taxonomy":"pwb-brand","embeddable":true,"href":"https:\/\/veganova.eu\/fr\/wp-json\/wp\/v2\/pwb-brand?post=9092"},{"taxonomy":"product_brand","embeddable":true,"href":"https:\/\/veganova.eu\/fr\/wp-json\/wp\/v2\/product_brand?post=9092"},{"taxonomy":"product_cat","embeddable":true,"href":"https:\/\/veganova.eu\/fr\/wp-json\/wp\/v2\/product_cat?post=9092"},{"taxonomy":"product_tag","embeddable":true,"href":"https:\/\/veganova.eu\/fr\/wp-json\/wp\/v2\/product_tag?post=9092"}],"curies":[{"name":"wp","href":"https:\/\/api.w.org\/{rel}","templated":true}]}}