{"id":9148,"date":"2023-10-01T17:14:14","date_gmt":"2023-10-01T15:14:14","guid":{"rendered":"https:\/\/veganova.eu\/?post_type=product&#038;p=9148"},"modified":"2026-04-21T07:25:19","modified_gmt":"2026-04-21T05:25:19","slug":"naughty-boy-pump-tropical-punch-400g","status":"publish","type":"product","link":"https:\/\/veganova.eu\/fr\/shop\/naughty-boy-pump-tropical-punch-400g\/","title":{"rendered":"Pompe Naughty Boy, Tropical Punch - 400g"},"content":{"rendered":"<h3>Pompe Naughty Boy, Tropical Punch - 400g<\/h3>\n<p>NaughtyBoy PUMP 25 portions<\/p>\n<p>Powered By \"CELL SWELL TECHNOLOGY\" (en anglais)<\/p>\n<p>NaughtyBoy PUMP a \u00e9t\u00e9 formul\u00e9 pour couvrir la PUMP, la PERFORMANCE, la FOCUS et l'HYDRATION. NaughtyBoy PUMP contient 11 ingr\u00e9dients cliniquement dos\u00e9s qui, une fois combin\u00e9s, agissent en synergie pour vous donner une performance maximale.<\/p>\n<p>NaughtyBoy PUMP est totalement transparent, ne contient AUCUN stimulant et ne contient AUCUNE substance interdite.<\/p>\n<p>La consistance de la poudre NaughtyBoy PUMP est fine et facile \u00e0 m\u00e9langer, il n'y a pas de CLUMPS avec ces PUMPS.<\/p>","protected":false},"excerpt":{"rendered":"<p>Compl\u00e9ment alimentaire v\u00e9g\u00e9talien pour sportifs Naughty Boy Pump augmente le volume musculaire, accro\u00eet les performances, la concentration et l'hydratation de l'organisme. Il ne contient pas de stimulants ni de substances interdites. Certification v\u00e9g\u00e9talienne. Saveur : Tropical Punch. Contenu : 400g.<\/p>","protected":false},"featured_media":52578,"comment_status":"closed","ping_status":"closed","template":"","meta":{"advanced_seo_description":"","jetpack_seo_html_title":"","jetpack_seo_noindex":false},"pwb-brand":[488],"product_brand":[4785],"product_cat":[203,132],"product_tag":[1261,860,1182,1497],"class_list":{"0":"post-9148","1":"product","2":"type-product","3":"status-publish","4":"has-post-thumbnail","6":"pwb-brand-naughty-boy","7":"product_brand-naughty-boy","8":"product_cat-pre-workout","9":"product_cat-sports-nutrition","10":"product_tag-concentration","11":"product_tag-energy","12":"product_tag-hydration","13":"product_tag-performance-enhancement","14":"brand_woo-naughty-boy","16":"first","17":"instock","18":"taxable","19":"shipping-taxable","20":"purchasable","21":"product-type-simple"},"jetpack_sharing_enabled":true,"brands":[{"id":488,"name":"Vilain gar\u00e7on","slug":"naughty-boy"}],"_links":{"self":[{"href":"https:\/\/veganova.eu\/fr\/wp-json\/wp\/v2\/product\/9148","targetHints":{"allow":["GET"]}}],"collection":[{"href":"https:\/\/veganova.eu\/fr\/wp-json\/wp\/v2\/product"}],"about":[{"href":"https:\/\/veganova.eu\/fr\/wp-json\/wp\/v2\/types\/product"}],"replies":[{"embeddable":true,"href":"https:\/\/veganova.eu\/fr\/wp-json\/wp\/v2\/comments?post=9148"}],"version-history":[{"count":1,"href":"https:\/\/veganova.eu\/fr\/wp-json\/wp\/v2\/product\/9148\/revisions"}],"predecessor-version":[{"id":58833,"href":"https:\/\/veganova.eu\/fr\/wp-json\/wp\/v2\/product\/9148\/revisions\/58833"}],"wp:featuredmedia":[{"embeddable":true,"href":"https:\/\/veganova.eu\/fr\/wp-json\/wp\/v2\/media\/52578"}],"wp:attachment":[{"href":"https:\/\/veganova.eu\/fr\/wp-json\/wp\/v2\/media?parent=9148"}],"wp:term":[{"taxonomy":"pwb-brand","embeddable":true,"href":"https:\/\/veganova.eu\/fr\/wp-json\/wp\/v2\/pwb-brand?post=9148"},{"taxonomy":"product_brand","embeddable":true,"href":"https:\/\/veganova.eu\/fr\/wp-json\/wp\/v2\/product_brand?post=9148"},{"taxonomy":"product_cat","embeddable":true,"href":"https:\/\/veganova.eu\/fr\/wp-json\/wp\/v2\/product_cat?post=9148"},{"taxonomy":"product_tag","embeddable":true,"href":"https:\/\/veganova.eu\/fr\/wp-json\/wp\/v2\/product_tag?post=9148"}],"curies":[{"name":"wp","href":"https:\/\/api.w.org\/{rel}","templated":true}]}}