{"id":9150,"date":"2023-10-01T17:14:14","date_gmt":"2023-10-01T15:14:14","guid":{"rendered":"https:\/\/veganova.eu\/?post_type=product&#038;p=9150"},"modified":"2026-04-21T07:25:19","modified_gmt":"2026-04-21T05:25:19","slug":"swanson-pure-brainpower-60-vcaps","status":"publish","type":"product","link":"https:\/\/veganova.eu\/fr\/shop\/swanson-pure-brainpower-60-vcaps\/","title":{"rendered":"Swanson Pure Brainpower - 60 vcaps"},"content":{"rendered":"<h3>Swanson Pure Brainpower - 60 vcaps<\/h3>\n<ul>\n<li>Des plantes ayant fait l'objet d'\u00e9tudes cliniques et dont il est prouv\u00e9 qu'elles favorisent la m\u00e9moire et la sant\u00e9 c\u00e9r\u00e9brale en g\u00e9n\u00e9ral.<\/li>\n<li>Ginkgo biloba, BaCognize Bacopa monnieri et NeuroFactor extrait de fruit de caf\u00e9.<\/li>\n<li>La formule adaptog\u00e8ne fournit des doses scientifiquement \u00e9tudi\u00e9es pour la fonction cognitive et la concentration.<\/li>\n<\/ul>\n<p>Lorsque nous pensons \u00e0 un vieillissement en bonne sant\u00e9, il est facile de se concentrer sur la sant\u00e9 physique, c'est-\u00e0-dire sur la mobilit\u00e9, la souplesse et l'endurance. Nous avons tendance \u00e0 n\u00e9gliger les autres composantes essentielles d'un vieillissement en bonne sant\u00e9, \u00e0 savoir notre sant\u00e9 mentale, \u00e9motionnelle et psychologique. En bref, nous oublions de penser \u00e0 la sant\u00e9 du cerveau. Les fonctions et les performances cognitives peuvent diminuer avec l'\u00e2ge, d'autant plus que des \u00e9tudes ont montr\u00e9 que la production saine de facteur neurotrophique d\u00e9riv\u00e9 du cerveau (BDNF) - associ\u00e9e \u00e0 une fonction cognitive saine - peut diminuer avec l'\u00e2ge.<\/p>\n<p>Swanson Pure Science Herbals vous propose Pure Brainpower pour vous permettre de nourrir facilement votre cerveau avec des ingr\u00e9dients ayant fait l'objet de recherches cliniques qui soutiennent les neurotransmetteurs vitaux qui favorisent la fonction cognitive, la concentration et la m\u00e9morisation. Pure Brainpower est un m\u00e9lange d'herbes adaptog\u00e8nes traditionnelles et d'extraits d'herbes de pointe dans des doses scientifiquement \u00e9tudi\u00e9es qui se sont av\u00e9r\u00e9es favoriser la concentration mentale globale, la fonction cognitive, ainsi qu'un flux sanguin sain vers le cerveau. Swanson Pure Science Herbals vous offre \u00e9galement cette formule propre et puissante pour la sant\u00e9 du cerveau \u00e0 une fraction du prix par rapport au leader national brands.<\/p>","protected":false},"excerpt":{"rendered":"<p>Suppl\u00e9ment nutritionnel v\u00e9g\u00e9talien pour un cerveau sain et le soutien de la m\u00e9moire Swanson Pure Brainpower contenant du Ginkgo Biloba, du Bacognize Bacopa monnieri et de l'extrait de baies de caf\u00e9. Certification v\u00e9g\u00e9talienne. Contenu : 60 g\u00e9lules v\u00e9g\u00e9taliennes.<\/p>","protected":false},"featured_media":53897,"comment_status":"closed","ping_status":"closed","template":"","meta":{"advanced_seo_description":"","jetpack_seo_html_title":"","jetpack_seo_noindex":false},"pwb-brand":[450],"product_brand":[4753],"product_cat":[2599,294,143],"product_tag":[1221,855,1223],"class_list":{"0":"post-9150","1":"product","2":"type-product","3":"status-publish","4":"has-post-thumbnail","6":"pwb-brand-swanson","7":"product_brand-swanson","8":"product_cat-brain-and-memory","9":"product_cat-for-seniors","10":"product_cat-health-issues","11":"product_tag-brain","12":"product_tag-for-seniors","13":"product_tag-memory","14":"brand_woo-swanson","16":"first","17":"outofstock","18":"taxable","19":"shipping-taxable","20":"purchasable","21":"product-type-simple"},"jetpack_sharing_enabled":true,"brands":[{"id":450,"name":"Swanson","slug":"swanson"}],"_links":{"self":[{"href":"https:\/\/veganova.eu\/fr\/wp-json\/wp\/v2\/product\/9150","targetHints":{"allow":["GET"]}}],"collection":[{"href":"https:\/\/veganova.eu\/fr\/wp-json\/wp\/v2\/product"}],"about":[{"href":"https:\/\/veganova.eu\/fr\/wp-json\/wp\/v2\/types\/product"}],"replies":[{"embeddable":true,"href":"https:\/\/veganova.eu\/fr\/wp-json\/wp\/v2\/comments?post=9150"}],"version-history":[{"count":1,"href":"https:\/\/veganova.eu\/fr\/wp-json\/wp\/v2\/product\/9150\/revisions"}],"predecessor-version":[{"id":58834,"href":"https:\/\/veganova.eu\/fr\/wp-json\/wp\/v2\/product\/9150\/revisions\/58834"}],"wp:featuredmedia":[{"embeddable":true,"href":"https:\/\/veganova.eu\/fr\/wp-json\/wp\/v2\/media\/53897"}],"wp:attachment":[{"href":"https:\/\/veganova.eu\/fr\/wp-json\/wp\/v2\/media?parent=9150"}],"wp:term":[{"taxonomy":"pwb-brand","embeddable":true,"href":"https:\/\/veganova.eu\/fr\/wp-json\/wp\/v2\/pwb-brand?post=9150"},{"taxonomy":"product_brand","embeddable":true,"href":"https:\/\/veganova.eu\/fr\/wp-json\/wp\/v2\/product_brand?post=9150"},{"taxonomy":"product_cat","embeddable":true,"href":"https:\/\/veganova.eu\/fr\/wp-json\/wp\/v2\/product_cat?post=9150"},{"taxonomy":"product_tag","embeddable":true,"href":"https:\/\/veganova.eu\/fr\/wp-json\/wp\/v2\/product_tag?post=9150"}],"curies":[{"name":"wp","href":"https:\/\/api.w.org\/{rel}","templated":true}]}}