{"id":9238,"date":"2023-10-01T17:14:40","date_gmt":"2023-10-01T15:14:40","guid":{"rendered":"https:\/\/veganova.eu\/?post_type=product&#038;p=9238"},"modified":"2026-04-21T07:25:22","modified_gmt":"2026-04-21T05:25:22","slug":"allnutrition-vit-d3-4000-drops-30-ml","status":"publish","type":"product","link":"https:\/\/veganova.eu\/fr\/shop\/allnutrition-vit-d3-4000-drops-30-ml\/","title":{"rendered":"Allnutrition Vit D3 4000 gouttes - 30 ml."},"content":{"rendered":"<h3>Allnutrition Vit D3 4000 gouttes - 30 ml.<\/h3>\n<p>Vitamin D3 4000 DROPS est un compl\u00e9ment alimentaire sous forme liquide qui compl\u00e8te l'alimentation quotidienne en vitamine D, qui favorise le bon fonctionnement du syst\u00e8me immunitaire. Elle est naturellement produite par l'organisme lorsqu'il est expos\u00e9 \u00e0 la lumi\u00e8re directe du soleil. Cependant, l'exposition aux UV et la synth\u00e8se de la vitamine D3 d\u00e9pendent de nombreux facteurs (saison, \u00e2ge, couleur de peau).<\/p>\n<p>La vitamine D favorise l'absorption du calcium et du phosphore, contribue \u00e0 la sant\u00e9 des os et des dents et a un effet b\u00e9n\u00e9fique sur le bon fonctionnement des muscles et du syst\u00e8me immunitaire.<\/p>\n<p>La vitamine D se pr\u00e9sente sous deux formes : le chol\u00e9calcif\u00e9rol (synth\u00e9tis\u00e9 dans la peau ou obtenu \u00e0 partir de l'alimentation) et l'ergocalcif\u00e9rol (form\u00e9 \u00e0 partir de l'ergost\u00e9rol pr\u00e9sent dans la levure et les champignons). Ce sont les substances de d\u00e9part qui sont transform\u00e9es dans l'organisme en compos\u00e9s actifs ayant des effets semblables \u00e0 ceux des hormones.<\/p>","protected":false},"excerpt":{"rendered":"<p>Compl\u00e9ment alimentaire v\u00e9g\u00e9talien contenant de la vitamine D3 Allnutrition Vit D3 4000 Drops sous forme de gouttes liquides. La vitamine D3 soutient l'immunit\u00e9. Contenu de l'emballage : 30ml.<\/p>","protected":false},"featured_media":52544,"comment_status":"closed","ping_status":"closed","template":"","meta":{"advanced_seo_description":"","jetpack_seo_html_title":"","jetpack_seo_noindex":false},"pwb-brand":[475],"product_brand":[4774],"product_cat":[153,152],"product_tag":[1117,1486,1487],"class_list":{"0":"post-9238","1":"product","2":"type-product","3":"status-publish","4":"has-post-thumbnail","6":"pwb-brand-allnutrition","7":"product_brand-allnutrition","8":"product_cat-vitamins","9":"product_cat-vitamins-and-minerals","10":"product_tag-immunity","11":"product_tag-strong-bones","12":"product_tag-strong-teeth","13":"brand_woo-allnutrition","15":"first","16":"instock","17":"taxable","18":"shipping-taxable","19":"purchasable","20":"product-type-simple"},"jetpack_sharing_enabled":true,"brands":[{"id":475,"name":"Allnutrition","slug":"allnutrition"}],"_links":{"self":[{"href":"https:\/\/veganova.eu\/fr\/wp-json\/wp\/v2\/product\/9238","targetHints":{"allow":["GET"]}}],"collection":[{"href":"https:\/\/veganova.eu\/fr\/wp-json\/wp\/v2\/product"}],"about":[{"href":"https:\/\/veganova.eu\/fr\/wp-json\/wp\/v2\/types\/product"}],"replies":[{"embeddable":true,"href":"https:\/\/veganova.eu\/fr\/wp-json\/wp\/v2\/comments?post=9238"}],"version-history":[{"count":1,"href":"https:\/\/veganova.eu\/fr\/wp-json\/wp\/v2\/product\/9238\/revisions"}],"predecessor-version":[{"id":58871,"href":"https:\/\/veganova.eu\/fr\/wp-json\/wp\/v2\/product\/9238\/revisions\/58871"}],"wp:featuredmedia":[{"embeddable":true,"href":"https:\/\/veganova.eu\/fr\/wp-json\/wp\/v2\/media\/52544"}],"wp:attachment":[{"href":"https:\/\/veganova.eu\/fr\/wp-json\/wp\/v2\/media?parent=9238"}],"wp:term":[{"taxonomy":"pwb-brand","embeddable":true,"href":"https:\/\/veganova.eu\/fr\/wp-json\/wp\/v2\/pwb-brand?post=9238"},{"taxonomy":"product_brand","embeddable":true,"href":"https:\/\/veganova.eu\/fr\/wp-json\/wp\/v2\/product_brand?post=9238"},{"taxonomy":"product_cat","embeddable":true,"href":"https:\/\/veganova.eu\/fr\/wp-json\/wp\/v2\/product_cat?post=9238"},{"taxonomy":"product_tag","embeddable":true,"href":"https:\/\/veganova.eu\/fr\/wp-json\/wp\/v2\/product_tag?post=9238"}],"curies":[{"name":"wp","href":"https:\/\/api.w.org\/{rel}","templated":true}]}}