{"id":15683,"date":"2023-12-20T17:32:00","date_gmt":"2023-12-20T16:32:00","guid":{"rendered":"https:\/\/veganova.eu\/?post_type=product&#038;p=15683"},"modified":"2026-04-21T07:25:48","modified_gmt":"2026-04-21T05:25:48","slug":"holland-barrett-high-strength-complete-vit-b-complex-energy-120-tabs","status":"publish","type":"product","link":"https:\/\/veganova.eu\/hr\/shop\/holland-barrett-high-strength-complete-vit-b-complex-energy-120-tabs\/","title":{"rendered":"Holland &amp; Barrett High Strength Complete Vit B Complex Energy \u2013 120 tableta"},"content":{"rendered":"<h3>Holland &amp; Barrett High Strength Complete Vit B Complex Energy<\/h3>\n<ul>\n<li><span class=\"HwtZe\" lang=\"sk\"><span class=\"jCAhz ChMk0b\"><span class=\"ryNqvb\"> Izvrstan izvor vitamina B, uklju\u010duju\u0107i tiamin (B1), riboflavin (B2), niacin (B3), vitamine B6 i B12<\/span><\/span><\/span><\/li>\n<li><span class=\"HwtZe\" lang=\"en\"> <span class=\"jCAhz ChMk0b\"><span class=\"ryNqvb\">B vitamini podupiru normalan energetski metabolizam i pridonose smanjenju umora i iscrpljenosti<\/span><\/span><br \/>\n<\/span><\/li>\n<li><span class=\"HwtZe\" lang=\"en\"><span class=\"jCAhz ChMk0b\"><span class=\"ryNqvb\">Pogodno za vegetarijance i vegane<\/span><br \/>\n<\/span><\/span><\/li>\n<\/ul>\n<p><strong>Sastojci:<\/strong><\/p>\n<p>Stabilizator (kalcijev karbonat), sredstva za pove\u0107anje volumena (mikrokristalinska celuloza, dikalcijev fosfat), kolin bitartrat, inozitol, pantotenska kiselina (kao d-kalcijev pantotenat), tvari protiv zgrudnjavanja (stearinska kiselina, silicijev dioksid, magnezijev stearat), maltodekstrin, PABA (paraaminobenzojeva kiselina) Kiselina) Niacin (kao nikotinamid), riboflavin (vitamin B2), vitamin B6 (kao piridoksin hidroklorid), tvar za u\u010dvr\u0161\u0107ivanje (povidon), tiamin mononitrat, agensi za glaziranje (hidroksipropil metilceluloza, glicerin, camauba vosak), folna kiselina, biotin (kao d-biotin) ), vitamin B12 (kao cijanokobalamin)<\/p>","protected":false},"excerpt":{"rendered":"<p>Vegan B-complex Holland &amp; Barrett High Strength Complete Vit B Complex Energy pogodan je za proizvodnju energije i pravilan metabolizam. B vitamini pogodni su za zdravu ko\u017eu, kosu, nokte, psihu, a pogodni su i za trudnice i pravilan razvoj ploda. Certifikacija: Vegan. Sadr\u017eaj pakiranja: 120 tableta.<\/p>","protected":false},"featured_media":51809,"comment_status":"closed","ping_status":"closed","template":"","meta":{"advanced_seo_description":"","jetpack_seo_html_title":"","jetpack_seo_noindex":false},"pwb-brand":[1087],"product_brand":[4936],"product_cat":[153,152],"product_tag":[860,1094],"class_list":{"0":"post-15683","1":"product","2":"type-product","3":"status-publish","4":"has-post-thumbnail","6":"pwb-brand-holland-barrett","7":"product_brand-holland-barrett","8":"product_cat-vitamins","9":"product_cat-vitamins-and-minerals","10":"product_tag-energy","11":"product_tag-metabolism","12":"brand_woo-holland-barrett","14":"first","15":"instock","16":"taxable","17":"shipping-taxable","18":"purchasable","19":"product-type-simple"},"jetpack_sharing_enabled":true,"brands":[{"id":1087,"name":"Holland &amp; Barrett","slug":"holland-barrett"}],"_links":{"self":[{"href":"https:\/\/veganova.eu\/hr\/wp-json\/wp\/v2\/product\/15683","targetHints":{"allow":["GET"]}}],"collection":[{"href":"https:\/\/veganova.eu\/hr\/wp-json\/wp\/v2\/product"}],"about":[{"href":"https:\/\/veganova.eu\/hr\/wp-json\/wp\/v2\/types\/product"}],"replies":[{"embeddable":true,"href":"https:\/\/veganova.eu\/hr\/wp-json\/wp\/v2\/comments?post=15683"}],"version-history":[{"count":1,"href":"https:\/\/veganova.eu\/hr\/wp-json\/wp\/v2\/product\/15683\/revisions"}],"predecessor-version":[{"id":59158,"href":"https:\/\/veganova.eu\/hr\/wp-json\/wp\/v2\/product\/15683\/revisions\/59158"}],"wp:featuredmedia":[{"embeddable":true,"href":"https:\/\/veganova.eu\/hr\/wp-json\/wp\/v2\/media\/51809"}],"wp:attachment":[{"href":"https:\/\/veganova.eu\/hr\/wp-json\/wp\/v2\/media?parent=15683"}],"wp:term":[{"taxonomy":"pwb-brand","embeddable":true,"href":"https:\/\/veganova.eu\/hr\/wp-json\/wp\/v2\/pwb-brand?post=15683"},{"taxonomy":"product_brand","embeddable":true,"href":"https:\/\/veganova.eu\/hr\/wp-json\/wp\/v2\/product_brand?post=15683"},{"taxonomy":"product_cat","embeddable":true,"href":"https:\/\/veganova.eu\/hr\/wp-json\/wp\/v2\/product_cat?post=15683"},{"taxonomy":"product_tag","embeddable":true,"href":"https:\/\/veganova.eu\/hr\/wp-json\/wp\/v2\/product_tag?post=15683"}],"curies":[{"name":"wp","href":"https:\/\/api.w.org\/{rel}","templated":true}]}}