{"id":15709,"date":"2023-12-20T17:33:00","date_gmt":"2023-12-20T16:33:00","guid":{"rendered":"https:\/\/veganova.eu\/?post_type=product&#038;p=15709"},"modified":"2026-04-21T07:25:48","modified_gmt":"2026-04-21T05:25:48","slug":"holland-barrett-marine-collagen-with-vitamin-c-90-tablets","status":"publish","type":"product","link":"https:\/\/veganova.eu\/hr\/shop\/holland-barrett-marine-collagen-with-vitamin-c-90-tablets\/","title":{"rendered":"Holland &amp; Barrett morski kolagen s vitaminom C \u2013 90 tableta"},"content":{"rendered":"<h3 class=\"Overview-module_title__2E6-J\">Holland &amp; Barrett Marine Collagen with Vitamin C: morski kolagen s vitaminom C<\/h3>\n<p><span class=\"HwtZe\" lang=\"en\"><span class=\"jCAhz ChMk0b\"><span class=\"ryNqvb\">Vitamin C doprinosi normalnoj proizvodnji kolagena.<\/span><\/span> <\/span><\/p>\n<p><span class=\"HwtZe\" lang=\"en\"><span class=\"jCAhz ChMk0b\"><span class=\"ryNqvb\">Kolagen je protein koji podr\u017eava klju\u010dna podru\u010dja va\u0161eg tijela, uklju\u010duju\u0107i ko\u017eu, kosti, zube, desni, krvne \u017eile i zglobove.<\/span><\/span> <span class=\"jCAhz ChMk0b\"><span class=\"ryNqvb\">Me\u0111utim, sinteza kolagena (proces kombiniranja razli\u010ditih aminokiselina i komponenti za stvaranje novog kolagena) u tijelu po\u010dinje opadati kako starimo. <\/span><\/span><\/span><\/p>\n<p><span class=\"HwtZe\" lang=\"sk\"><span class=\"jCAhz ChMk0b\"><span class=\"ryNqvb\">Morski kolagen Holland &amp; Barrett s vitaminom C poma\u017ee odr\u017eati va\u0161u ko\u017eu zdravom.<\/span><\/span> <span class=\"jCAhz ChMk0b\"><span class=\"ryNqvb\">Ovi dodaci tako\u0111er sadr\u017ee vitamin C, koji doprinosi normalnoj proizvodnji kolagena za normalno funkcioniranje ko\u017ee.<\/span><\/span> <span class=\"jCAhz ChMk0b\"><span class=\"ryNqvb\">Vitamin C tako\u0111er poma\u017ee va\u0161em imunolo\u0161kom sustavu, normalnoj mentalnoj aktivnosti i normalnom metabolizmu energije.<br \/>\n<\/span><\/span><\/span><\/p>\n<p><strong>Sastojci:<\/strong> Morski kolagen <b>(Riba)<\/b>, Sredstvo za pove\u0107anje volumena (mikrokristalna celuloza), vitamin C (kao askorbinska kiselina), sredstva za glaziranje (hidroksipropil metilceluloza, glicerol), sredstva protiv zgrudnjavanja (magnezijev stearat, silicijev dioksid).<\/p>","protected":false},"excerpt":{"rendered":"<p>Marine collagen with vitamin C in tablets Holland &amp; Barrett Marine Collagen with Vitamin C is an ideal supplement for healthy skin, joints, bones, teeth and blood vessels. Package contents: 90 tablets.<\/p>","protected":false},"featured_media":51771,"comment_status":"closed","ping_status":"closed","template":"","meta":{"advanced_seo_description":"","jetpack_seo_html_title":"","jetpack_seo_noindex":false},"pwb-brand":[1087],"product_brand":[4936],"product_cat":[688,684,284,152],"product_tag":[1128,1134,1135,1042,1122,1058,1136],"class_list":{"0":"post-15709","1":"product","2":"type-product","3":"status-publish","4":"has-post-thumbnail","6":"pwb-brand-holland-barrett","7":"product_brand-holland-barrett","8":"product_cat-beauty-supplements","9":"product_cat-clean-beauty","10":"product_cat-trace-elements","11":"product_cat-vitamins-and-minerals","12":"product_tag-beauty","13":"product_tag-collagen","14":"product_tag-collagen-production","15":"product_tag-healthy-blood-vessels","16":"product_tag-healthy-bones","17":"product_tag-healthy-skin","18":"product_tag-healthy-teeth","19":"brand_woo-holland-barrett","21":"first","22":"outofstock","23":"taxable","24":"shipping-taxable","25":"purchasable","26":"product-type-simple"},"jetpack_sharing_enabled":true,"brands":[{"id":1087,"name":"Holland &amp; Barrett","slug":"holland-barrett"}],"_links":{"self":[{"href":"https:\/\/veganova.eu\/hr\/wp-json\/wp\/v2\/product\/15709","targetHints":{"allow":["GET"]}}],"collection":[{"href":"https:\/\/veganova.eu\/hr\/wp-json\/wp\/v2\/product"}],"about":[{"href":"https:\/\/veganova.eu\/hr\/wp-json\/wp\/v2\/types\/product"}],"replies":[{"embeddable":true,"href":"https:\/\/veganova.eu\/hr\/wp-json\/wp\/v2\/comments?post=15709"}],"version-history":[{"count":1,"href":"https:\/\/veganova.eu\/hr\/wp-json\/wp\/v2\/product\/15709\/revisions"}],"predecessor-version":[{"id":55955,"href":"https:\/\/veganova.eu\/hr\/wp-json\/wp\/v2\/product\/15709\/revisions\/55955"}],"wp:featuredmedia":[{"embeddable":true,"href":"https:\/\/veganova.eu\/hr\/wp-json\/wp\/v2\/media\/51771"}],"wp:attachment":[{"href":"https:\/\/veganova.eu\/hr\/wp-json\/wp\/v2\/media?parent=15709"}],"wp:term":[{"taxonomy":"pwb-brand","embeddable":true,"href":"https:\/\/veganova.eu\/hr\/wp-json\/wp\/v2\/pwb-brand?post=15709"},{"taxonomy":"product_brand","embeddable":true,"href":"https:\/\/veganova.eu\/hr\/wp-json\/wp\/v2\/product_brand?post=15709"},{"taxonomy":"product_cat","embeddable":true,"href":"https:\/\/veganova.eu\/hr\/wp-json\/wp\/v2\/product_cat?post=15709"},{"taxonomy":"product_tag","embeddable":true,"href":"https:\/\/veganova.eu\/hr\/wp-json\/wp\/v2\/product_tag?post=15709"}],"curies":[{"name":"wp","href":"https:\/\/api.w.org\/{rel}","templated":true}]}}