{"id":2745,"date":"2023-10-01T17:01:17","date_gmt":"2023-10-01T15:01:17","guid":{"rendered":"https:\/\/veganova.eu\/?post_type=product&#038;p=2745"},"modified":"2026-04-26T02:21:33","modified_gmt":"2026-04-26T00:21:33","slug":"doctors-best-fully-active-b-complex-with-quatrefolic-30-kaps","status":"publish","type":"product","link":"https:\/\/veganova.eu\/hr\/shop\/doctors-best-fully-active-b-complex-with-quatrefolic-30-kaps\/","title":{"rendered":"Doctor&#039;s Best potpuno aktivni B-kompleks s Quatrefolicom (30 kapsula)"},"content":{"rendered":"<h3>Doctor&#039;s Best potpuno aktivni B-kompleks s Quatrefolicom<\/h3>\n<ul>\n<li>Doctor&#039;s Best Fully Active B Complex daje energiju i poma\u017ee u no\u0161enju sa stresom.<\/li>\n<li>B vitamini su neophodni za proizvodnju energije iz hrane te za stvaranje i odr\u017eavanje zdrave DNK, gena, stanica, tkiva, organa i funkcija enzima.<\/li>\n<li>B vitamini su osnova \u017eivota; ljudi ih ne mogu proizvesti, pa ih moramo unositi prehranom.<\/li>\n<li>Doctor&#039;s Best Fully Active B Complex osigurava samo najbolje iskoristive oblike vitamina B. To uklju\u010duje potpuno aktivni folat, najaktivniji folat u tijelu i MTHF (metil-tetra-hidro-folat). Osigurava potpuno aktivni vitamin B12 u obliku metilkobalamina (metil-B12), koji poma\u017ee u osiguravanju izvrsne oralne apsorpcije.<\/li>\n<li>Best Fully Active B Complex je dodatak vitamina B cijelog spektra, pa\u017eljivo dizajniran za optimalnu apsorpciju i iskori\u0161tavanje.<\/li>\n<li>Ova formulacija sadr\u017ei vitamine B u njihovom najsigurnijem, najbolje podno\u0161ljivom i biokemijski najaktivnijem obliku.<\/li>\n<\/ul>","protected":false},"excerpt":{"rendered":"<p>Veganski dodatak prehrani Doctor&#039;s Best Fully Active B-Complex with Quatrefolic predstavlja kompleks vitamina skupine B u njihovom najaktivnijem obliku. Ne sadr\u017ei gluten i ne sadr\u017ei GMO. Pakiranje sadr\u017ei: 30 kapsula.<\/p>","protected":false},"featured_media":51677,"comment_status":"closed","ping_status":"closed","template":"","meta":{"advanced_seo_description":"","jetpack_seo_html_title":"","jetpack_seo_noindex":false},"pwb-brand":[147],"product_brand":[4565],"product_cat":[153,152],"product_tag":[860,1094,1150],"class_list":{"0":"post-2745","1":"product","2":"type-product","3":"status-publish","4":"has-post-thumbnail","6":"pwb-brand-doctors-best","7":"product_brand-doctors-best","8":"product_cat-vitamins","9":"product_cat-vitamins-and-minerals","10":"product_tag-energy","11":"product_tag-metabolism","12":"product_tag-nervous-system","13":"brand_woo-doctors-best","15":"first","16":"instock","17":"taxable","18":"shipping-taxable","19":"purchasable","20":"product-type-simple"},"jetpack_sharing_enabled":true,"brands":[{"id":147,"name":"Doctor&#039;s Best","slug":"doctors-best"}],"_links":{"self":[{"href":"https:\/\/veganova.eu\/hr\/wp-json\/wp\/v2\/product\/2745","targetHints":{"allow":["GET"]}}],"collection":[{"href":"https:\/\/veganova.eu\/hr\/wp-json\/wp\/v2\/product"}],"about":[{"href":"https:\/\/veganova.eu\/hr\/wp-json\/wp\/v2\/types\/product"}],"replies":[{"embeddable":true,"href":"https:\/\/veganova.eu\/hr\/wp-json\/wp\/v2\/comments?post=2745"}],"version-history":[{"count":1,"href":"https:\/\/veganova.eu\/hr\/wp-json\/wp\/v2\/product\/2745\/revisions"}],"predecessor-version":[{"id":57309,"href":"https:\/\/veganova.eu\/hr\/wp-json\/wp\/v2\/product\/2745\/revisions\/57309"}],"wp:featuredmedia":[{"embeddable":true,"href":"https:\/\/veganova.eu\/hr\/wp-json\/wp\/v2\/media\/51677"}],"wp:attachment":[{"href":"https:\/\/veganova.eu\/hr\/wp-json\/wp\/v2\/media?parent=2745"}],"wp:term":[{"taxonomy":"pwb-brand","embeddable":true,"href":"https:\/\/veganova.eu\/hr\/wp-json\/wp\/v2\/pwb-brand?post=2745"},{"taxonomy":"product_brand","embeddable":true,"href":"https:\/\/veganova.eu\/hr\/wp-json\/wp\/v2\/product_brand?post=2745"},{"taxonomy":"product_cat","embeddable":true,"href":"https:\/\/veganova.eu\/hr\/wp-json\/wp\/v2\/product_cat?post=2745"},{"taxonomy":"product_tag","embeddable":true,"href":"https:\/\/veganova.eu\/hr\/wp-json\/wp\/v2\/product_tag?post=2745"}],"curies":[{"name":"wp","href":"https:\/\/api.w.org\/{rel}","templated":true}]}}