{"id":2934,"date":"2023-10-01T17:02:36","date_gmt":"2023-10-01T15:02:36","guid":{"rendered":"https:\/\/veganova.eu\/?post_type=product&#038;p=2934"},"modified":"2026-04-21T07:23:35","modified_gmt":"2026-04-21T05:23:35","slug":"doctors-best-high-absorption-coq10-with-bioperine-200mg-180-kaps","status":"publish","type":"product","link":"https:\/\/veganova.eu\/hr\/shop\/doctors-best-high-absorption-coq10-with-bioperine-200mg-180-kaps\/","title":{"rendered":"Doctor&#039;s Best CoQ10 visoke apsorpcije s BioPerineom, 200 mg (180 kapsula)"},"content":{"rendered":"<h3>Doctor&#039;s Best CoQ10 visoke apsorpcije s BioPerineom, 200 mg (180 kapsula)<\/h3>\n<p>Doctor&#039;s Best High Absorption CoQ10 sadr\u017ei \u010disti koenzim Q10 (ubikinon) plus BioPerine. CoQ10 poma\u017ee pri radu srca i vitalan je za proizvodnju ATP-a (adenozin trifosfata), osobito u srcu. Stres, slobodni radikali, statini i starenje mogu utjecati na razinu CoQ10. CoQ10 je vrlo va\u017ean za stvaranje energije, kontrakciju mi\u0161i\u0107a i sintezu proteina. Istra\u017eivanja su pokazala da BioPerine pove\u0107ava apsorpciju CoQ10.<\/p>\n<p>Poma\u017ee u odr\u017eavanju zdravlja srca i stani\u010dne energije.<br \/>\nPoma\u017ee obnoviti CoQ10 koji se mo\u017ee smanjiti starenjem i lijekovima statinima.<br \/>\nFormulirano s ekstraktom crnog papra BioPerine za pobolj\u0161anje apsorpcije i bioraspolo\u017eivosti.<\/p>","protected":false},"excerpt":{"rendered":"<p>dodatak prehrani koji sadr\u017ei koenzim Q10 Doctor&#039;s Best High Absorption CoQ10 s BioPerineom, 200 mg za podr\u0161ku zdravom srcu i krvnim \u017eilama. Pakiranje sadr\u017ei: 180 kapsula. Bez glutena.<\/p>","protected":false},"featured_media":53233,"comment_status":"closed","ping_status":"closed","template":"","meta":{"advanced_seo_description":"","jetpack_seo_html_title":"","jetpack_seo_noindex":false},"pwb-brand":[147],"product_brand":[4565],"product_cat":[688,2600,2591,284,152],"product_tag":[1159,1167,1158,1052,1133],"class_list":{"0":"post-2934","1":"product","2":"type-product","3":"status-publish","4":"has-post-thumbnail","6":"pwb-brand-doctors-best","7":"product_brand-doctors-best","8":"product_cat-beauty-supplements","9":"product_cat-inflammation","10":"product_cat-liver","11":"product_cat-trace-elements","12":"product_cat-vitamins-and-minerals","13":"product_tag-aging","14":"product_tag-blood-vessels","15":"product_tag-heart","16":"product_tag-pigment-spots","17":"product_tag-wrinkles","18":"brand_woo-doctors-best","20":"first","21":"instock","22":"taxable","23":"shipping-taxable","24":"purchasable","25":"product-type-simple"},"jetpack_sharing_enabled":true,"brands":[{"id":147,"name":"Doctor&#039;s Best","slug":"doctors-best"}],"_links":{"self":[{"href":"https:\/\/veganova.eu\/hr\/wp-json\/wp\/v2\/product\/2934","targetHints":{"allow":["GET"]}}],"collection":[{"href":"https:\/\/veganova.eu\/hr\/wp-json\/wp\/v2\/product"}],"about":[{"href":"https:\/\/veganova.eu\/hr\/wp-json\/wp\/v2\/types\/product"}],"replies":[{"embeddable":true,"href":"https:\/\/veganova.eu\/hr\/wp-json\/wp\/v2\/comments?post=2934"}],"version-history":[{"count":1,"href":"https:\/\/veganova.eu\/hr\/wp-json\/wp\/v2\/product\/2934\/revisions"}],"predecessor-version":[{"id":57471,"href":"https:\/\/veganova.eu\/hr\/wp-json\/wp\/v2\/product\/2934\/revisions\/57471"}],"wp:featuredmedia":[{"embeddable":true,"href":"https:\/\/veganova.eu\/hr\/wp-json\/wp\/v2\/media\/53233"}],"wp:attachment":[{"href":"https:\/\/veganova.eu\/hr\/wp-json\/wp\/v2\/media?parent=2934"}],"wp:term":[{"taxonomy":"pwb-brand","embeddable":true,"href":"https:\/\/veganova.eu\/hr\/wp-json\/wp\/v2\/pwb-brand?post=2934"},{"taxonomy":"product_brand","embeddable":true,"href":"https:\/\/veganova.eu\/hr\/wp-json\/wp\/v2\/product_brand?post=2934"},{"taxonomy":"product_cat","embeddable":true,"href":"https:\/\/veganova.eu\/hr\/wp-json\/wp\/v2\/product_cat?post=2934"},{"taxonomy":"product_tag","embeddable":true,"href":"https:\/\/veganova.eu\/hr\/wp-json\/wp\/v2\/product_tag?post=2934"}],"curies":[{"name":"wp","href":"https:\/\/api.w.org\/{rel}","templated":true}]}}