{"id":2955,"date":"2023-10-01T17:02:39","date_gmt":"2023-10-01T15:02:39","guid":{"rendered":"https:\/\/veganova.eu\/?post_type=product&#038;p=2955"},"modified":"2026-04-21T07:23:36","modified_gmt":"2026-04-21T05:23:36","slug":"doctors-best-msm-with-optimsm-vegan-powder-250g","status":"publish","type":"product","link":"https:\/\/veganova.eu\/hr\/shop\/doctors-best-msm-with-optimsm-vegan-powder-250g\/","title":{"rendered":"Doctor&#039;s Best MSM s OptiMSM Vegan, u prahu (250 g)"},"content":{"rendered":"<h3>Doctor&#039;s Best MSM s OptiMSM Vegan, u prahu (250 g)<\/h3>\n<p>Znanstveno utemeljena prehrana<br \/>\nPodr\u017eava zglobove, \u017eivu kosu, ko\u017eu i nokte<br \/>\nDodatak prehrani<br \/>\nveganska<br \/>\nBez GMO \/ bez glutena \/ bez soje<\/p>\n<p>MSM s OptiMSM daje sumpor poznat kao prirodni &#039;mineral ljepote&#039;. Sumpor je klju\u010dna komponenta kolagena koja podupire strukturni okvir ko\u017ee i gradivni je blok keratina, va\u017enog sastojka kose i noktiju.<\/p>\n<p>Ovaj proizvod sadr\u017ei visokokvalitetni MSM (metilsulfonilmetan) potkrijepljen brojnim klini\u010dkim studijama. MSM poma\u017ee u stvaranju zdravog vezivnog tkiva, op\u0107em zdravlju zglobova i pokretljivosti.<\/p>\n<p>Podr\u017eava:<br \/>\nOp\u0107enito zdravlje za \u017eivu kosu, ko\u017eu i nokte<br \/>\nUdobnost i mobilnost zglobova<br \/>\nAntioksidativna obrana<\/p>","protected":false},"excerpt":{"rendered":"<p>Veganski dodatak prehrani Doctor&#039;s Best MSM s OptiMSM Vegan Powder pogodan je za zdrave zglobove (poma\u017ee pro\u0161iriti asortiman), zdravu ko\u017eu, kosu i nokte. Poma\u017ee smanjiti u\u010dinke oksidativnog stresa. Pakiranje sadr\u017ei: 250g. Bez glutena i GMO-a.<\/p>","protected":false},"featured_media":53231,"comment_status":"closed","ping_status":"closed","template":"","meta":{"advanced_seo_description":"","jetpack_seo_html_title":"","jetpack_seo_noindex":false},"pwb-brand":[147],"product_brand":[4565],"product_cat":[284,152],"product_tag":[1238],"class_list":{"0":"post-2955","1":"product","2":"type-product","3":"status-publish","4":"has-post-thumbnail","6":"pwb-brand-doctors-best","7":"product_brand-doctors-best","8":"product_cat-trace-elements","9":"product_cat-vitamins-and-minerals","10":"product_tag-flexibility","11":"brand_woo-doctors-best","13":"first","14":"instock","15":"taxable","16":"shipping-taxable","17":"purchasable","18":"product-type-simple"},"jetpack_sharing_enabled":true,"brands":[{"id":147,"name":"Doctor&#039;s Best","slug":"doctors-best"}],"_links":{"self":[{"href":"https:\/\/veganova.eu\/hr\/wp-json\/wp\/v2\/product\/2955","targetHints":{"allow":["GET"]}}],"collection":[{"href":"https:\/\/veganova.eu\/hr\/wp-json\/wp\/v2\/product"}],"about":[{"href":"https:\/\/veganova.eu\/hr\/wp-json\/wp\/v2\/types\/product"}],"replies":[{"embeddable":true,"href":"https:\/\/veganova.eu\/hr\/wp-json\/wp\/v2\/comments?post=2955"}],"version-history":[{"count":1,"href":"https:\/\/veganova.eu\/hr\/wp-json\/wp\/v2\/product\/2955\/revisions"}],"predecessor-version":[{"id":57477,"href":"https:\/\/veganova.eu\/hr\/wp-json\/wp\/v2\/product\/2955\/revisions\/57477"}],"wp:featuredmedia":[{"embeddable":true,"href":"https:\/\/veganova.eu\/hr\/wp-json\/wp\/v2\/media\/53231"}],"wp:attachment":[{"href":"https:\/\/veganova.eu\/hr\/wp-json\/wp\/v2\/media?parent=2955"}],"wp:term":[{"taxonomy":"pwb-brand","embeddable":true,"href":"https:\/\/veganova.eu\/hr\/wp-json\/wp\/v2\/pwb-brand?post=2955"},{"taxonomy":"product_brand","embeddable":true,"href":"https:\/\/veganova.eu\/hr\/wp-json\/wp\/v2\/product_brand?post=2955"},{"taxonomy":"product_cat","embeddable":true,"href":"https:\/\/veganova.eu\/hr\/wp-json\/wp\/v2\/product_cat?post=2955"},{"taxonomy":"product_tag","embeddable":true,"href":"https:\/\/veganova.eu\/hr\/wp-json\/wp\/v2\/product_tag?post=2955"}],"curies":[{"name":"wp","href":"https:\/\/api.w.org\/{rel}","templated":true}]}}