{"id":3159,"date":"2023-10-01T17:03:51","date_gmt":"2023-10-01T15:03:51","guid":{"rendered":"https:\/\/veganova.eu\/?post_type=product&#038;p=3159"},"modified":"2026-04-21T07:23:47","modified_gmt":"2026-04-21T05:23:47","slug":"jarrow-formulas-dim-cdg-30-kaps","status":"publish","type":"product","link":"https:\/\/veganova.eu\/hr\/shop\/jarrow-formulas-dim-cdg-30-kaps\/","title":{"rendered":"Jarrow Formulas DIM + CDG (30 kapsula)"},"content":{"rendered":"<h3>Jarrow Formulas DIM + CDG (30 kapsula)<\/h3>\n<p>\u0160to radi DIM + CDG?<br \/>\nDIM + CDG podr\u017eava vi\u0161e puteva detoksikacije uklju\u010denih u zdravu hormonsku regulaciju. Kalcijev D-glukarat (CDG) podr\u017eava glukuronidaciju, \u0161to je va\u017ean put u detoksikaciji. BioResponse DIM osigurava diindolilmetan (DIM), koji je tako\u0111er uklju\u010den u prirodni proces detoksikacije jetre. DIM + CDG podr\u017eava zdravu ravnote\u017eu estrogena i testosterona kod \u017eena i mu\u0161karaca.<\/p>","protected":false},"excerpt":{"rendered":"<p>Vegetarijanski dodatak prehrani Jarrow Formulas DIM CDG prikladan je za balansiranje razine hormona u tijelu. Podr\u017eava zdravu razinu estrogena i testosterona u tijelu mu\u0161karaca i \u017eena. Pakiranje sadr\u017ei: 30 vege kapsula.<\/p>","protected":false},"featured_media":53200,"comment_status":"closed","ping_status":"closed","template":"","meta":{"advanced_seo_description":"","jetpack_seo_html_title":"","jetpack_seo_noindex":false},"pwb-brand":[165],"product_brand":[4572],"product_cat":[267,143],"product_tag":[929,1260,1056],"class_list":{"0":"post-3159","1":"product","2":"type-product","3":"status-publish","4":"has-post-thumbnail","6":"pwb-brand-jarrow-formulas","7":"product_brand-jarrow-formulas","8":"product_cat-for-women","9":"product_cat-health-issues","10":"product_tag-for-women","11":"product_tag-hormonal-imbalance","12":"product_tag-hormonal-system","13":"brand_woo-jarrow-formulas","15":"first","16":"instock","17":"taxable","18":"shipping-taxable","19":"purchasable","20":"product-type-simple"},"jetpack_sharing_enabled":true,"brands":[{"id":165,"name":"Jarrow formule","slug":"jarrow-formulas"}],"_links":{"self":[{"href":"https:\/\/veganova.eu\/hr\/wp-json\/wp\/v2\/product\/3159","targetHints":{"allow":["GET"]}}],"collection":[{"href":"https:\/\/veganova.eu\/hr\/wp-json\/wp\/v2\/product"}],"about":[{"href":"https:\/\/veganova.eu\/hr\/wp-json\/wp\/v2\/types\/product"}],"replies":[{"embeddable":true,"href":"https:\/\/veganova.eu\/hr\/wp-json\/wp\/v2\/comments?post=3159"}],"version-history":[{"count":1,"href":"https:\/\/veganova.eu\/hr\/wp-json\/wp\/v2\/product\/3159\/revisions"}],"predecessor-version":[{"id":57646,"href":"https:\/\/veganova.eu\/hr\/wp-json\/wp\/v2\/product\/3159\/revisions\/57646"}],"wp:featuredmedia":[{"embeddable":true,"href":"https:\/\/veganova.eu\/hr\/wp-json\/wp\/v2\/media\/53200"}],"wp:attachment":[{"href":"https:\/\/veganova.eu\/hr\/wp-json\/wp\/v2\/media?parent=3159"}],"wp:term":[{"taxonomy":"pwb-brand","embeddable":true,"href":"https:\/\/veganova.eu\/hr\/wp-json\/wp\/v2\/pwb-brand?post=3159"},{"taxonomy":"product_brand","embeddable":true,"href":"https:\/\/veganova.eu\/hr\/wp-json\/wp\/v2\/product_brand?post=3159"},{"taxonomy":"product_cat","embeddable":true,"href":"https:\/\/veganova.eu\/hr\/wp-json\/wp\/v2\/product_cat?post=3159"},{"taxonomy":"product_tag","embeddable":true,"href":"https:\/\/veganova.eu\/hr\/wp-json\/wp\/v2\/product_tag?post=3159"}],"curies":[{"name":"wp","href":"https:\/\/api.w.org\/{rel}","templated":true}]}}