{"id":3177,"date":"2023-10-01T17:03:58","date_gmt":"2023-10-01T15:03:58","guid":{"rendered":"https:\/\/veganova.eu\/?post_type=product&#038;p=3177"},"modified":"2026-04-29T02:24:35","modified_gmt":"2026-04-29T00:24:35","slug":"jarrow-formulas-mastic-gum-60-kaps","status":"publish","type":"product","link":"https:\/\/veganova.eu\/hr\/shop\/jarrow-formulas-mastic-gum-60-kaps\/","title":{"rendered":"Jarrow Formulas Mastic Guma (60 kapsula)"},"content":{"rendered":"<h3>Jarrow Formulas Mastic Guma (60 kapsula)<\/h3>\n<p>Mastic Gum podr\u017eava zdravlje \u017eeluca i dvanaesnika. Mastic Gum podupire zdravlje \u017eelu\u010danih i duodenalnih stanica i tkiva za promicanje gastrointestinalnog zdravlja. Sadr\u017ei smolu mastike (Pistacia lentiscus), koja se tako\u0111er naziva mastiha, grmolikog drveta koje se uglavnom uzgaja u Gr\u010dkoj i Turskoj. Sastavljena od smolastog eksudata koji sadr\u017ei eteri\u010dna ulja, gumena mastika se koristi stolje\u0107ima.<\/p>","protected":false},"excerpt":{"rendered":"<p>Vegetarian nutritional supplement Jarrow Formulas Mastic Gum is suitable for a healthy environment of the digestive tract. The package contains: 60 veggie capsules.<\/p>","protected":false},"featured_media":53186,"comment_status":"closed","ping_status":"closed","template":"","meta":{"advanced_seo_description":"","jetpack_seo_html_title":"","jetpack_seo_noindex":false},"pwb-brand":[165],"product_brand":[4572],"product_cat":[596],"product_tag":[1265,1234],"class_list":{"0":"post-3177","1":"product","2":"type-product","3":"status-publish","4":"has-post-thumbnail","6":"pwb-brand-jarrow-formulas","7":"product_brand-jarrow-formulas","8":"product_cat-digestion","9":"product_tag-digestion-recovery","10":"product_tag-gut-recovery","11":"brand_woo-jarrow-formulas","13":"first","14":"instock","15":"taxable","16":"shipping-taxable","17":"purchasable","18":"product-type-simple"},"jetpack_sharing_enabled":true,"brands":[{"id":165,"name":"Jarrow formule","slug":"jarrow-formulas"}],"_links":{"self":[{"href":"https:\/\/veganova.eu\/hr\/wp-json\/wp\/v2\/product\/3177","targetHints":{"allow":["GET"]}}],"collection":[{"href":"https:\/\/veganova.eu\/hr\/wp-json\/wp\/v2\/product"}],"about":[{"href":"https:\/\/veganova.eu\/hr\/wp-json\/wp\/v2\/types\/product"}],"replies":[{"embeddable":true,"href":"https:\/\/veganova.eu\/hr\/wp-json\/wp\/v2\/comments?post=3177"}],"version-history":[{"count":1,"href":"https:\/\/veganova.eu\/hr\/wp-json\/wp\/v2\/product\/3177\/revisions"}],"predecessor-version":[{"id":57663,"href":"https:\/\/veganova.eu\/hr\/wp-json\/wp\/v2\/product\/3177\/revisions\/57663"}],"wp:featuredmedia":[{"embeddable":true,"href":"https:\/\/veganova.eu\/hr\/wp-json\/wp\/v2\/media\/53186"}],"wp:attachment":[{"href":"https:\/\/veganova.eu\/hr\/wp-json\/wp\/v2\/media?parent=3177"}],"wp:term":[{"taxonomy":"pwb-brand","embeddable":true,"href":"https:\/\/veganova.eu\/hr\/wp-json\/wp\/v2\/pwb-brand?post=3177"},{"taxonomy":"product_brand","embeddable":true,"href":"https:\/\/veganova.eu\/hr\/wp-json\/wp\/v2\/product_brand?post=3177"},{"taxonomy":"product_cat","embeddable":true,"href":"https:\/\/veganova.eu\/hr\/wp-json\/wp\/v2\/product_cat?post=3177"},{"taxonomy":"product_tag","embeddable":true,"href":"https:\/\/veganova.eu\/hr\/wp-json\/wp\/v2\/product_tag?post=3177"}],"curies":[{"name":"wp","href":"https:\/\/api.w.org\/{rel}","templated":true}]}}