{"id":3194,"date":"2023-10-01T17:04:05","date_gmt":"2023-10-01T15:04:05","guid":{"rendered":"https:\/\/veganova.eu\/?post_type=product&#038;p=3194"},"modified":"2026-04-21T07:23:49","modified_gmt":"2026-04-21T05:23:49","slug":"jarrow-formulas-same-400-30-tab","status":"publish","type":"product","link":"https:\/\/veganova.eu\/hr\/shop\/jarrow-formulas-same-400-30-tab\/","title":{"rendered":"Jarrow Formulas SAMe 400 (30 kartica)"},"content":{"rendered":"<h3>Jarrow Formulas SAMe 400 (30 kartica)<\/h3>\n<p>Jarrow Formulas SAMe 200 daje punih 200 mg SAMe (neto prinos) iz 400 mg SAMe tosilat disulfata. SAMe 200 se proizvodi na niskim temperaturama i niskoj vla\u017enosti te je oblo\u017een crijevom kako bi se osigurao biolo\u0161ki aktivan proizvod.<\/p>\n<p>S vi\u0161e biolo\u0161ki aktivnog S,S nego R,S oblika<br \/>\nProna\u0111en u svim \u017eivim stanicama, SAMe je metabolit metionina (esencijalne aminokiseline). SAMe je kiralna molekula koja se sastoji od dva oblika: (S,S) SAMe i (R,S) SAMe. Biolo\u0161ki aktivan oblik je (S,S) struktura, dok je (R,S) struktura biolo\u0161ki neaktivna. Jarrow Formulas SAMe proizvodi se mikrobiolo\u0161kom fermentacijom i potom obra\u0111uje bez kemijskih otapala kako bi se o\u010duvao 68-80% (S,S) SAMe.<\/p>\n<p>SAMe podr\u017eava:<\/p>\n<p>Mo\u017edani metabolizam i raspolo\u017eenje*<br \/>\nSAMe reakcije metilacije uklju\u010dene su u sintezu fosfatidilkolina, zna\u010dajnog sastojka sive tvari u mozgu i stani\u010dnih membrana.* Tako\u0111er je predlo\u017eeno da su uklju\u010dene<br \/>\nu stvaranju ili metabolizmu neurotransmitera, \u0161to poma\u017ee u<br \/>\npodr\u017eavaju uravnote\u017eeno raspolo\u017eenje.*<\/p>\n<p>Zdravlje zglobova*<br \/>\nSAMe podr\u017eava proizvodnju zdravog vezivnog tkiva putem transsulfuracije.* U ovom procesu transsulfuracije, kriti\u010dne komponente vezivnog tkiva poznate kao glikozaminoglikani (GAG), uklju\u010duju\u0107i glukozamin i kondroitin, sulfatirani su metabolitima SAMe da bi se dobili sulfatirani GAG, kao \u0161to su glukozamin sulfat i kondroitin sulfat, gra\u0111evni blokovi hrskavice.*<\/p>\n<p>Funkcija jetre*<br \/>\nSAMe podr\u017eava sintezu glutationa (GSH), koji je kriti\u010dan za antioksidacijsku obranu i funkcije jetre uklju\u010duju\u0107i fazu II detoksikacije.*<\/p>\n<p>Jarrow Formulas SAMe 200 pakiran je u blister foliju kako bi se pove\u0107ala stabilnost i sadr\u017ei 200 mg S-adenozil metionina dobivenog iz 400 mg SAMe tosilat disulfata.<\/p>","protected":false},"excerpt":{"rendered":"<p>Veganski dodatak prehrani Jarrow Formulas SAMe 400 pogodan je za zdrave zglobove, detoksikaciju jetre, ja\u010danje mo\u017edanih funkcija i podr\u0161ku dobrom raspolo\u017eenju. Pakiranje sadr\u017ei: 30 tableta.<\/p>","protected":false},"featured_media":11252,"comment_status":"closed","ping_status":"closed","template":"","meta":{"advanced_seo_description":"","jetpack_seo_html_title":"","jetpack_seo_noindex":false},"pwb-brand":[165],"product_brand":[4572],"product_cat":[294,143],"product_tag":[1146,1273,1272,1271],"class_list":{"0":"post-3194","1":"product","2":"type-product","3":"status-publish","4":"has-post-thumbnail","6":"pwb-brand-jarrow-formulas","7":"product_brand-jarrow-formulas","8":"product_cat-for-seniors","9":"product_cat-health-issues","10":"product_tag-good-mood","11":"product_tag-healthy-brain","12":"product_tag-healthy-joints","13":"product_tag-liver-detox","14":"brand_woo-jarrow-formulas","16":"first","17":"instock","18":"taxable","19":"shipping-taxable","20":"purchasable","21":"product-type-simple"},"jetpack_sharing_enabled":true,"brands":[{"id":165,"name":"Jarrow formule","slug":"jarrow-formulas"}],"_links":{"self":[{"href":"https:\/\/veganova.eu\/hr\/wp-json\/wp\/v2\/product\/3194","targetHints":{"allow":["GET"]}}],"collection":[{"href":"https:\/\/veganova.eu\/hr\/wp-json\/wp\/v2\/product"}],"about":[{"href":"https:\/\/veganova.eu\/hr\/wp-json\/wp\/v2\/types\/product"}],"replies":[{"embeddable":true,"href":"https:\/\/veganova.eu\/hr\/wp-json\/wp\/v2\/comments?post=3194"}],"version-history":[{"count":1,"href":"https:\/\/veganova.eu\/hr\/wp-json\/wp\/v2\/product\/3194\/revisions"}],"predecessor-version":[{"id":57680,"href":"https:\/\/veganova.eu\/hr\/wp-json\/wp\/v2\/product\/3194\/revisions\/57680"}],"wp:featuredmedia":[{"embeddable":true,"href":"https:\/\/veganova.eu\/hr\/wp-json\/wp\/v2\/media\/11252"}],"wp:attachment":[{"href":"https:\/\/veganova.eu\/hr\/wp-json\/wp\/v2\/media?parent=3194"}],"wp:term":[{"taxonomy":"pwb-brand","embeddable":true,"href":"https:\/\/veganova.eu\/hr\/wp-json\/wp\/v2\/pwb-brand?post=3194"},{"taxonomy":"product_brand","embeddable":true,"href":"https:\/\/veganova.eu\/hr\/wp-json\/wp\/v2\/product_brand?post=3194"},{"taxonomy":"product_cat","embeddable":true,"href":"https:\/\/veganova.eu\/hr\/wp-json\/wp\/v2\/product_cat?post=3194"},{"taxonomy":"product_tag","embeddable":true,"href":"https:\/\/veganova.eu\/hr\/wp-json\/wp\/v2\/product_tag?post=3194"}],"curies":[{"name":"wp","href":"https:\/\/api.w.org\/{rel}","templated":true}]}}